{"id":3807,"date":"2024-03-30T22:15:31","date_gmt":"2024-03-31T01:15:31","guid":{"rendered":"https:\/\/sorvetequente.com.br\/loja\/?post_type=product&#038;p=3807"},"modified":"2026-03-27T18:36:20","modified_gmt":"2026-03-27T21:36:20","slug":"vibrador-varinha-magica-com-20-modos-de-vibracao-recarregavel","status":"publish","type":"product","link":"https:\/\/sorvetequente.com.br\/loja\/product\/vibrador-varinha-magica-com-20-modos-de-vibracao-recarregavel\/","title":{"rendered":"Vibrador varinha m\u00e1gica 20 modos de vibra\u00e7\u00e3o recarreg\u00e1vel 20,5CM"},"content":{"rendered":"<h2>Varinha M\u00e1gica com 20,5CM na cor Vinho<\/h2>\n<p style=\"font-weight: 400\">Massageador tipo varinha m\u00e1gica, possui 20 modos de vibra\u00e7\u00e3o, 7 n\u00edveis de intensidade,<\/p>\n<p style=\"font-weight: 400\">ideal para massagear e estimular, clit\u00f3ris, seios e aliviar a tens\u00e3o.\u00a0 Resistente a \u00e1gua.<\/p>\n<p style=\"font-weight: 400\">Possui textura macia, para um maior est\u00edmulo e prazer durante seu uso.<\/p>\n<p style=\"font-weight: 400\">Flex\u00edvel para maior conforto, vibrador com n\u00edveis de intensidade.<\/p>\n<p style=\"font-weight: 400\">Produto resistente \u00e0 \u00e1gua.<\/p>\n<p style=\"font-weight: 400\">Modo de uso: Para ligar\/desligar aperte o bot\u00e3o &#8220;Power&#8221;.<\/p>\n<p style=\"font-weight: 400\">Material: Silicone.<\/p>\n<p style=\"font-weight: 400\">Tipo de bateria: Recarreg\u00e1vel via USB<\/p>\n<p style=\"font-weight: 400\">Medidas:\u00a0 20.5 cm de comprimento, 4.2 cm de di\u00e2metro (medidas aproximadas).<\/p>\n","protected":false},"excerpt":{"rendered":"<h1><span style=\"color: #ff00ff\">NO PIX R$35,99<\/span><\/h1>\n","protected":false},"featured_media":5000,"comment_status":"open","ping_status":"closed","template":"","meta":[],"product_cat":[15,76],"product_tag":[],"class_list":{"0":"post-3807","1":"product","2":"type-product","3":"status-publish","4":"has-post-thumbnail","6":"product_cat-promocoes","7":"product_cat-vibradores","9":"first","10":"instock","11":"sale","12":"shipping-taxable","13":"purchasable","14":"product-type-variable"},"group_of_quantity":0,"min_quantity":0,"max_quantity":"","exclude_order_quantity_value_rules":"no","exclude_category_quantity_rules":"no","combine_variations":"no","_links":{"self":[{"href":"https:\/\/sorvetequente.com.br\/loja\/wp-json\/wp\/v2\/product\/3807","targetHints":{"allow":["GET"]}}],"collection":[{"href":"https:\/\/sorvetequente.com.br\/loja\/wp-json\/wp\/v2\/product"}],"about":[{"href":"https:\/\/sorvetequente.com.br\/loja\/wp-json\/wp\/v2\/types\/product"}],"replies":[{"embeddable":true,"href":"https:\/\/sorvetequente.com.br\/loja\/wp-json\/wp\/v2\/comments?post=3807"}],"wp:featuredmedia":[{"embeddable":true,"href":"https:\/\/sorvetequente.com.br\/loja\/wp-json\/wp\/v2\/media\/5000"}],"wp:attachment":[{"href":"https:\/\/sorvetequente.com.br\/loja\/wp-json\/wp\/v2\/media?parent=3807"}],"wp:term":[{"taxonomy":"product_cat","embeddable":true,"href":"https:\/\/sorvetequente.com.br\/loja\/wp-json\/wp\/v2\/product_cat?post=3807"},{"taxonomy":"product_tag","embeddable":true,"href":"https:\/\/sorvetequente.com.br\/loja\/wp-json\/wp\/v2\/product_tag?post=3807"}],"curies":[{"name":"wp","href":"https:\/\/api.w.org\/{rel}","templated":true}]}}