{"id":3784,"date":"2024-03-30T20:43:20","date_gmt":"2024-03-30T23:43:20","guid":{"rendered":"https:\/\/sorvetequente.com.br\/loja\/?post_type=product&#038;p=3784"},"modified":"2026-02-05T16:14:42","modified_gmt":"2026-02-05T19:14:42","slug":"kit-sado-bondage-com-7-itens","status":"publish","type":"product","link":"https:\/\/sorvetequente.com.br\/loja\/product\/kit-sado-bondage-com-7-itens\/","title":{"rendered":"Kit sado bondage com 7 itens"},"content":{"rendered":"<h2>Kit com 7 &#8211; itens de Sado &#8211; Rosa<\/h2>\n<p style=\"font-weight: 400\">kit sado composto por morda\u00e7a, venda, coleira com estirante, guia,\u00a0chicote, algema e tornozeleira e<\/p>\n<p style=\"font-weight: 400\">corda em algod\u00e3o.<\/p>\n<p>Com todos esses elementos em um \u00fanico pacote, voc\u00ea ter\u00e1 tudo o que precisa para experimentar ao m\u00e1ximo o poder prazeroso da domina\u00e7\u00e3o e submiss\u00e3o.<\/p>\n<p>Seja para joguinhos er\u00f3ticos leves ou outras formas de pr\u00e1ticas\u00a0<strong>BDSM<\/strong>, o\u00a0<strong>Kit Sado er\u00f3tico rosa<\/strong>\u00a0ir\u00e1 satisfazer os seus desejos mais ocultos.<\/p>\n<h3><strong>Como usar o Kit Sado?<\/strong><\/h3>\n<ol>\n<li>Pegue seu jogo de acess\u00f3rios;<\/li>\n<li>Abra as fivelas, localize seu alvo e o prenda com a bondage e tudo o que tem ao alcance de suas m\u00e3os;<\/li>\n<li>Certifique-se de estar bem preso para que a t\u00e9cnica funcione;<\/li>\n<li>Agora \u00e9 s\u00f3 aproveitar, encarne o\/a sadomasoquista que existe dentro de voc\u00ea. Chegou a hora da puni\u00e7\u00e3o e n\u00e3o tem como escapar\u2026<\/li>\n<\/ol>\n<p style=\"font-weight: 400\">\nMaterial: Courvin e PVC.<\/p>\n<p style=\"font-weight: 400\">\nMedidas:<\/p>\n<p style=\"font-weight: 400\">Coleira 50,0 cm de comprimento, 4,0 cm de largura.<br \/>\nGuia 103,0 cm de comprimento, 2,0 cm de largura.<br \/>\nMorda\u00e7a 61,0 cm de comprimento, 2,0 de espessura.<br \/>\nAlgema 34,5 cm de comprimento, 4,0 cm de largura.<\/p>\n<p style=\"font-weight: 400\">Tornozeleira 29,0 cm de comprimento, 4,0 cm de largura.<\/p>\n<p style=\"font-weight: 400\">Morda\u00e7a 61,0 cm de comprimento, 2,0 de espessura.<\/p>\n<p style=\"font-weight: 400\">Venda 19,5 cm de comprimento, 7,5 cm de largura.<\/p>\n<p style=\"font-weight: 400\">Chicote 54,0 cm de comprimento total, cabo 11,8 cm de comprimento<\/p>\n<p style=\"font-weight: 400\">Corda 5,00 metros de comprimento total.<\/p>\n","protected":false},"excerpt":{"rendered":"<h1><span style=\"color: #ff00ff\">NO PIX R$39,97<\/span><\/h1>\n","protected":false},"featured_media":3786,"comment_status":"open","ping_status":"closed","template":"","meta":[],"product_cat":[15],"product_tag":[],"class_list":{"0":"post-3784","1":"product","2":"type-product","3":"status-publish","4":"has-post-thumbnail","6":"product_cat-promocoes","8":"first","9":"instock","10":"sale","11":"shipping-taxable","12":"purchasable","13":"product-type-simple"},"group_of_quantity":0,"min_quantity":0,"max_quantity":"","exclude_order_quantity_value_rules":"no","exclude_category_quantity_rules":"no","combine_variations":"no","_links":{"self":[{"href":"https:\/\/sorvetequente.com.br\/loja\/wp-json\/wp\/v2\/product\/3784","targetHints":{"allow":["GET"]}}],"collection":[{"href":"https:\/\/sorvetequente.com.br\/loja\/wp-json\/wp\/v2\/product"}],"about":[{"href":"https:\/\/sorvetequente.com.br\/loja\/wp-json\/wp\/v2\/types\/product"}],"replies":[{"embeddable":true,"href":"https:\/\/sorvetequente.com.br\/loja\/wp-json\/wp\/v2\/comments?post=3784"}],"wp:featuredmedia":[{"embeddable":true,"href":"https:\/\/sorvetequente.com.br\/loja\/wp-json\/wp\/v2\/media\/3786"}],"wp:attachment":[{"href":"https:\/\/sorvetequente.com.br\/loja\/wp-json\/wp\/v2\/media?parent=3784"}],"wp:term":[{"taxonomy":"product_cat","embeddable":true,"href":"https:\/\/sorvetequente.com.br\/loja\/wp-json\/wp\/v2\/product_cat?post=3784"},{"taxonomy":"product_tag","embeddable":true,"href":"https:\/\/sorvetequente.com.br\/loja\/wp-json\/wp\/v2\/product_tag?post=3784"}],"curies":[{"name":"wp","href":"https:\/\/api.w.org\/{rel}","templated":true}]}}