{"id":3698,"date":"2024-03-24T21:38:06","date_gmt":"2024-03-25T00:38:06","guid":{"rendered":"https:\/\/sorvetequente.com.br\/loja\/?post_type=product&#038;p=3698"},"modified":"2024-12-15T20:48:02","modified_gmt":"2024-12-15T23:48:02","slug":"vibrador-de-ponto-g-e-clitoris-com-pulsacao-e-dedilhar-rosa","status":"publish","type":"product","link":"https:\/\/sorvetequente.com.br\/loja\/product\/vibrador-de-ponto-g-e-clitoris-com-pulsacao-e-dedilhar-rosa\/","title":{"rendered":"Vibrador de Ponto G e Clit\u00f3ris Com Pulsa\u00e7\u00e3o e Dedilhar &#8211; Rosa"},"content":{"rendered":"<h2>Vibrador de Ponto G e Clit\u00f3ris com Pulsa\u00e7\u00e3o &#8211; Formato de Rosa 4 &#8211; SI<\/h2>\n<p style=\"font-weight: 400\">Rosa &#8211; 10 Modos de estimula\u00e7\u00e3o com Pulsa\u00e7\u00e3o e 10 Modos de dedilhar do bullet.<\/p>\n<p style=\"font-weight: 400\">Massageador feito em material macio de toque agrad\u00e1vel e f\u00e1cil limpeza.<\/p>\n<p style=\"font-weight: 400\">Massageador para est\u00edmulo do clit\u00f3ris com Pulsa\u00e7\u00e3o<\/p>\n<p style=\"font-weight: 400\">Produto resistente \u00e0 \u00e1gua.<\/p>\n<p style=\"font-weight: 400\">Modo de uso:<\/p>\n<p style=\"font-weight: 400\">aperte o bot\u00e3o para ligar e para controlar o n\u00edvel de vibra\u00e7\u00e3o, para\u00a0desligar basta apertar o bot\u00e3o.<\/p>\n<p style=\"font-weight: 400\">Lubrificar antes da penetra\u00e7\u00e3o.<\/p>\n<p style=\"font-weight: 400\">Material:<\/p>\n<p style=\"font-weight: 400\">Silicone.<\/p>\n<p style=\"font-weight: 400\">Bateria:<\/p>\n<p style=\"font-weight: 400\">Recarreg\u00e1vel via USB.<\/p>\n<p style=\"font-weight: 400\">Medidas:<\/p>\n<p style=\"font-weight: 400\">35,5 cm de comprimento total, 5,5 cm de espessura (medidas aproximadas).<\/p>\n<p style=\"font-weight: 400\">Higieniza\u00e7\u00e3o:<\/p>\n<p style=\"font-weight: 400\">Guarde na embalagem original. N\u00e3o compartilhar e n\u00e3o expor a temperatura superior a 50\u00b0C.<\/p>\n<p style=\"font-weight: 400\">Cuidados:<\/p>\n<p style=\"font-weight: 400\">Higienize sempre antes e ap\u00f3s o uso;<\/p>\n<p style=\"font-weight: 400\">Mantenha fora do alcance de crian\u00e7as;<\/p>\n<p style=\"font-weight: 400\">Manter ao abrigo do calor e luz excessiva;<\/p>\n<p style=\"font-weight: 400\">Ap\u00f3s o uso, guardar em uma embalagem de pl\u00e1stico, n\u00e3o enrole em papel;<\/p>\n","protected":false},"excerpt":{"rendered":"<h1><span style=\"color: #ff00ff\">NO PIX R$119,99<\/span><\/h1>\n","protected":false},"featured_media":3701,"comment_status":"open","ping_status":"closed","template":"","meta":[],"product_cat":[66,76],"product_tag":[],"class_list":{"0":"post-3698","1":"product","2":"type-product","3":"status-publish","4":"has-post-thumbnail","6":"product_cat-promocao-relampago","7":"product_cat-vibradores","9":"first","10":"instock","11":"sale","12":"shipping-taxable","13":"purchasable","14":"product-type-simple"},"group_of_quantity":0,"min_quantity":0,"max_quantity":"","exclude_order_quantity_value_rules":"no","exclude_category_quantity_rules":"no","combine_variations":"no","_links":{"self":[{"href":"https:\/\/sorvetequente.com.br\/loja\/wp-json\/wp\/v2\/product\/3698","targetHints":{"allow":["GET"]}}],"collection":[{"href":"https:\/\/sorvetequente.com.br\/loja\/wp-json\/wp\/v2\/product"}],"about":[{"href":"https:\/\/sorvetequente.com.br\/loja\/wp-json\/wp\/v2\/types\/product"}],"replies":[{"embeddable":true,"href":"https:\/\/sorvetequente.com.br\/loja\/wp-json\/wp\/v2\/comments?post=3698"}],"wp:featuredmedia":[{"embeddable":true,"href":"https:\/\/sorvetequente.com.br\/loja\/wp-json\/wp\/v2\/media\/3701"}],"wp:attachment":[{"href":"https:\/\/sorvetequente.com.br\/loja\/wp-json\/wp\/v2\/media?parent=3698"}],"wp:term":[{"taxonomy":"product_cat","embeddable":true,"href":"https:\/\/sorvetequente.com.br\/loja\/wp-json\/wp\/v2\/product_cat?post=3698"},{"taxonomy":"product_tag","embeddable":true,"href":"https:\/\/sorvetequente.com.br\/loja\/wp-json\/wp\/v2\/product_tag?post=3698"}],"curies":[{"name":"wp","href":"https:\/\/api.w.org\/{rel}","templated":true}]}}