{"id":3651,"date":"2024-02-24T20:28:21","date_gmt":"2024-02-24T23:28:21","guid":{"rendered":"https:\/\/sorvetequente.com.br\/loja\/?post_type=product&#038;p=3651"},"modified":"2024-06-30T16:21:19","modified_gmt":"2024-06-30T19:21:19","slug":"camisola-sensual-renda-chick","status":"publish","type":"product","link":"https:\/\/sorvetequente.com.br\/loja\/product\/camisola-sensual-renda-chick\/","title":{"rendered":"Camisola Sensual Renda Chick"},"content":{"rendered":"<p>Camisola Renda Chick + Calcinha Fio Dental Tirinha<br \/>\nComposi\u00e7\u00e3o:<br \/>\n01-Camisola sem bojo; e<br \/>\n01-Calcinha fio dental de tirinha.<br \/>\nTamanho \u00fanico: 38 ao 42.<br \/>\nImagem Ilustrativa: A renda pode sofrer altera\u00e7\u00e3o em rela\u00e7\u00e3o ao seu desenho e tom de cor em fun\u00e7\u00e3o da ilumina\u00e7\u00e3o. N\u00e3o acompanha qualquer outro acess\u00f3rio n\u00e3o relacionado na composi\u00e7\u00e3o.<\/p>\n<p>Descri\u00e7\u00e3o do produto:<br \/>\nCom Camisola Renda Chick da Pimenta Sex, o modelo \u00e9 confeccionado em tule trabalhado e com renda nas partes do busto e forma de barra.<br \/>\nComposi\u00e7\u00e3o:<br \/>\n01-Camisola sem bojo;<br \/>\n01-Calcinha fio dental de tirinha.<br \/>\nTamanho \u00fanico: Indicado para pessoas que vestem do 38 ao 42.<br \/>\nMaterial: 86% Poliamida \/ 14% Elastano \/ Forro 100% Algod\u00e3o.<\/p>\n","protected":false},"excerpt":{"rendered":"<h1><span style=\"color: #ff00ff\">NO PIX R$24,99<\/span><\/h1>\n","protected":false},"featured_media":3652,"comment_status":"open","ping_status":"closed","template":"","meta":[],"product_cat":[160,34],"product_tag":[],"class_list":{"0":"post-3651","1":"product","2":"type-product","3":"status-publish","4":"has-post-thumbnail","6":"product_cat-camisolas","7":"product_cat-lingeries","9":"first","10":"instock","11":"sale","12":"shipping-taxable","13":"purchasable","14":"product-type-simple"},"group_of_quantity":0,"min_quantity":0,"max_quantity":"","exclude_order_quantity_value_rules":"no","exclude_category_quantity_rules":"no","combine_variations":"no","_links":{"self":[{"href":"https:\/\/sorvetequente.com.br\/loja\/wp-json\/wp\/v2\/product\/3651","targetHints":{"allow":["GET"]}}],"collection":[{"href":"https:\/\/sorvetequente.com.br\/loja\/wp-json\/wp\/v2\/product"}],"about":[{"href":"https:\/\/sorvetequente.com.br\/loja\/wp-json\/wp\/v2\/types\/product"}],"replies":[{"embeddable":true,"href":"https:\/\/sorvetequente.com.br\/loja\/wp-json\/wp\/v2\/comments?post=3651"}],"wp:featuredmedia":[{"embeddable":true,"href":"https:\/\/sorvetequente.com.br\/loja\/wp-json\/wp\/v2\/media\/3652"}],"wp:attachment":[{"href":"https:\/\/sorvetequente.com.br\/loja\/wp-json\/wp\/v2\/media?parent=3651"}],"wp:term":[{"taxonomy":"product_cat","embeddable":true,"href":"https:\/\/sorvetequente.com.br\/loja\/wp-json\/wp\/v2\/product_cat?post=3651"},{"taxonomy":"product_tag","embeddable":true,"href":"https:\/\/sorvetequente.com.br\/loja\/wp-json\/wp\/v2\/product_tag?post=3651"}],"curies":[{"name":"wp","href":"https:\/\/api.w.org\/{rel}","templated":true}]}}