{"id":3563,"date":"2024-02-12T18:43:26","date_gmt":"2024-02-12T21:43:26","guid":{"rendered":"https:\/\/sorvetequente.com.br\/loja\/?post_type=product&#038;p=3563"},"modified":"2026-04-03T18:37:18","modified_gmt":"2026-04-03T21:37:18","slug":"pepper-ball-plus-pikasso-com-2-unidades-peper-blend","status":"publish","type":"product","link":"https:\/\/sorvetequente.com.br\/loja\/product\/pepper-ball-plus-pikasso-com-2-unidades-peper-blend\/","title":{"rendered":"Pepper Ball Plus Pikasso com 2 unidades Peper Blend"},"content":{"rendered":"<p>A\u00a0<strong>Pepper Ball Plus Pikasso<\/strong> foi desenvolvida com um gel com fun\u00e7\u00f5es que gela e prolonga, para dar aquela m\u00e3ozinha extra, trazendo sensa\u00e7\u00f5es diferentes e deliciosas na\u00a0<strong>Hora H<\/strong>, al\u00e9m de aumentar a\u00a0<strong>sensibilidade\u00a0<\/strong>e a\u00a0<strong>excita\u00e7\u00e3o<\/strong>.<\/p>\n<p>A C\u00e1psulas lubrificantes s\u00e3o elaboradas com \u00f3leo de girassol que hidrata e cicatriza a pele, ou seja, apenas benef\u00edcios para a sua vida e principalmente um toque a mais em suas noites.<\/p>\n<h3><strong>Para que serve a Ball Pikasso?<\/strong><\/h3>\n<p>Deixe o momento de bater uma, seja sozinho ou acompanhado, com uma sensa\u00e7\u00e3o diferenciada e deliciosa, aumentando a sensibilidade da regi\u00e3o aplicada, e deixando tudo mais excitante e com mais fogo.<\/p>\n<p>Perceba todo o\u00a0<strong>prazer\u00a0<\/strong>e estimula\u00e7\u00e3o que ele ir\u00e1 te proporcionar e sinta os efeitos tomando conta do seu corpo, e a aumentando o\u00a0<strong>tes\u00e3o<\/strong>.<\/p>\n<h3><strong>Quais os benef\u00edcios que as Bolinhas de Massagem oferecem?<\/strong><\/h3>\n<ul>\n<li>\u2022 Gel para masturba\u00e7\u00e3o;<\/li>\n<li>\u2022 Comest\u00edvel;<\/li>\n<li>\u2022 Com fun\u00e7\u00f5es deliciosas;<\/li>\n<li>\u2022 Momentos inesquec\u00edveis.<\/li>\n<\/ul>\n<h3><strong>Ficha T\u00e9cnica<\/strong><\/h3>\n<ul>\n<li>\u2022\u00a0<strong>Cont\u00e9m:\u00a0<\/strong>02 Esferas;<\/li>\n<li>\u2022\u00a0<strong>Embalagem:<\/strong>\u00a0Pl\u00e1stica;<\/li>\n<li>\u2022\u00a0<strong>Validade:\u00a0<\/strong>Presente na embalagem.<\/li>\n<\/ul>\n<h3><strong>Qual a Composi\u00e7\u00e3o das Balls da Pepper Blend?<\/strong><\/h3>\n<p>A Pepper Ball tem em sua composi\u00e7\u00e3o Gelatina, \u00c1gua, Glicerina, Extrato de Jambu, Aromas de Menta, Catuaba, Arginina e Mentol. Conservantes Benzoato de S\u00f3dio e Sorbato de Pot\u00e1ssio, Espessante Goma Xantana, Neotame e Corante Azul.<\/p>\n<h3><strong>Como usar o Gel?<\/strong><\/h3>\n<p>Romper o inv\u00f3lucro de gelatina, aplicar no local desejado.<\/p>\n<h3><strong>Quais cuidados e precau\u00e7\u00f5es preciso ter ao usar a Pepper Ball?<\/strong><\/h3>\n<ul>\n<li>\u2022 Em caso acidental com os olhos, enxaguar com abund\u00e2ncia;<\/li>\n<li>\u2022 N\u00e3o expor a temperatura superior a 50\u00baC;<\/li>\n<li>\u2022 Em caso de irrita\u00e7\u00e3o suspenda o uso e procure orienta\u00e7\u00e3o m\u00e9dica;<\/li>\n<li>\u2022 Conservar ao abrigo da luz e do calor.<\/li>\n<\/ul>\n<p><strong>Precau\u00e7\u00e3o:<\/strong><\/p>\n<ul>\n<li>\u2022 Mantenha fora do alcance de crian\u00e7as e animais;<\/li>\n<li>\u2022 Produto para maiores de 18 anos.<\/li>\n<\/ul>\n","protected":false},"excerpt":{"rendered":"<h1><span style=\"color: #ff00ff\">NO PIX R$3,26<\/span><\/h1>\n","protected":false},"featured_media":3564,"comment_status":"open","ping_status":"closed","template":"","meta":[],"product_cat":[15,133,37,75],"product_tag":[],"class_list":{"0":"post-3563","1":"product","2":"type-product","3":"status-publish","4":"has-post-thumbnail","6":"product_cat-promocoes","7":"product_cat-bolinhas-explosivas","8":"product_cat-cosmeticos-e-comestiveis","9":"product_cat-lubrificantes","11":"first","12":"instock","13":"sale","14":"shipping-taxable","15":"purchasable","16":"product-type-simple"},"group_of_quantity":0,"min_quantity":0,"max_quantity":"","exclude_order_quantity_value_rules":"no","exclude_category_quantity_rules":"no","combine_variations":"no","_links":{"self":[{"href":"https:\/\/sorvetequente.com.br\/loja\/wp-json\/wp\/v2\/product\/3563","targetHints":{"allow":["GET"]}}],"collection":[{"href":"https:\/\/sorvetequente.com.br\/loja\/wp-json\/wp\/v2\/product"}],"about":[{"href":"https:\/\/sorvetequente.com.br\/loja\/wp-json\/wp\/v2\/types\/product"}],"replies":[{"embeddable":true,"href":"https:\/\/sorvetequente.com.br\/loja\/wp-json\/wp\/v2\/comments?post=3563"}],"wp:featuredmedia":[{"embeddable":true,"href":"https:\/\/sorvetequente.com.br\/loja\/wp-json\/wp\/v2\/media\/3564"}],"wp:attachment":[{"href":"https:\/\/sorvetequente.com.br\/loja\/wp-json\/wp\/v2\/media?parent=3563"}],"wp:term":[{"taxonomy":"product_cat","embeddable":true,"href":"https:\/\/sorvetequente.com.br\/loja\/wp-json\/wp\/v2\/product_cat?post=3563"},{"taxonomy":"product_tag","embeddable":true,"href":"https:\/\/sorvetequente.com.br\/loja\/wp-json\/wp\/v2\/product_tag?post=3563"}],"curies":[{"name":"wp","href":"https:\/\/api.w.org\/{rel}","templated":true}]}}