{"id":3470,"date":"2024-02-04T20:19:42","date_gmt":"2024-02-04T23:19:42","guid":{"rendered":"https:\/\/sorvetequente.com.br\/loja\/?post_type=product&#038;p=3470"},"modified":"2026-01-14T17:56:29","modified_gmt":"2026-01-14T20:56:29","slug":"sedenta-por-oral-gel-vibrante-comestivel-50g-pepper-blend","status":"publish","type":"product","link":"https:\/\/sorvetequente.com.br\/loja\/product\/sedenta-por-oral-gel-vibrante-comestivel-50g-pepper-blend\/","title":{"rendered":"Sedenta Por Oral Gel Vibrante Comestivel 50G Pepper Blend"},"content":{"rendered":"<p>Sedenta por Oral, gel lubrificante vibrante, possui textura semelhante a lubrifica\u00e7\u00e3o natural \u00edntima. Formulado com Jambu que proporciona e contribui com o aumento da saliva\u00e7\u00e3o, ideal para um oral mais molhado ou beijo grego, penetra\u00e7\u00e3o e masturba\u00e7\u00e3o. Possui aroma e sabor de Lollipop!<\/p>\n<p>Cont\u00e9m:<br \/>\n50g<\/p>\n","protected":false},"excerpt":{"rendered":"<h1><span style=\"color: #ff00ff\">NO PIX R$10,99<\/span><\/h1>\n","protected":false},"featured_media":3471,"comment_status":"open","ping_status":"closed","template":"","meta":[],"product_cat":[37,19,16,43,153],"product_tag":[],"class_list":{"0":"post-3470","1":"product","2":"type-product","3":"status-publish","4":"has-post-thumbnail","6":"product_cat-cosmeticos-e-comestiveis","7":"product_cat-novidades","8":"product_cat-para-ela","9":"product_cat-para-ele","10":"product_cat-sexo-oral","12":"first","13":"instock","14":"sale","15":"shipping-taxable","16":"purchasable","17":"product-type-simple"},"group_of_quantity":0,"min_quantity":0,"max_quantity":"","exclude_order_quantity_value_rules":"no","exclude_category_quantity_rules":"no","combine_variations":"no","_links":{"self":[{"href":"https:\/\/sorvetequente.com.br\/loja\/wp-json\/wp\/v2\/product\/3470","targetHints":{"allow":["GET"]}}],"collection":[{"href":"https:\/\/sorvetequente.com.br\/loja\/wp-json\/wp\/v2\/product"}],"about":[{"href":"https:\/\/sorvetequente.com.br\/loja\/wp-json\/wp\/v2\/types\/product"}],"replies":[{"embeddable":true,"href":"https:\/\/sorvetequente.com.br\/loja\/wp-json\/wp\/v2\/comments?post=3470"}],"wp:featuredmedia":[{"embeddable":true,"href":"https:\/\/sorvetequente.com.br\/loja\/wp-json\/wp\/v2\/media\/3471"}],"wp:attachment":[{"href":"https:\/\/sorvetequente.com.br\/loja\/wp-json\/wp\/v2\/media?parent=3470"}],"wp:term":[{"taxonomy":"product_cat","embeddable":true,"href":"https:\/\/sorvetequente.com.br\/loja\/wp-json\/wp\/v2\/product_cat?post=3470"},{"taxonomy":"product_tag","embeddable":true,"href":"https:\/\/sorvetequente.com.br\/loja\/wp-json\/wp\/v2\/product_tag?post=3470"}],"curies":[{"name":"wp","href":"https:\/\/api.w.org\/{rel}","templated":true}]}}