{"id":3453,"date":"2024-01-26T15:25:18","date_gmt":"2024-01-26T18:25:18","guid":{"rendered":"https:\/\/sorvetequente.com.br\/loja\/?post_type=product&#038;p=3453"},"modified":"2026-02-14T15:08:30","modified_gmt":"2026-02-14T18:08:30","slug":"love-lub-lubrificante-corporal-neutro-60g-la-pimienta","status":"publish","type":"product","link":"https:\/\/sorvetequente.com.br\/loja\/product\/love-lub-lubrificante-corporal-neutro-60g-la-pimienta\/","title":{"rendered":"LOVE LUB LUBRIFICANTE CORPORAL NEUTRO 60G LA PIMIENTA"},"content":{"rendered":"<p>O\u00a0<b>Love Lub<\/b>\u00a0\u00e9 um \u00f3timo\u00a0<b>lubrificante<\/b>\u00a0na hora do sexo sendo ele\u00a0<b>Neutro<\/b>\u00a0sem cor e sem cheiro a base d&#8217;\u00e1gua, produzido com o mais alto padr\u00e3o de qualidade\u00a0<b>La Pimienta<\/b>\u00a0muito indicado para sair rotina e deixar sua noite perfeita, esse lubrificante vai deixar voc\u00ea no \u00e1pice do prazer, usado para sexo vaginal e anal e para massagem corporal, sendo lubrificante (n\u00e3o \u00e9 anest\u00e9sico) elimina o atrito na pele e facilita a penetra\u00e7\u00e3o, podendo ser usado tamb\u00e9m para lubrifica\u00e7\u00e3o feminina.<\/p>\n<p>Modo de uso:<br \/>\nCom as m\u00e3os limpas, aplique sobre a pele igualmente limpa e massageie suavemente em movimentos deslizantes. O uso de qualquer produto\u00a0<b>La Pimienta<\/b>\u00a0\u00e9 um momento seu. Procure aplic\u00e1-lo com tranquilidade e cuidado seguindo corretamente as instru\u00e7\u00f5es e validade para melhor aproveitamento da f\u00f3rmula e seus benef\u00edcios.<\/p>\n<p>Advert\u00eancia:<br \/>\nEvite contato com os olhos. Caso ocorra, lave com \u00e1gua em abund\u00e2ncia. Mantenha fora do alcance das crian\u00e7as.<\/p>\n<p>Prazo de Validade:<br \/>\n36 meses, lote e fabrica\u00e7\u00e3o impressos na embalagem.<\/p>\n","protected":false},"excerpt":{"rendered":"<h1><span style=\"color: #ff00ff\">NO PIX R$6,87<\/span><\/h1>\n","protected":false},"featured_media":3454,"comment_status":"open","ping_status":"closed","template":"","meta":[],"product_cat":[37,75,19],"product_tag":[],"class_list":{"0":"post-3453","1":"product","2":"type-product","3":"status-publish","4":"has-post-thumbnail","6":"product_cat-cosmeticos-e-comestiveis","7":"product_cat-lubrificantes","8":"product_cat-novidades","10":"first","11":"instock","12":"sale","13":"shipping-taxable","14":"purchasable","15":"product-type-simple"},"group_of_quantity":0,"min_quantity":0,"max_quantity":"","exclude_order_quantity_value_rules":"no","exclude_category_quantity_rules":"no","combine_variations":"no","_links":{"self":[{"href":"https:\/\/sorvetequente.com.br\/loja\/wp-json\/wp\/v2\/product\/3453","targetHints":{"allow":["GET"]}}],"collection":[{"href":"https:\/\/sorvetequente.com.br\/loja\/wp-json\/wp\/v2\/product"}],"about":[{"href":"https:\/\/sorvetequente.com.br\/loja\/wp-json\/wp\/v2\/types\/product"}],"replies":[{"embeddable":true,"href":"https:\/\/sorvetequente.com.br\/loja\/wp-json\/wp\/v2\/comments?post=3453"}],"wp:featuredmedia":[{"embeddable":true,"href":"https:\/\/sorvetequente.com.br\/loja\/wp-json\/wp\/v2\/media\/3454"}],"wp:attachment":[{"href":"https:\/\/sorvetequente.com.br\/loja\/wp-json\/wp\/v2\/media?parent=3453"}],"wp:term":[{"taxonomy":"product_cat","embeddable":true,"href":"https:\/\/sorvetequente.com.br\/loja\/wp-json\/wp\/v2\/product_cat?post=3453"},{"taxonomy":"product_tag","embeddable":true,"href":"https:\/\/sorvetequente.com.br\/loja\/wp-json\/wp\/v2\/product_tag?post=3453"}],"curies":[{"name":"wp","href":"https:\/\/api.w.org\/{rel}","templated":true}]}}