{"id":3430,"date":"2024-01-23T19:24:29","date_gmt":"2024-01-23T22:24:29","guid":{"rendered":"https:\/\/sorvetequente.com.br\/loja\/?post_type=product&#038;p=3430"},"modified":"2026-03-27T18:36:20","modified_gmt":"2026-03-27T21:36:20","slug":"bullet-vibrador-multivelocidade","status":"publish","type":"product","link":"https:\/\/sorvetequente.com.br\/loja\/product\/bullet-vibrador-multivelocidade\/","title":{"rendered":"Bullet Vibrador Multivelocidade"},"content":{"rendered":"<p>C\u00e1psula vibrat\u00f3ria multivelocidades com controle remoto a fio, possui vibra\u00e7\u00e3o \u00fanica, que pode ser aumentada gradativamente!<\/p>\n<p>Medidas Aproximadas:<br \/>\nC\u00e1psula mede 5 x 2 x 2cm<\/p>\n<p>Baterias:<br \/>\nUtiliza 2 pilhas &#8220;AA&#8221; N\u00e3o inclusas<\/p>\n<p>Material:<br \/>\nPl\u00e1stico ABS de alto impacto<\/p>\n<p>Validade:<br \/>\nIndeterminada<\/p>\n<p>Observa\u00e7\u00f5es:<br \/>\nAntes e ap\u00f3s o uso, lavar com \u00e1gua fria e sabonete bactericida. Seque com papel toalha descart\u00e1vel ou deixar secar natural. Produto destinado a maiores de 18 anos<\/p>\n","protected":false},"excerpt":{"rendered":"<h1><span style=\"color: #ff00ff\">NO PIX R$2,99<\/span><\/h1>\n","protected":false},"featured_media":5382,"comment_status":"open","ping_status":"closed","template":"","meta":[],"product_cat":[15,16,43,66,76],"product_tag":[],"class_list":{"0":"post-3430","1":"product","2":"type-product","3":"status-publish","4":"has-post-thumbnail","6":"product_cat-promocoes","7":"product_cat-para-ela","8":"product_cat-para-ele","9":"product_cat-promocao-relampago","10":"product_cat-vibradores","12":"first","13":"instock","14":"sale","15":"shipping-taxable","16":"purchasable","17":"product-type-variable"},"group_of_quantity":0,"min_quantity":0,"max_quantity":"","exclude_order_quantity_value_rules":"no","exclude_category_quantity_rules":"no","combine_variations":"no","_links":{"self":[{"href":"https:\/\/sorvetequente.com.br\/loja\/wp-json\/wp\/v2\/product\/3430","targetHints":{"allow":["GET"]}}],"collection":[{"href":"https:\/\/sorvetequente.com.br\/loja\/wp-json\/wp\/v2\/product"}],"about":[{"href":"https:\/\/sorvetequente.com.br\/loja\/wp-json\/wp\/v2\/types\/product"}],"replies":[{"embeddable":true,"href":"https:\/\/sorvetequente.com.br\/loja\/wp-json\/wp\/v2\/comments?post=3430"}],"wp:featuredmedia":[{"embeddable":true,"href":"https:\/\/sorvetequente.com.br\/loja\/wp-json\/wp\/v2\/media\/5382"}],"wp:attachment":[{"href":"https:\/\/sorvetequente.com.br\/loja\/wp-json\/wp\/v2\/media?parent=3430"}],"wp:term":[{"taxonomy":"product_cat","embeddable":true,"href":"https:\/\/sorvetequente.com.br\/loja\/wp-json\/wp\/v2\/product_cat?post=3430"},{"taxonomy":"product_tag","embeddable":true,"href":"https:\/\/sorvetequente.com.br\/loja\/wp-json\/wp\/v2\/product_tag?post=3430"}],"curies":[{"name":"wp","href":"https:\/\/api.w.org\/{rel}","templated":true}]}}