{"id":3409,"date":"2024-01-17T11:55:52","date_gmt":"2024-01-17T14:55:52","guid":{"rendered":"https:\/\/sorvetequente.com.br\/loja\/?post_type=product&#038;p=3409"},"modified":"2025-10-24T12:37:53","modified_gmt":"2025-10-24T15:37:53","slug":"tesao-na-raba-gel-dessensibilizante-e-excitante-15g-sexy-fantasy","status":"publish","type":"product","link":"https:\/\/sorvetequente.com.br\/loja\/product\/tesao-na-raba-gel-dessensibilizante-e-excitante-15g-sexy-fantasy\/","title":{"rendered":"TES\u00c3O NA RABA GEL DESSENSIBILIZANTE E EXCITANTE 15G SEXY FANTASY"},"content":{"rendered":"<p>Com o\u00a0<strong>Dessensibilizante\u00a0<\/strong>da\u00a0<strong>Sexy Fantasy<\/strong>, a hora da rela\u00e7\u00e3o anal vai ficar muuuito mais\u00a0<strong>prazerosa\u00a0<\/strong>e muito mais\u00a0<strong>intensa<\/strong>, com sensa\u00e7\u00f5es deliciosas e cheias de tes\u00e3o, deixando sua excita\u00e7\u00e3o e de seu parceiro la em cima. Al\u00e9m de possuir a\u00e7\u00e3o\u00a0<strong>cicatrizante\u00a0<\/strong>e sensa\u00e7\u00e3o\u00a0<strong>refrescante<\/strong>, tudo pensado para sentir o\u00a0<strong>\u00e1pice\u00a0<\/strong>do prazer.<\/p>\n<p>&nbsp;<\/p>\n<h3><strong>Para que serve o Tes\u00e3o na Raba?<\/strong><\/h3>\n<p>&nbsp;<\/p>\n<p>O Dessensibilizante\u00a0<strong>Tes\u00e3o na Raba\u00a0<\/strong>da Sexy Fantasy, serve para diminuir qualquer possivel desconforto na hora da\u00a0<strong>penetra\u00e7\u00e3o anal<\/strong>, com ele, \u00e9 s\u00f3 delaxar e deixar as coisas fluirem. Al\u00e9m de possuir a\u00e7\u00e3o\u00a0<strong>cicatrizante<\/strong>, ele possui sensa\u00e7\u00e3o de\u00a0<strong>aquecimento<\/strong>, deixando a regi\u00e3o ainda mais estimulada, e possui\u00a0<strong>extrato de jambu\u00a0<\/strong>para a sensa\u00e7\u00e3o de\u00a0<strong>vibra\u00e7\u00e3o<\/strong>, tornando o momento ainda mais excitante.<\/p>\n<p>&nbsp;<\/p>\n<h3><strong>Quais os benef\u00edcios que o Gel Excitante oferece?<\/strong><\/h3>\n<p>&nbsp;<\/p>\n<ul>\n<li>\u2022 Excitante;<\/li>\n<li>\u2022 Cicatrizante;<\/li>\n<li>\u2022 Momentos quentes;<\/li>\n<li>\u2022 Sensa\u00e7\u00e3o de aquecimento..<\/li>\n<\/ul>\n<p>&nbsp;<\/p>\n<h3><strong>Ficha T\u00e9cnica<\/strong><\/h3>\n<p>&nbsp;<\/p>\n<ul>\n<li>\u2022\u00a0<strong>Cont\u00e9m:\u00a0<\/strong>01 Gel Dessensibilizante 15g<\/li>\n<li>\u2022\u00a0<strong>Embalagem:<\/strong>\u00a0Caixa<\/li>\n<li>\u2022\u00a0<strong>Validade:\u00a0<\/strong>Presente na embalagem.<\/li>\n<\/ul>\n<p>&nbsp;<\/p>\n<h3><strong>Qual a composi\u00e7\u00e3o do Tes\u00e3o na Raba?<\/strong><\/h3>\n<p>&nbsp;<\/p>\n<p>O Tes\u00e3o na Raba da Sexy Fantasy \u00e9 composto por \u00c1gua, Glicerina Bi-destilada, Hidroxietilcellulose, Eugenol, Ureia, Aroma Menta Ice, Extrato de Jambu, Mentol, EDTA Diss\u00f3dico.<\/p>\n<p>&nbsp;<\/p>\n<h3><strong>Como usar o Tes\u00e3o na Raba da Sexy Fantasy?<\/strong><\/h3>\n<p>&nbsp;<\/p>\n<p>Coloque uma pequena quantidade sobre os dedos, aplique sob o local massageando suavemente, e aproveite cada sensa\u00e7\u00e3o deliciosa que ele ir\u00e1 provocar.<\/p>\n<p>&nbsp;<\/p>\n<h3><strong>Quais cuidados e precau\u00e7\u00f5es preciso ter ao usar o Gel ?<\/strong><\/h3>\n<p>&nbsp;<\/p>\n<ul>\n<li>\u2022 N\u00e3o expor a temperaturas maiores que 50\u00b0;<\/li>\n<li>\u2022 Evite les\u00f5es ou agravamento de patologias j\u00e1 existentes, n\u00e3o utilize em zonas inflamadas, inchadas, ou com lacera\u00e7\u00f5es;<\/li>\n<li>\u2022 N\u00e3o compartilhe com nenhum outro parceiro;<\/li>\n<\/ul>\n<p>&nbsp;<\/p>\n<p><strong>Precau\u00e7\u00e3o:<\/strong><\/p>\n<p>&nbsp;<\/p>\n<ul>\n<li>\u2022 Mantenha fora do alcance de crian\u00e7as;<\/li>\n<\/ul>\n<p>&nbsp;<\/p>\n<p><strong>Aten\u00e7\u00e3o:\u00a0<\/strong>Algumas das embalagens podem sofrer altera\u00e7\u00f5es por parte do fornecedor, permanecendo as caracter\u00edsticas do produto, tais como: fun\u00e7\u00e3o, composi\u00e7\u00e3o, peso e quantidade, sem tempo h\u00e1bil para serem atualizadas em nosso site.<\/p>\n<p>&nbsp;<\/p>\n<p>Imagens meramente ilustrativas. Visualiza\u00e7\u00f5es em mobile e desktop podem sofrer altera\u00e7\u00f5es de cor.<\/p>\n","protected":false},"excerpt":{"rendered":"<h1><span style=\"color: #ff00ff\">NO PIX R$8,58<\/span><\/h1>\n","protected":false},"featured_media":3410,"comment_status":"open","ping_status":"closed","template":"","meta":[],"product_cat":[37,134],"product_tag":[],"class_list":{"0":"post-3409","1":"product","2":"type-product","3":"status-publish","4":"has-post-thumbnail","6":"product_cat-cosmeticos-e-comestiveis","7":"product_cat-sexo-anal","9":"first","10":"instock","11":"sale","12":"shipping-taxable","13":"purchasable","14":"product-type-simple"},"group_of_quantity":0,"min_quantity":0,"max_quantity":"","exclude_order_quantity_value_rules":"no","exclude_category_quantity_rules":"no","combine_variations":"no","_links":{"self":[{"href":"https:\/\/sorvetequente.com.br\/loja\/wp-json\/wp\/v2\/product\/3409","targetHints":{"allow":["GET"]}}],"collection":[{"href":"https:\/\/sorvetequente.com.br\/loja\/wp-json\/wp\/v2\/product"}],"about":[{"href":"https:\/\/sorvetequente.com.br\/loja\/wp-json\/wp\/v2\/types\/product"}],"replies":[{"embeddable":true,"href":"https:\/\/sorvetequente.com.br\/loja\/wp-json\/wp\/v2\/comments?post=3409"}],"wp:featuredmedia":[{"embeddable":true,"href":"https:\/\/sorvetequente.com.br\/loja\/wp-json\/wp\/v2\/media\/3410"}],"wp:attachment":[{"href":"https:\/\/sorvetequente.com.br\/loja\/wp-json\/wp\/v2\/media?parent=3409"}],"wp:term":[{"taxonomy":"product_cat","embeddable":true,"href":"https:\/\/sorvetequente.com.br\/loja\/wp-json\/wp\/v2\/product_cat?post=3409"},{"taxonomy":"product_tag","embeddable":true,"href":"https:\/\/sorvetequente.com.br\/loja\/wp-json\/wp\/v2\/product_tag?post=3409"}],"curies":[{"name":"wp","href":"https:\/\/api.w.org\/{rel}","templated":true}]}}