{"id":3378,"date":"2024-01-02T15:37:46","date_gmt":"2024-01-02T18:37:46","guid":{"rendered":"https:\/\/sorvetequente.com.br\/loja\/?post_type=product&#038;p=3378"},"modified":"2026-03-12T12:13:48","modified_gmt":"2026-03-12T15:13:48","slug":"caneta-comestivel-hot-20g-sensuale","status":"publish","type":"product","link":"https:\/\/sorvetequente.com.br\/loja\/product\/caneta-comestivel-hot-20g-sensuale\/","title":{"rendered":"CANETA COMEST\u00cdVEL HOT 20G SENSUALE"},"content":{"rendered":"<h3><strong>Para que serve a Caneta Comest\u00edvel?<\/strong><\/h3>\n<p>&nbsp;<\/p>\n<p>A caneta comest\u00edvel possui um\u00a0<strong>ge<\/strong>l de sensa\u00e7\u00f5es que \u00e9 o toque que faltava para dar aquela inovada nas\u00a0<strong>preliminares<\/strong>. Desperte o desejo, trace caminhos deliciosos por todo o corpo do seu amado(a), abuse das lambidas, mordidas e chup\u00f5es, porque o clima j\u00e1 est\u00e1 esquentando&#8230;<\/p>\n<p>&nbsp;<\/p>\n<h3><strong>Como usar a Caneta para estimular o sexo?<\/strong><\/h3>\n<p>&nbsp;<\/p>\n<p>A caneta \u00e9 um excelente acess\u00f3rio para quem deseja come\u00e7ar a noite com o p\u00e9 direito, m\u00e3o direita ou o que mais quiser. Seu uso promove brincadeiras divertidas e sensuais entre o casal. Ent\u00e3o escolha um local ideal para o momento, encarne o artista que existe dentro de voc\u00ea e se delicie nessa tela da paix\u00e3o que \u00e9 o corpo do seu amor.<\/p>\n<p>&nbsp;<\/p>\n<h3><strong>Por que usar comest\u00edveis na rela\u00e7\u00e3o?<\/strong><\/h3>\n<p>&nbsp;<\/p>\n<p>O uso dos cosm\u00e9ticos, principalmente os comest\u00edveis, ajudam a despertar sensa\u00e7\u00f5es de prazer at\u00e9 ent\u00e3o desconhecidas pelo casal, sem contar que ajudam a dar aquela inovada na rela\u00e7\u00e3o, n\u00e3o deixando cair na rotina e aflorando a criatividade do casal entre quatro paredes.<\/p>\n<p>&nbsp;<\/p>\n<h3><strong>Quais os benef\u00edcios de usar a Caneta Comest\u00edvel?<\/strong><\/h3>\n<p>&nbsp;<\/p>\n<ul>\n<li>\u2022 Aflora a criatividade;<\/li>\n<li>\u2022 Sensa\u00e7\u00f5es;<\/li>\n<li>\u2022 Praticidade;<\/li>\n<li>\u2022 Ideal para as preliminares.<\/li>\n<\/ul>\n<p>&nbsp;<\/p>\n<h3><strong>Ficha T\u00e9cnica<\/strong><\/h3>\n<p>&nbsp;<\/p>\n<ul>\n<li>\u2022\u00a0<strong>Cont\u00e9m:<\/strong>\u00a001 Caneta;<\/li>\n<li>\u2022\u00a0<strong>Embalagem:\u00a0<\/strong>Pl\u00e1stica;<\/li>\n<li>\u2022\u00a0<strong>Validade<\/strong>: Presente na embalagem.<\/li>\n<\/ul>\n<p>&nbsp;<\/p>\n<h3><strong>Qual a Composi\u00e7\u00e3o da Caneta Hot?<\/strong><\/h3>\n<p>&nbsp;<\/p>\n<p>A caneta comest\u00edvel possui em sua composi\u00e7\u00e3o Xarope de Glucose, \u00c1gua, Mentol, Aroma Artificial de Menta, Conservante Benzoato de S\u00f3dio (INS 270), Corantes Artificiais Vermelho 40 (INS 129), Azul Brilhante (INS 133) e Vermelho Bordeaux S (INS 123) HAD CONTEM GL\u00daTEN. N\u00c3O CONT\u00c9M LACTOSE.<\/p>\n<p>&nbsp;<\/p>\n<h3><strong>Como usar a Caneta Comest\u00edvel?<\/strong><\/h3>\n<p>&nbsp;<\/p>\n<p>Tire o lacre da tampa, abra a caneta e comece a desenhar cada parte do corpo do seu parceiro(a), e n\u00e3o se esque\u00e7a de provar e abusar dos sabores e sensa\u00e7\u00f5es que ela oferece.<\/p>\n<p>&nbsp;<\/p>\n<h3><strong>Quais cuidados e precau\u00e7\u00f5es preciso ter ao usar a Caneta?<\/strong><\/h3>\n<p>&nbsp;<\/p>\n<ul>\n<li>\u2022 N\u00e3o expor a temperatura superior a 50\u00baC;<\/li>\n<li>\u2022 Evita les\u00f5es ou um agravamento de patologias existentes, n\u00e3o utilizar esse produto em zonas inflamadas, inchadas ou em pele com lacera\u00e7\u00f5es;<\/li>\n<li>\u2022 N\u00e3o compartilhe com nenhum outro parceiro.<\/li>\n<\/ul>\n","protected":false},"excerpt":{"rendered":"<h1><span style=\"color: #ff00ff\">NO PIX R$2,99<\/span><\/h1>\n","protected":false},"featured_media":3379,"comment_status":"open","ping_status":"closed","template":"","meta":[],"product_cat":[37,19,16,43,153],"product_tag":[],"class_list":{"0":"post-3378","1":"product","2":"type-product","3":"status-publish","4":"has-post-thumbnail","6":"product_cat-cosmeticos-e-comestiveis","7":"product_cat-novidades","8":"product_cat-para-ela","9":"product_cat-para-ele","10":"product_cat-sexo-oral","12":"first","13":"instock","14":"sale","15":"shipping-taxable","16":"purchasable","17":"product-type-simple"},"group_of_quantity":0,"min_quantity":0,"max_quantity":"","exclude_order_quantity_value_rules":"no","exclude_category_quantity_rules":"no","combine_variations":"no","_links":{"self":[{"href":"https:\/\/sorvetequente.com.br\/loja\/wp-json\/wp\/v2\/product\/3378","targetHints":{"allow":["GET"]}}],"collection":[{"href":"https:\/\/sorvetequente.com.br\/loja\/wp-json\/wp\/v2\/product"}],"about":[{"href":"https:\/\/sorvetequente.com.br\/loja\/wp-json\/wp\/v2\/types\/product"}],"replies":[{"embeddable":true,"href":"https:\/\/sorvetequente.com.br\/loja\/wp-json\/wp\/v2\/comments?post=3378"}],"wp:featuredmedia":[{"embeddable":true,"href":"https:\/\/sorvetequente.com.br\/loja\/wp-json\/wp\/v2\/media\/3379"}],"wp:attachment":[{"href":"https:\/\/sorvetequente.com.br\/loja\/wp-json\/wp\/v2\/media?parent=3378"}],"wp:term":[{"taxonomy":"product_cat","embeddable":true,"href":"https:\/\/sorvetequente.com.br\/loja\/wp-json\/wp\/v2\/product_cat?post=3378"},{"taxonomy":"product_tag","embeddable":true,"href":"https:\/\/sorvetequente.com.br\/loja\/wp-json\/wp\/v2\/product_tag?post=3378"}],"curies":[{"name":"wp","href":"https:\/\/api.w.org\/{rel}","templated":true}]}}