{"id":3367,"date":"2023-12-24T12:43:50","date_gmt":"2023-12-24T15:43:50","guid":{"rendered":"https:\/\/sorvetequente.com.br\/loja\/?post_type=product&#038;p=3367"},"modified":"2025-07-28T20:33:18","modified_gmt":"2025-07-28T23:33:18","slug":"vibrador-ponto-g-e-clitoris-c-lingua-12-vibracoes-recarregavel","status":"publish","type":"product","link":"https:\/\/sorvetequente.com.br\/loja\/product\/vibrador-ponto-g-e-clitoris-c-lingua-12-vibracoes-recarregavel\/","title":{"rendered":"Vibrador ponto G e clit\u00f3ris C\/ l\u00edngua 12 vibra\u00e7\u00f5es recarreg\u00e1vel"},"content":{"rendered":"<p>Um vibrador com mais maneiras de vc chegar ao ponto m\u00e1ximo do prazer, vibrador ponto G e clit\u00f3ris com l\u00edngua e 12 n\u00edveis de vibra\u00e7\u00e3o que estimula o clit\u00f3ris e o ponto G. Seu toque \u00e9 aveludado e macio, proporcionando assim a mulher muita mais conforto na hora da penetra\u00e7\u00e3o. Produto resistente \u00e0 \u00e1gua! Recarreg\u00e1vel!!<\/p>\n<p>Modo de uso:<br \/>\nLubrificar antes da penetra\u00e7\u00e3o<\/p>\n<p>Tipo de Bateria:<\/p>\n<p>Recarreg\u00e1vel via cabo USB<\/p>\n<p>Material:<br \/>\nABS e TPR<\/p>\n<p>Medidas:<br \/>\n20,5cm de comprimento e 3cm di\u00e2metros (medidas aproximadas)<\/p>\n","protected":false},"excerpt":{"rendered":"<h1><span style=\"color: #ff00ff\">NO PIX R$43,99<\/span><\/h1>\n","protected":false},"featured_media":3368,"comment_status":"open","ping_status":"closed","template":"","meta":[],"product_cat":[76],"product_tag":[],"class_list":{"0":"post-3367","1":"product","2":"type-product","3":"status-publish","4":"has-post-thumbnail","6":"product_cat-vibradores","8":"first","9":"instock","10":"sale","11":"shipping-taxable","12":"purchasable","13":"product-type-variable"},"group_of_quantity":0,"min_quantity":0,"max_quantity":"","exclude_order_quantity_value_rules":"no","exclude_category_quantity_rules":"no","combine_variations":"no","_links":{"self":[{"href":"https:\/\/sorvetequente.com.br\/loja\/wp-json\/wp\/v2\/product\/3367","targetHints":{"allow":["GET"]}}],"collection":[{"href":"https:\/\/sorvetequente.com.br\/loja\/wp-json\/wp\/v2\/product"}],"about":[{"href":"https:\/\/sorvetequente.com.br\/loja\/wp-json\/wp\/v2\/types\/product"}],"replies":[{"embeddable":true,"href":"https:\/\/sorvetequente.com.br\/loja\/wp-json\/wp\/v2\/comments?post=3367"}],"wp:featuredmedia":[{"embeddable":true,"href":"https:\/\/sorvetequente.com.br\/loja\/wp-json\/wp\/v2\/media\/3368"}],"wp:attachment":[{"href":"https:\/\/sorvetequente.com.br\/loja\/wp-json\/wp\/v2\/media?parent=3367"}],"wp:term":[{"taxonomy":"product_cat","embeddable":true,"href":"https:\/\/sorvetequente.com.br\/loja\/wp-json\/wp\/v2\/product_cat?post=3367"},{"taxonomy":"product_tag","embeddable":true,"href":"https:\/\/sorvetequente.com.br\/loja\/wp-json\/wp\/v2\/product_tag?post=3367"}],"curies":[{"name":"wp","href":"https:\/\/api.w.org\/{rel}","templated":true}]}}