{"id":3365,"date":"2023-12-24T12:31:50","date_gmt":"2023-12-24T15:31:50","guid":{"rendered":"https:\/\/sorvetequente.com.br\/loja\/?post_type=product&#038;p=3365"},"modified":"2025-04-21T17:30:19","modified_gmt":"2025-04-21T20:30:19","slug":"vibrador-ponto-g-clitoris-com-lingua-12-vibracoes","status":"publish","type":"product","link":"https:\/\/sorvetequente.com.br\/loja\/product\/vibrador-ponto-g-clitoris-com-lingua-12-vibracoes\/","title":{"rendered":"Vibrador Ponto G Clit\u00f3ris Com L\u00edngua 12 Vibra\u00e7\u00f5es"},"content":{"rendered":"<p>Um vibrador com mais maneiras de vc chegar ao ponto m\u00e1ximo do prazer, vibrador ponto G e clit\u00f3ris com l\u00edngua e 12 n\u00edveis de vibra\u00e7\u00e3o que estimula o clit\u00f3ris e o ponto G. Seu toque \u00e9 aveludado e macio, proporcionando assim a mulher muita mais conforto na hora da penetra\u00e7\u00e3o. Produto resistente \u00e0 \u00e1gua!<\/p>\n<p>Modo de uso:<br \/>\nLubrificar antes da penetra\u00e7\u00e3o<\/p>\n<p>Tipo de Bateria:<br \/>\nUtiliza 2 Pilhas AAA (n\u00e3o inclusas)<\/p>\n<p>Material:<br \/>\nABS e TPR<\/p>\n<p>Medidas:<br \/>\n20,5cm de comprimento e 3cm di\u00e2metros (medidas aproximadas)<\/p>\n","protected":false},"excerpt":{"rendered":"<h1><span style=\"color: #ff00ff\">NO PIX R$34,98<\/span><\/h1>\n","protected":false},"featured_media":3366,"comment_status":"open","ping_status":"closed","template":"","meta":[],"product_cat":[76],"product_tag":[],"class_list":{"0":"post-3365","1":"product","2":"type-product","3":"status-publish","4":"has-post-thumbnail","6":"product_cat-vibradores","8":"first","9":"outofstock","10":"sale","11":"shipping-taxable","12":"purchasable","13":"product-type-simple"},"group_of_quantity":0,"min_quantity":0,"max_quantity":"","exclude_order_quantity_value_rules":"no","exclude_category_quantity_rules":"no","combine_variations":"no","_links":{"self":[{"href":"https:\/\/sorvetequente.com.br\/loja\/wp-json\/wp\/v2\/product\/3365","targetHints":{"allow":["GET"]}}],"collection":[{"href":"https:\/\/sorvetequente.com.br\/loja\/wp-json\/wp\/v2\/product"}],"about":[{"href":"https:\/\/sorvetequente.com.br\/loja\/wp-json\/wp\/v2\/types\/product"}],"replies":[{"embeddable":true,"href":"https:\/\/sorvetequente.com.br\/loja\/wp-json\/wp\/v2\/comments?post=3365"}],"wp:featuredmedia":[{"embeddable":true,"href":"https:\/\/sorvetequente.com.br\/loja\/wp-json\/wp\/v2\/media\/3366"}],"wp:attachment":[{"href":"https:\/\/sorvetequente.com.br\/loja\/wp-json\/wp\/v2\/media?parent=3365"}],"wp:term":[{"taxonomy":"product_cat","embeddable":true,"href":"https:\/\/sorvetequente.com.br\/loja\/wp-json\/wp\/v2\/product_cat?post=3365"},{"taxonomy":"product_tag","embeddable":true,"href":"https:\/\/sorvetequente.com.br\/loja\/wp-json\/wp\/v2\/product_tag?post=3365"}],"curies":[{"name":"wp","href":"https:\/\/api.w.org\/{rel}","templated":true}]}}