{"id":3327,"date":"2023-12-20T14:09:33","date_gmt":"2023-12-20T17:09:33","guid":{"rendered":"https:\/\/sorvetequente.com.br\/loja\/?post_type=product&#038;p=3327"},"modified":"2026-03-27T18:36:20","modified_gmt":"2026-03-27T21:36:20","slug":"yummy-drinks-gel-termico-beijavel-15ml-sexy-fantasy","status":"publish","type":"product","link":"https:\/\/sorvetequente.com.br\/loja\/product\/yummy-drinks-gel-termico-beijavel-15ml-sexy-fantasy\/","title":{"rendered":"YUMMY DRINKS GEL T\u00c9RMICO BEIJ\u00c1VEL 15ML SEXY FANTASY"},"content":{"rendered":"<h3><strong>Como o Gel T\u00e9rmico Yummy funciona?<\/strong><\/h3>\n<p>&nbsp;<\/p>\n<p>Com sua agrad\u00e1vel sensa\u00e7\u00e3o t\u00e9rmica, o\u00a0<strong>Yummy Gel T\u00e9rmico Beij\u00e1vel<\/strong>\u00a0estimula a pele, aumentando a sensibilidade e o prazer nas \u00e1reas mais sens\u00edveis do corpo.<\/p>\n<p>&nbsp;<\/p>\n<p>Sua composi\u00e7\u00e3o exclusiva tamb\u00e9m possui propriedades lubrificantes, garantindo uma experi\u00eancia suave e prazerosa durante o sexo.<\/p>\n<p>&nbsp;<\/p>\n<p><strong>Principais Recursos e benef\u00edcios:<\/strong><\/p>\n<p>&nbsp;<\/p>\n<ul>\n<li>\u2022\u00a0<strong>Beij\u00e1vel:<\/strong>\u00a0Desenvolvido para ser beijado e saboreado, adicionando um toque saboroso \u00e0 sua experi\u00eancia sexual.<\/li>\n<li>\u2022\u00a0<strong>Sensa\u00e7\u00e3o T\u00e9rmica:<\/strong>\u00a0Proporciona um efeito de aquecimento ou resfriamento, intensificando o prazer e a sensibilidade.<\/li>\n<li>\u2022\u00a0<strong>Lubrificante:<\/strong>\u00a0Oferece suavidade e reduz o atrito, tornando os momentos \u00edntimos ainda mais prazerosos.<br \/>\n<strong>Pode ser usado para:<\/strong><\/p>\n<ul>\n<li>\u2022\u00a0<strong>Estimula\u00e7\u00e3o Sexual:<\/strong>\u00a0Perfeito para estimular as\u00a0<strong>zonas er\u00f3genas<\/strong>\u00a0do corpo, proporcionando sensa\u00e7\u00f5es prazerosas durante as atividades sexuais.<\/li>\n<li>\u2022\u00a0<strong>Preliminares:<\/strong>\u00a0Ideal para as preliminares, oferecendo aroma e sabor agrad\u00e1veis para o casal.<\/li>\n<li>\u2022\u00a0<strong>Massagem Corporal:<\/strong>\u00a0Pode ser usado para realizar massagens sensuais, proporcionando relaxamento e est\u00edmulo ao mesmo tempo.<\/li>\n<li>\u2022\u00a0<strong>Jogos Sensuais:<\/strong>\u00a0Permite explorar diferentes sensa\u00e7\u00f5es e prazeres durante as brincadeiras \u00edntimas.<\/li>\n<\/ul>\n<h3><strong>Como usar o Gel?<\/strong><\/h3>\n<ol>\n<li>Aplicar sobre a pele, massageando suavemente at\u00e9 completa absor\u00e7\u00e3o.<\/li>\n<\/ol>\n<h3><strong><em>Principais d\u00favidas sobre o Yummy Drinks<\/em><\/strong><\/h3>\n<h3><strong>O que \u00e9 Yummy Gel?<\/strong><\/h3>\n<p>\u00c9 um\u00a0<strong>gel t\u00e9rmico beij\u00e1vel<\/strong>\u00a0da\u00a0<strong>Sexy Fantasy<\/strong>\u00a0com um poder incr\u00edvel de estimula\u00e7\u00e3o sexual, muito conhecido pela sua capacidade de proporcionar uma intensa excita\u00e7\u00e3o em massagens sensuais e preliminares.<\/p>\n<h3><strong>O gel \u00e9 seguro para o uso \u00edntimo?<\/strong><\/h3>\n<p>Sim, o\u00a0<strong>Yummy Gel<\/strong>\u00a0foi desenvolvido especialmente para ser utilizado com seguran\u00e7a nas \u00e1reas \u00edntimas.<\/p>\n<h3><strong>\u00c9 seguro para ingest\u00e3o?<\/strong><\/h3>\n<p>Sim, o\u00a0<strong>gel<\/strong>\u00a0\u00e9 comest\u00edvel e foi desenvolvido para ser beijado e saboreado com seguran\u00e7a.<\/p>\n<h3><strong>\u00c9 um lubrificante eficaz?<\/strong><\/h3>\n<p>Sim, al\u00e9m de suas propriedades estimulantes, o\u00a0<strong>gel<\/strong>\u00a0tamb\u00e9m possui propriedades lubrificantes, garantindo suavidade e conforto durante a intimidade.<\/p>\n<h3><strong>\u00c9 compat\u00edvel com preservativos?<\/strong><\/h3>\n<p>Sim, o\u00a0<strong>gel<\/strong>\u00a0\u00e9 compat\u00edvel com preservativos de l\u00e1tex.<\/p>\n<h3><strong>Ficha T\u00e9cnica<\/strong><\/h3>\n<ul>\n<li>\u2022\u00a0<strong>Cont\u00e9m:<\/strong>\u00a001 Gel 15ml ;<\/li>\n<li>\u2022\u00a0<strong>Embalagem:<\/strong>\u00a0Bisnaga;<\/li>\n<li>\u2022\u00a0<strong>Tamanho do produto:<\/strong>\u00a02&#215;8,5x2cm.<\/li>\n<\/ul>\n<\/li>\n<\/ul>\n","protected":false},"excerpt":{"rendered":"<h1><span style=\"color: #ff00ff\">NO PIX R$4,98<\/span><\/h1>\n","protected":false},"featured_media":3328,"comment_status":"open","ping_status":"closed","template":"","meta":[],"product_cat":[15,37,19,66,153],"product_tag":[],"class_list":{"0":"post-3327","1":"product","2":"type-product","3":"status-publish","4":"has-post-thumbnail","6":"product_cat-promocoes","7":"product_cat-cosmeticos-e-comestiveis","8":"product_cat-novidades","9":"product_cat-promocao-relampago","10":"product_cat-sexo-oral","11":"pa_sabor-caipirinha","12":"pa_sabor-gin-tonica","13":"pa_sabor-vinho-tinto","14":"pa_sabor-vodka-com-melancia","15":"pa_sabor-wisky-com-energetico","17":"first","18":"instock","19":"sale","20":"shipping-taxable","21":"purchasable","22":"product-type-variable"},"group_of_quantity":0,"min_quantity":0,"max_quantity":"","exclude_order_quantity_value_rules":"no","exclude_category_quantity_rules":"no","combine_variations":"no","_links":{"self":[{"href":"https:\/\/sorvetequente.com.br\/loja\/wp-json\/wp\/v2\/product\/3327","targetHints":{"allow":["GET"]}}],"collection":[{"href":"https:\/\/sorvetequente.com.br\/loja\/wp-json\/wp\/v2\/product"}],"about":[{"href":"https:\/\/sorvetequente.com.br\/loja\/wp-json\/wp\/v2\/types\/product"}],"replies":[{"embeddable":true,"href":"https:\/\/sorvetequente.com.br\/loja\/wp-json\/wp\/v2\/comments?post=3327"}],"wp:featuredmedia":[{"embeddable":true,"href":"https:\/\/sorvetequente.com.br\/loja\/wp-json\/wp\/v2\/media\/3328"}],"wp:attachment":[{"href":"https:\/\/sorvetequente.com.br\/loja\/wp-json\/wp\/v2\/media?parent=3327"}],"wp:term":[{"taxonomy":"product_cat","embeddable":true,"href":"https:\/\/sorvetequente.com.br\/loja\/wp-json\/wp\/v2\/product_cat?post=3327"},{"taxonomy":"product_tag","embeddable":true,"href":"https:\/\/sorvetequente.com.br\/loja\/wp-json\/wp\/v2\/product_tag?post=3327"}],"curies":[{"name":"wp","href":"https:\/\/api.w.org\/{rel}","templated":true}]}}