{"id":3209,"date":"2023-10-29T17:06:49","date_gmt":"2023-10-29T20:06:49","guid":{"rendered":"https:\/\/sorvetequente.com.br\/loja\/?post_type=product&#038;p=3209"},"modified":"2025-05-03T16:37:21","modified_gmt":"2025-05-03T19:37:21","slug":"anel-peniano-rabbit-com-estimulador-de-clitoris","status":"publish","type":"product","link":"https:\/\/sorvetequente.com.br\/loja\/product\/anel-peniano-rabbit-com-estimulador-de-clitoris\/","title":{"rendered":"ANEL PENIANO RABBIT COM ESTIMULADOR DE CLIT\u00d3RIS"},"content":{"rendered":"<p>Anel peniano vibrador em silicone macio e super excitante!<\/p>\n<p>Modo de uso:<br \/>\nUtilize lubrificante a base de \u00e1gua, insira o p\u00eanis ereto no anel e ligue o vibrador atrav\u00e9s do bot\u00e3o lateral do bullet<\/p>\n<p>Bateria:<br \/>\nUtiliza 2 baterias L936 (inclusas)<\/p>\n<p>Material:<br \/>\nSilicone super macio<\/p>\n<p>Medidas:<br \/>\nMede 7,5cm de comprimento por at\u00e9 3,3cm de largura (medidas aproximadas)<\/p>\n","protected":false},"excerpt":{"rendered":"<h1><span style=\"color: #ff00ff\">NO PIX R$6,84<\/span><\/h1>\n","protected":false},"featured_media":3210,"comment_status":"open","ping_status":"closed","template":"","meta":[],"product_cat":[23,76],"product_tag":[],"class_list":{"0":"post-3209","1":"product","2":"type-product","3":"status-publish","4":"has-post-thumbnail","6":"product_cat-acessorios","7":"product_cat-vibradores","9":"first","10":"outofstock","11":"sale","12":"shipping-taxable","13":"purchasable","14":"product-type-simple"},"group_of_quantity":0,"min_quantity":0,"max_quantity":"","exclude_order_quantity_value_rules":"no","exclude_category_quantity_rules":"no","combine_variations":"no","_links":{"self":[{"href":"https:\/\/sorvetequente.com.br\/loja\/wp-json\/wp\/v2\/product\/3209","targetHints":{"allow":["GET"]}}],"collection":[{"href":"https:\/\/sorvetequente.com.br\/loja\/wp-json\/wp\/v2\/product"}],"about":[{"href":"https:\/\/sorvetequente.com.br\/loja\/wp-json\/wp\/v2\/types\/product"}],"replies":[{"embeddable":true,"href":"https:\/\/sorvetequente.com.br\/loja\/wp-json\/wp\/v2\/comments?post=3209"}],"wp:featuredmedia":[{"embeddable":true,"href":"https:\/\/sorvetequente.com.br\/loja\/wp-json\/wp\/v2\/media\/3210"}],"wp:attachment":[{"href":"https:\/\/sorvetequente.com.br\/loja\/wp-json\/wp\/v2\/media?parent=3209"}],"wp:term":[{"taxonomy":"product_cat","embeddable":true,"href":"https:\/\/sorvetequente.com.br\/loja\/wp-json\/wp\/v2\/product_cat?post=3209"},{"taxonomy":"product_tag","embeddable":true,"href":"https:\/\/sorvetequente.com.br\/loja\/wp-json\/wp\/v2\/product_tag?post=3209"}],"curies":[{"name":"wp","href":"https:\/\/api.w.org\/{rel}","templated":true}]}}