{"id":3123,"date":"2023-10-28T23:55:27","date_gmt":"2023-10-29T02:55:27","guid":{"rendered":"https:\/\/sorvetequente.com.br\/loja\/?post_type=product&#038;p=3123"},"modified":"2026-03-25T20:41:33","modified_gmt":"2026-03-25T23:41:33","slug":"bolinha-explosiva-beijavel-satisfaction-kiss-me-com-3-unidades","status":"publish","type":"product","link":"https:\/\/sorvetequente.com.br\/loja\/product\/bolinha-explosiva-beijavel-satisfaction-kiss-me-com-3-unidades\/","title":{"rendered":"BOLINHA EXPLOSIVA BEIJAVEL SATISFACTION KISS ME COM 3 UNIDADES"},"content":{"rendered":"<p>Bolinha Beij\u00e1vel Kiss Me Ice 03 Unidades. Bolinha arom\u00e1tica gelatinosa com \u00f3leo corporal beij\u00e1vel, alta lubrifica\u00e7\u00e3o!<\/p>\n<p>Cont\u00e9m:<br \/>\n03 unidades<\/p>\n","protected":false},"excerpt":{"rendered":"<h1><span style=\"color: #ff00ff\">NO PIX R$2,49<\/span><\/h1>\n","protected":false},"featured_media":3135,"comment_status":"open","ping_status":"closed","template":"","meta":[],"product_cat":[15,133,37,75,66],"product_tag":[],"class_list":{"0":"post-3123","1":"product","2":"type-product","3":"status-publish","4":"has-post-thumbnail","6":"product_cat-promocoes","7":"product_cat-bolinhas-explosivas","8":"product_cat-cosmeticos-e-comestiveis","9":"product_cat-lubrificantes","10":"product_cat-promocao-relampago","11":"pa_sabor-algodao-doce","12":"pa_sabor-chiclete","13":"pa_sabor-chocolate","14":"pa_sabor-chocomenta","15":"pa_sabor-frutas-vermelhas","16":"pa_sabor-halls","17":"pa_sabor-hortela","18":"pa_sabor-menta","19":"pa_sabor-morango","20":"pa_sabor-sensacao","21":"pa_sabor-uva","23":"first","24":"outofstock","25":"shipping-taxable","26":"product-type-variable"},"group_of_quantity":0,"min_quantity":0,"max_quantity":"","exclude_order_quantity_value_rules":"no","exclude_category_quantity_rules":"no","combine_variations":"no","_links":{"self":[{"href":"https:\/\/sorvetequente.com.br\/loja\/wp-json\/wp\/v2\/product\/3123","targetHints":{"allow":["GET"]}}],"collection":[{"href":"https:\/\/sorvetequente.com.br\/loja\/wp-json\/wp\/v2\/product"}],"about":[{"href":"https:\/\/sorvetequente.com.br\/loja\/wp-json\/wp\/v2\/types\/product"}],"replies":[{"embeddable":true,"href":"https:\/\/sorvetequente.com.br\/loja\/wp-json\/wp\/v2\/comments?post=3123"}],"wp:featuredmedia":[{"embeddable":true,"href":"https:\/\/sorvetequente.com.br\/loja\/wp-json\/wp\/v2\/media\/3135"}],"wp:attachment":[{"href":"https:\/\/sorvetequente.com.br\/loja\/wp-json\/wp\/v2\/media?parent=3123"}],"wp:term":[{"taxonomy":"product_cat","embeddable":true,"href":"https:\/\/sorvetequente.com.br\/loja\/wp-json\/wp\/v2\/product_cat?post=3123"},{"taxonomy":"product_tag","embeddable":true,"href":"https:\/\/sorvetequente.com.br\/loja\/wp-json\/wp\/v2\/product_tag?post=3123"}],"curies":[{"name":"wp","href":"https:\/\/api.w.org\/{rel}","templated":true}]}}