{"id":3114,"date":"2023-10-28T23:12:58","date_gmt":"2023-10-29T02:12:58","guid":{"rendered":"https:\/\/sorvetequente.com.br\/loja\/?post_type=product&#038;p=3114"},"modified":"2026-04-03T19:42:09","modified_gmt":"2026-04-03T22:42:09","slug":"bolinha-explosiva-satisfaction-chinesinha-com-4-unidades","status":"publish","type":"product","link":"https:\/\/sorvetequente.com.br\/loja\/product\/bolinha-explosiva-satisfaction-chinesinha-com-4-unidades\/","title":{"rendered":"BOLINHA EXPLOSIVA SATISFACTION CHINESINHA COM 4 UNIDADES"},"content":{"rendered":"<div class=\"conteudoFecha\">\n<p>A Iessball Chinesinha \u00e9 um poderoso excitante unissex, possui como base o \u00f3leo de girassol e ess\u00eancia de canela, proporcionando uma sensa\u00e7\u00e3o poderosa de aquecimento que auxilia na estimula\u00e7\u00e3o e aumenta o seu prazer na hora da penetra\u00e7\u00e3o.<\/p>\n<p><strong>Ficha T\u00e9cnica<\/strong><br \/>\n<strong>Cont\u00e9m:\u00a0<\/strong>4 unidades.<\/p>\n<p>Produto n\u00e3o beij\u00e1vel.<br \/>\nUso Unissex.<\/p>\n<p><strong>Modo de usar:<\/strong><br \/>\nPressionar as capsulas at\u00e9 estourar e espalhar o conte\u00fado na regi\u00e3o desejada.<\/p>\n<\/div>\n<div class=\"botaoFechar\"><\/div>\n","protected":false},"excerpt":{"rendered":"<h1><span style=\"color: #ff00ff\">NO PIX R$3,39<\/span><\/h1>\n","protected":false},"featured_media":3115,"comment_status":"open","ping_status":"closed","template":"","meta":[],"product_cat":[15,133,37,75,19],"product_tag":[],"class_list":{"0":"post-3114","1":"product","2":"type-product","3":"status-publish","4":"has-post-thumbnail","6":"product_cat-promocoes","7":"product_cat-bolinhas-explosivas","8":"product_cat-cosmeticos-e-comestiveis","9":"product_cat-lubrificantes","10":"product_cat-novidades","12":"first","13":"instock","14":"sale","15":"shipping-taxable","16":"purchasable","17":"product-type-simple"},"group_of_quantity":0,"min_quantity":0,"max_quantity":"","exclude_order_quantity_value_rules":"no","exclude_category_quantity_rules":"no","combine_variations":"no","_links":{"self":[{"href":"https:\/\/sorvetequente.com.br\/loja\/wp-json\/wp\/v2\/product\/3114","targetHints":{"allow":["GET"]}}],"collection":[{"href":"https:\/\/sorvetequente.com.br\/loja\/wp-json\/wp\/v2\/product"}],"about":[{"href":"https:\/\/sorvetequente.com.br\/loja\/wp-json\/wp\/v2\/types\/product"}],"replies":[{"embeddable":true,"href":"https:\/\/sorvetequente.com.br\/loja\/wp-json\/wp\/v2\/comments?post=3114"}],"wp:featuredmedia":[{"embeddable":true,"href":"https:\/\/sorvetequente.com.br\/loja\/wp-json\/wp\/v2\/media\/3115"}],"wp:attachment":[{"href":"https:\/\/sorvetequente.com.br\/loja\/wp-json\/wp\/v2\/media?parent=3114"}],"wp:term":[{"taxonomy":"product_cat","embeddable":true,"href":"https:\/\/sorvetequente.com.br\/loja\/wp-json\/wp\/v2\/product_cat?post=3114"},{"taxonomy":"product_tag","embeddable":true,"href":"https:\/\/sorvetequente.com.br\/loja\/wp-json\/wp\/v2\/product_tag?post=3114"}],"curies":[{"name":"wp","href":"https:\/\/api.w.org\/{rel}","templated":true}]}}