{"id":3108,"date":"2023-10-28T23:06:24","date_gmt":"2023-10-29T02:06:24","guid":{"rendered":"https:\/\/sorvetequente.com.br\/loja\/?post_type=product&#038;p=3108"},"modified":"2026-04-03T19:42:27","modified_gmt":"2026-04-03T22:42:27","slug":"bolinha-explosiva-satisfaction-hot-com-4-unidades","status":"publish","type":"product","link":"https:\/\/sorvetequente.com.br\/loja\/product\/bolinha-explosiva-satisfaction-hot-com-4-unidades\/","title":{"rendered":"BOLINHA EXPLOSIVA SATISFACTION HOT COM 4 UNIDADES"},"content":{"rendered":"<p>A bolinha Hot \u00e9 uma c\u00e1psula gelatinosa funcional que aumenta a sensibilidade e estimula a circula\u00e7\u00e3o sangu\u00ednea da regi\u00e3o, provocando\u00a0<strong>sensa\u00e7\u00f5es calorosas que intensificam o prazer a dois<\/strong>. Um produto vers\u00e1til que pode ser usado para instigar o parceiro e apimentar ainda mais a rela\u00e7\u00e3o.<\/p>\n<p><strong>Ficha T\u00e9cnica:<\/strong><br \/>\nFun\u00e7\u00e3o: Sensibilizar, Esquentar e Lubrificar.<br \/>\nCont\u00e9m: 4 unidades.<br \/>\n<strong>Uso Unissex.<\/strong><\/p>\n<p><strong>Modo de usar:<\/strong><br \/>\nA c\u00e1psula se dissolve em contato com o calor da pele liberando seu conte\u00fado. Seu efeito hot se intensifica com a massagem, proporcionando uma sensa\u00e7\u00e3o \u00fanica de prazer.<\/p>\n","protected":false},"excerpt":{"rendered":"<h1><span style=\"color: #ff00ff\">NO PIX R$3,39<\/span><\/h1>\n","protected":false},"featured_media":3109,"comment_status":"open","ping_status":"closed","template":"","meta":[],"product_cat":[15,133,37,75],"product_tag":[],"class_list":{"0":"post-3108","1":"product","2":"type-product","3":"status-publish","4":"has-post-thumbnail","6":"product_cat-promocoes","7":"product_cat-bolinhas-explosivas","8":"product_cat-cosmeticos-e-comestiveis","9":"product_cat-lubrificantes","11":"first","12":"instock","13":"sale","14":"shipping-taxable","15":"purchasable","16":"product-type-simple"},"group_of_quantity":0,"min_quantity":0,"max_quantity":"","exclude_order_quantity_value_rules":"no","exclude_category_quantity_rules":"no","combine_variations":"no","_links":{"self":[{"href":"https:\/\/sorvetequente.com.br\/loja\/wp-json\/wp\/v2\/product\/3108","targetHints":{"allow":["GET"]}}],"collection":[{"href":"https:\/\/sorvetequente.com.br\/loja\/wp-json\/wp\/v2\/product"}],"about":[{"href":"https:\/\/sorvetequente.com.br\/loja\/wp-json\/wp\/v2\/types\/product"}],"replies":[{"embeddable":true,"href":"https:\/\/sorvetequente.com.br\/loja\/wp-json\/wp\/v2\/comments?post=3108"}],"wp:featuredmedia":[{"embeddable":true,"href":"https:\/\/sorvetequente.com.br\/loja\/wp-json\/wp\/v2\/media\/3109"}],"wp:attachment":[{"href":"https:\/\/sorvetequente.com.br\/loja\/wp-json\/wp\/v2\/media?parent=3108"}],"wp:term":[{"taxonomy":"product_cat","embeddable":true,"href":"https:\/\/sorvetequente.com.br\/loja\/wp-json\/wp\/v2\/product_cat?post=3108"},{"taxonomy":"product_tag","embeddable":true,"href":"https:\/\/sorvetequente.com.br\/loja\/wp-json\/wp\/v2\/product_tag?post=3108"}],"curies":[{"name":"wp","href":"https:\/\/api.w.org\/{rel}","templated":true}]}}