{"id":3098,"date":"2023-10-28T22:49:33","date_gmt":"2023-10-29T01:49:33","guid":{"rendered":"https:\/\/sorvetequente.com.br\/loja\/?post_type=product&#038;p=3098"},"modified":"2026-04-03T19:43:02","modified_gmt":"2026-04-03T22:43:02","slug":"bolinha-explosiva-satisfaction-apertadinha-com-4-unidades","status":"publish","type":"product","link":"https:\/\/sorvetequente.com.br\/loja\/product\/bolinha-explosiva-satisfaction-apertadinha-com-4-unidades\/","title":{"rendered":"BOLINHA EXPLOSIVA SATISFACTION APERTADINHA COM 4 UNIDADES"},"content":{"rendered":"<p>A bolinha Apertadinha \u00e9 uma c\u00e1psula feita em gelatina com diversos efeitos funcionais, levando sensa\u00e7\u00f5es de mais\u00a0<strong>apertada<\/strong>\u00a0durante a penetra\u00e7\u00e3o, sendo assim, uma rela\u00e7\u00e3o mais prazerosa. Sinta a sensa\u00e7\u00e3o da primeira vez,\u00a0<strong>quantas vezes desejar!<\/strong><\/p>\n<p><strong>Ficha t\u00e9cnica<\/strong><br \/>\nFun\u00e7\u00e3o: Efeito adstringente, estimula o estreitamento da vagina.<br \/>\nCont\u00e9m: 4 unidades.<\/p>\n<p><strong>Modo de Usar:<\/strong><br \/>\nA c\u00e1psula se dissolve em contato com o calor da pele liberando seu conte\u00fado.<\/p>\n","protected":false},"excerpt":{"rendered":"<h1><span style=\"color: #ff00ff\">NO PIX R$3,39<\/span><\/h1>\n","protected":false},"featured_media":3101,"comment_status":"open","ping_status":"closed","template":"","meta":[],"product_cat":[15,133,37,75],"product_tag":[],"class_list":{"0":"post-3098","1":"product","2":"type-product","3":"status-publish","4":"has-post-thumbnail","6":"product_cat-promocoes","7":"product_cat-bolinhas-explosivas","8":"product_cat-cosmeticos-e-comestiveis","9":"product_cat-lubrificantes","11":"first","12":"instock","13":"sale","14":"shipping-taxable","15":"purchasable","16":"product-type-simple"},"group_of_quantity":0,"min_quantity":0,"max_quantity":"","exclude_order_quantity_value_rules":"no","exclude_category_quantity_rules":"no","combine_variations":"no","_links":{"self":[{"href":"https:\/\/sorvetequente.com.br\/loja\/wp-json\/wp\/v2\/product\/3098","targetHints":{"allow":["GET"]}}],"collection":[{"href":"https:\/\/sorvetequente.com.br\/loja\/wp-json\/wp\/v2\/product"}],"about":[{"href":"https:\/\/sorvetequente.com.br\/loja\/wp-json\/wp\/v2\/types\/product"}],"replies":[{"embeddable":true,"href":"https:\/\/sorvetequente.com.br\/loja\/wp-json\/wp\/v2\/comments?post=3098"}],"wp:featuredmedia":[{"embeddable":true,"href":"https:\/\/sorvetequente.com.br\/loja\/wp-json\/wp\/v2\/media\/3101"}],"wp:attachment":[{"href":"https:\/\/sorvetequente.com.br\/loja\/wp-json\/wp\/v2\/media?parent=3098"}],"wp:term":[{"taxonomy":"product_cat","embeddable":true,"href":"https:\/\/sorvetequente.com.br\/loja\/wp-json\/wp\/v2\/product_cat?post=3098"},{"taxonomy":"product_tag","embeddable":true,"href":"https:\/\/sorvetequente.com.br\/loja\/wp-json\/wp\/v2\/product_tag?post=3098"}],"curies":[{"name":"wp","href":"https:\/\/api.w.org\/{rel}","templated":true}]}}