{"id":3096,"date":"2023-10-28T16:03:14","date_gmt":"2023-10-28T19:03:14","guid":{"rendered":"https:\/\/sorvetequente.com.br\/loja\/?post_type=product&#038;p=3096"},"modified":"2026-04-03T19:43:16","modified_gmt":"2026-04-03T22:43:16","slug":"bolinha-explosiva-satisfaction-365-dias-com-4-unidades","status":"publish","type":"product","link":"https:\/\/sorvetequente.com.br\/loja\/product\/bolinha-explosiva-satisfaction-365-dias-com-4-unidades\/","title":{"rendered":"BOLINHA EXPLOSIVA SATISFACTION 365 DIAS COM 4 UNIDADES"},"content":{"rendered":"<p><strong>365 DIAS Prazer <\/strong>s\u00e3o pequenas bolinhas com forma de c\u00e1psulas, e s\u00e3o designadas para massagens sensuais elas possuem\u00a0<strong>aroma<\/strong>\u00a0de vinho, que ir\u00e3o fazer com que voc\u00ea deseje que as preliminares n\u00e3o acabem, ainda mais com as sensa\u00e7\u00f5es de esquenta e vibra. As c\u00e1psulas podem ser estouradas diretamente na pele e realizar uma massagem sensual e instigante sobre as regi\u00f5es mais sens\u00edveis do corpo.<\/p>\n<p><strong>Ficha T\u00e9cnica<\/strong><br \/>\n<strong>Cont\u00e9m:\u00a0<\/strong>4 c\u00e1psulas para massag.<br \/>\n<strong>Composi\u00e7\u00e3o:\u00a0<\/strong>Eletrizante, aroma de Vinho.<\/p>\n<p><strong>Modo de Uso:<\/strong><br \/>\nMassageie a bolinha pressionando-a no corpo em movimentos circulares. Ela em instantes ir\u00e1 liberar um \u00f3leo que far\u00e1 com que a massagem fique mais prazerosa e relaxante.<\/p>\n","protected":false},"excerpt":{"rendered":"<h1><span style=\"color: #ff00ff\">NO PIX R$3,39<\/span><\/h1>\n","protected":false},"featured_media":3097,"comment_status":"open","ping_status":"closed","template":"","meta":[],"product_cat":[15,133,37,75],"product_tag":[],"class_list":{"0":"post-3096","1":"product","2":"type-product","3":"status-publish","4":"has-post-thumbnail","6":"product_cat-promocoes","7":"product_cat-bolinhas-explosivas","8":"product_cat-cosmeticos-e-comestiveis","9":"product_cat-lubrificantes","11":"first","12":"instock","13":"sale","14":"shipping-taxable","15":"purchasable","16":"product-type-simple"},"group_of_quantity":0,"min_quantity":0,"max_quantity":"","exclude_order_quantity_value_rules":"no","exclude_category_quantity_rules":"no","combine_variations":"no","_links":{"self":[{"href":"https:\/\/sorvetequente.com.br\/loja\/wp-json\/wp\/v2\/product\/3096","targetHints":{"allow":["GET"]}}],"collection":[{"href":"https:\/\/sorvetequente.com.br\/loja\/wp-json\/wp\/v2\/product"}],"about":[{"href":"https:\/\/sorvetequente.com.br\/loja\/wp-json\/wp\/v2\/types\/product"}],"replies":[{"embeddable":true,"href":"https:\/\/sorvetequente.com.br\/loja\/wp-json\/wp\/v2\/comments?post=3096"}],"wp:featuredmedia":[{"embeddable":true,"href":"https:\/\/sorvetequente.com.br\/loja\/wp-json\/wp\/v2\/media\/3097"}],"wp:attachment":[{"href":"https:\/\/sorvetequente.com.br\/loja\/wp-json\/wp\/v2\/media?parent=3096"}],"wp:term":[{"taxonomy":"product_cat","embeddable":true,"href":"https:\/\/sorvetequente.com.br\/loja\/wp-json\/wp\/v2\/product_cat?post=3096"},{"taxonomy":"product_tag","embeddable":true,"href":"https:\/\/sorvetequente.com.br\/loja\/wp-json\/wp\/v2\/product_tag?post=3096"}],"curies":[{"name":"wp","href":"https:\/\/api.w.org\/{rel}","templated":true}]}}