{"id":3057,"date":"2023-10-25T18:46:52","date_gmt":"2023-10-25T21:46:52","guid":{"rendered":"https:\/\/sorvetequente.com.br\/loja\/?post_type=product&#038;p=3057"},"modified":"2026-04-03T18:28:00","modified_gmt":"2026-04-03T21:28:00","slug":"trepadeira-excitante-feminino-15gr-hot-flowers","status":"publish","type":"product","link":"https:\/\/sorvetequente.com.br\/loja\/product\/trepadeira-excitante-feminino-15gr-hot-flowers\/","title":{"rendered":"TREPADEIRA EXCITANTE FEMININO 15gr HOT FLOWERS"},"content":{"rendered":"<p>O Gel Umectante\u00a0<strong>Trepadeira<\/strong>\u00a0possui a fun\u00e7\u00e3o de\u00a0<strong>aumentar<\/strong>\u00a0a circula\u00e7\u00e3o sangu\u00ednea,\u00a0<strong>sensibilizando<\/strong>\u00a0e excitando, proporcionando uma sensa\u00e7\u00e3o\u00a0<strong>super calorosa<\/strong>\u00a0no local aplicado. Ideal para voc\u00ea que deseja sentir um prazer a mais na hora da rela\u00e7\u00e3o com o seu amado.<\/p>\n<p><strong>Ficha T\u00e9cnica:<\/strong><br \/>\n<strong>Cont\u00e9m:\u00a0<\/strong>15g<br \/>\n<strong>Fun\u00e7\u00e3o:\u00a0<\/strong>Esquentar, Excitar e Lubrificar.<br \/>\n<strong>Embalagem:\u00a0<\/strong>Frasnaga.<\/p>\n<p><strong>Modo de usar:<\/strong><br \/>\nColocar a quantidade desejada na ponta dos dedos e aplicar no local, massageando delicadamente. O \u00f3leo em instantes ir\u00e1 dar uma leve aquecida e far\u00e1 com que a massagem fique mais prazerosa e relaxante.<\/p>\n<p><strong>Recomenda\u00e7\u00f5es:<\/strong><br \/>\nEvite contato com os olhos. Projeta o produto do calor, da umidade e da luz. No caso de irrita\u00e7\u00e3o, suspenda o uso e, se necess\u00e1rio, procure orienta\u00e7\u00e3o m\u00e9dica.<\/p>\n<p>Mantenha fora do alcance das crian\u00e7as<\/p>\n","protected":false},"excerpt":{"rendered":"<h1><span style=\"color: #ff00ff\">NO PIX R$6,87<\/span><\/h1>\n","protected":false},"featured_media":3059,"comment_status":"open","ping_status":"closed","template":"","meta":[],"product_cat":[37,16],"product_tag":[],"class_list":{"0":"post-3057","1":"product","2":"type-product","3":"status-publish","4":"has-post-thumbnail","6":"product_cat-cosmeticos-e-comestiveis","7":"product_cat-para-ela","9":"first","10":"instock","11":"sale","12":"shipping-taxable","13":"purchasable","14":"product-type-simple"},"group_of_quantity":0,"min_quantity":0,"max_quantity":"","exclude_order_quantity_value_rules":"no","exclude_category_quantity_rules":"no","combine_variations":"no","_links":{"self":[{"href":"https:\/\/sorvetequente.com.br\/loja\/wp-json\/wp\/v2\/product\/3057","targetHints":{"allow":["GET"]}}],"collection":[{"href":"https:\/\/sorvetequente.com.br\/loja\/wp-json\/wp\/v2\/product"}],"about":[{"href":"https:\/\/sorvetequente.com.br\/loja\/wp-json\/wp\/v2\/types\/product"}],"replies":[{"embeddable":true,"href":"https:\/\/sorvetequente.com.br\/loja\/wp-json\/wp\/v2\/comments?post=3057"}],"wp:featuredmedia":[{"embeddable":true,"href":"https:\/\/sorvetequente.com.br\/loja\/wp-json\/wp\/v2\/media\/3059"}],"wp:attachment":[{"href":"https:\/\/sorvetequente.com.br\/loja\/wp-json\/wp\/v2\/media?parent=3057"}],"wp:term":[{"taxonomy":"product_cat","embeddable":true,"href":"https:\/\/sorvetequente.com.br\/loja\/wp-json\/wp\/v2\/product_cat?post=3057"},{"taxonomy":"product_tag","embeddable":true,"href":"https:\/\/sorvetequente.com.br\/loja\/wp-json\/wp\/v2\/product_tag?post=3057"}],"curies":[{"name":"wp","href":"https:\/\/api.w.org\/{rel}","templated":true}]}}