{"id":3039,"date":"2023-10-25T17:10:28","date_gmt":"2023-10-25T20:10:28","guid":{"rendered":"https:\/\/sorvetequente.com.br\/loja\/?post_type=product&#038;p=3039"},"modified":"2026-02-05T16:14:42","modified_gmt":"2026-02-05T19:14:42","slug":"dita-dura-provocador-masculino-15gr-hot-flowers","status":"publish","type":"product","link":"https:\/\/sorvetequente.com.br\/loja\/product\/dita-dura-provocador-masculino-15gr-hot-flowers\/","title":{"rendered":"DITA DURA PROVOCADOR MASCULINO 15gr HOT FLOWERS"},"content":{"rendered":"<p>O Gel Umectante\u00a0<strong>Dita Dura<\/strong>\u00a0\u00e9 perfeito para voc\u00ea que deseja uma noite dura como pedra. Em sua formula cont\u00e9m extrato de Ginseng que aquece a regi\u00e3o intima, trazendo mais prazer para a sua rela\u00e7\u00e3o e provocando a ere\u00e7\u00e3o.<\/p>\n<p><strong>Ficha T\u00e9cnica:<\/strong><br \/>\n<strong>Cont\u00e9m:\u00a0<\/strong>15g<br \/>\n<strong>Fun\u00e7\u00e3o:\u00a0<\/strong>Esquentar, Excitar e Lubrificar.<br \/>\n<strong>Embalagem:\u00a0<\/strong>Frasnaga.<\/p>\n<p><strong>Modo de usar:<\/strong><br \/>\nColocar a quantidade desejada na ponta dos dedos e aplicar no local, massageando delicadamente. O \u00f3leo em instantes ir\u00e1 dar uma leve aquecida e far\u00e1 com que a massagem fique mais prazerosa e relaxante.<\/p>\n<p><strong>Recomenda\u00e7\u00f5es:<\/strong><br \/>\nEvite contato com os olhos. Projeta o produto do calor, da umidade e da luz. No caso de irrita\u00e7\u00e3o, suspenda o uso e, se necess\u00e1rio, procure orienta\u00e7\u00e3o m\u00e9dica.<\/p>\n<p>Mantenha fora do alcance das crian\u00e7as.<\/p>\n","protected":false},"excerpt":{"rendered":"<h1><span style=\"color: #ff00ff\">NO PIX R$6,87<\/span><\/h1>\n","protected":false},"featured_media":3040,"comment_status":"open","ping_status":"closed","template":"","meta":[],"product_cat":[37,43,66],"product_tag":[],"class_list":{"0":"post-3039","1":"product","2":"type-product","3":"status-publish","4":"has-post-thumbnail","6":"product_cat-cosmeticos-e-comestiveis","7":"product_cat-para-ele","8":"product_cat-promocao-relampago","10":"first","11":"instock","12":"sale","13":"shipping-taxable","14":"purchasable","15":"product-type-simple"},"group_of_quantity":0,"min_quantity":0,"max_quantity":"","exclude_order_quantity_value_rules":"no","exclude_category_quantity_rules":"no","combine_variations":"no","_links":{"self":[{"href":"https:\/\/sorvetequente.com.br\/loja\/wp-json\/wp\/v2\/product\/3039","targetHints":{"allow":["GET"]}}],"collection":[{"href":"https:\/\/sorvetequente.com.br\/loja\/wp-json\/wp\/v2\/product"}],"about":[{"href":"https:\/\/sorvetequente.com.br\/loja\/wp-json\/wp\/v2\/types\/product"}],"replies":[{"embeddable":true,"href":"https:\/\/sorvetequente.com.br\/loja\/wp-json\/wp\/v2\/comments?post=3039"}],"wp:featuredmedia":[{"embeddable":true,"href":"https:\/\/sorvetequente.com.br\/loja\/wp-json\/wp\/v2\/media\/3040"}],"wp:attachment":[{"href":"https:\/\/sorvetequente.com.br\/loja\/wp-json\/wp\/v2\/media?parent=3039"}],"wp:term":[{"taxonomy":"product_cat","embeddable":true,"href":"https:\/\/sorvetequente.com.br\/loja\/wp-json\/wp\/v2\/product_cat?post=3039"},{"taxonomy":"product_tag","embeddable":true,"href":"https:\/\/sorvetequente.com.br\/loja\/wp-json\/wp\/v2\/product_tag?post=3039"}],"curies":[{"name":"wp","href":"https:\/\/api.w.org\/{rel}","templated":true}]}}