{"id":3021,"date":"2023-10-25T16:25:56","date_gmt":"2023-10-25T19:25:56","guid":{"rendered":"https:\/\/sorvetequente.com.br\/loja\/?post_type=product&#038;p=3021"},"modified":"2025-11-25T18:33:57","modified_gmt":"2025-11-25T21:33:57","slug":"desodorante-intimo-menta-35ml-hot-flowers","status":"publish","type":"product","link":"https:\/\/sorvetequente.com.br\/loja\/product\/desodorante-intimo-menta-35ml-hot-flowers\/","title":{"rendered":"DESODORANTE \u00cdNTIMO MENTA 35ML HOT FLOWERS"},"content":{"rendered":"<p>Previna situa\u00e7\u00f5es inesperadas e garanta a higiene da sua regi\u00e3o \u00edntima. Pr\u00e1tico e compacto, pode ser carregado dentro da bolsa.<\/p>\n<p>Desodorante \u00cdntimo com fragr\u00e2ncia de menta e PH adequado \u00e0 regi\u00e3o \u00edntima do seu corpo.<\/p>\n<p>Clinicamente testado, indicado para uso di\u00e1rio, com fragr\u00e2ncia de menta e adequado ao pH da regi\u00e3o \u00edntima, prevenindo poss\u00edveis odores.<\/p>\n<p>Desodorante \u00cdntimo com frag\u00e2ncia de ALGOD\u00c3O e PH adequado \u00e0 regi\u00e3o \u00edntima do seu corpo.<\/p>\n<p>Modo de usar: Aplicar em pequenas quantidades somente na regi\u00e3o genital externa.<\/p>\n<p>Cont\u00e9m: 35ml.<\/p>\n","protected":false},"excerpt":{"rendered":"<h1><span style=\"color: #ff00ff\">NO PIX R$10,97<\/span><\/h1>\n","protected":false},"featured_media":3022,"comment_status":"open","ping_status":"closed","template":"","meta":[],"product_cat":[37,16],"product_tag":[],"class_list":{"0":"post-3021","1":"product","2":"type-product","3":"status-publish","4":"has-post-thumbnail","6":"product_cat-cosmeticos-e-comestiveis","7":"product_cat-para-ela","9":"first","10":"instock","11":"sale","12":"shipping-taxable","13":"purchasable","14":"product-type-simple"},"group_of_quantity":0,"min_quantity":0,"max_quantity":"","exclude_order_quantity_value_rules":"no","exclude_category_quantity_rules":"no","combine_variations":"no","_links":{"self":[{"href":"https:\/\/sorvetequente.com.br\/loja\/wp-json\/wp\/v2\/product\/3021","targetHints":{"allow":["GET"]}}],"collection":[{"href":"https:\/\/sorvetequente.com.br\/loja\/wp-json\/wp\/v2\/product"}],"about":[{"href":"https:\/\/sorvetequente.com.br\/loja\/wp-json\/wp\/v2\/types\/product"}],"replies":[{"embeddable":true,"href":"https:\/\/sorvetequente.com.br\/loja\/wp-json\/wp\/v2\/comments?post=3021"}],"wp:featuredmedia":[{"embeddable":true,"href":"https:\/\/sorvetequente.com.br\/loja\/wp-json\/wp\/v2\/media\/3022"}],"wp:attachment":[{"href":"https:\/\/sorvetequente.com.br\/loja\/wp-json\/wp\/v2\/media?parent=3021"}],"wp:term":[{"taxonomy":"product_cat","embeddable":true,"href":"https:\/\/sorvetequente.com.br\/loja\/wp-json\/wp\/v2\/product_cat?post=3021"},{"taxonomy":"product_tag","embeddable":true,"href":"https:\/\/sorvetequente.com.br\/loja\/wp-json\/wp\/v2\/product_tag?post=3021"}],"curies":[{"name":"wp","href":"https:\/\/api.w.org\/{rel}","templated":true}]}}