{"id":3016,"date":"2023-10-25T16:14:19","date_gmt":"2023-10-25T19:14:19","guid":{"rendered":"https:\/\/sorvetequente.com.br\/loja\/?post_type=product&#038;p=3016"},"modified":"2026-02-23T16:39:00","modified_gmt":"2026-02-23T19:39:00","slug":"hot-ball-xana-loka-esquenta-esfria-e-vibra-hot-flowers","status":"publish","type":"product","link":"https:\/\/sorvetequente.com.br\/loja\/product\/hot-ball-xana-loka-esquenta-esfria-e-vibra-hot-flowers\/","title":{"rendered":"HOT BALL XANA LOKA ESQUENTA ESFRIA E VIBRA HOT FLOWERS"},"content":{"rendered":"<p>A Hot Ball Xana Loka \u00e9 uma obra divina. Ap\u00f3s a ruptura da capsula, ela promove intensas sensa\u00e7\u00f5es de aquecimento, refresc\u00e2ncia e vibra\u00e7\u00e3o que ir\u00e1 marcar a sua noite.<\/p>\n<p><strong>Ficha T\u00e9cnica:<\/strong><br \/>\n<strong>Cont\u00e9m:<\/strong>\u00a015g<br \/>\n<strong>Fun\u00e7\u00e3o:<\/strong>\u00a0Esfriar, Aquecer, Excitar e Lubrificar.<\/p>\n<p><strong>Modo de usar:<\/strong><br \/>\nColocar a quantidade desejada na ponta dos dedos e aplicar no local, massageando delicadamente.<\/p>\n<p><strong>Recomenda\u00e7\u00f5es:<\/strong><br \/>\nEvite contato com os olhos. Proteja o produto do calor, da umidade e da luz. No caso de irrita\u00e7\u00e3o, suspenda o uso e, se necess\u00e1rio, procure orienta\u00e7\u00e3o m\u00e9dica.<\/p>\n<p>Mantenha fora do alcance das crian\u00e7as.<\/p>\n","protected":false},"excerpt":{"rendered":"<h1><span style=\"color: #ff00ff\">NO PIX R$5,48<\/span><\/h1>\n","protected":false},"featured_media":3018,"comment_status":"open","ping_status":"closed","template":"","meta":[],"product_cat":[15,133,37,75],"product_tag":[],"class_list":{"0":"post-3016","1":"product","2":"type-product","3":"status-publish","4":"has-post-thumbnail","6":"product_cat-promocoes","7":"product_cat-bolinhas-explosivas","8":"product_cat-cosmeticos-e-comestiveis","9":"product_cat-lubrificantes","11":"first","12":"instock","13":"sale","14":"shipping-taxable","15":"purchasable","16":"product-type-simple"},"group_of_quantity":0,"min_quantity":0,"max_quantity":"","exclude_order_quantity_value_rules":"no","exclude_category_quantity_rules":"no","combine_variations":"no","_links":{"self":[{"href":"https:\/\/sorvetequente.com.br\/loja\/wp-json\/wp\/v2\/product\/3016","targetHints":{"allow":["GET"]}}],"collection":[{"href":"https:\/\/sorvetequente.com.br\/loja\/wp-json\/wp\/v2\/product"}],"about":[{"href":"https:\/\/sorvetequente.com.br\/loja\/wp-json\/wp\/v2\/types\/product"}],"replies":[{"embeddable":true,"href":"https:\/\/sorvetequente.com.br\/loja\/wp-json\/wp\/v2\/comments?post=3016"}],"wp:featuredmedia":[{"embeddable":true,"href":"https:\/\/sorvetequente.com.br\/loja\/wp-json\/wp\/v2\/media\/3018"}],"wp:attachment":[{"href":"https:\/\/sorvetequente.com.br\/loja\/wp-json\/wp\/v2\/media?parent=3016"}],"wp:term":[{"taxonomy":"product_cat","embeddable":true,"href":"https:\/\/sorvetequente.com.br\/loja\/wp-json\/wp\/v2\/product_cat?post=3016"},{"taxonomy":"product_tag","embeddable":true,"href":"https:\/\/sorvetequente.com.br\/loja\/wp-json\/wp\/v2\/product_tag?post=3016"}],"curies":[{"name":"wp","href":"https:\/\/api.w.org\/{rel}","templated":true}]}}