{"id":2970,"date":"2023-10-24T01:44:51","date_gmt":"2023-10-24T04:44:51","guid":{"rendered":"https:\/\/sorvetequente.com.br\/loja\/?post_type=product&#038;p=2970"},"modified":"2026-04-03T16:58:07","modified_gmt":"2026-04-03T19:58:07","slug":"jato-sex-gel-adstringente-excitante-apertadinha-18ml","status":"publish","type":"product","link":"https:\/\/sorvetequente.com.br\/loja\/product\/jato-sex-gel-adstringente-excitante-apertadinha-18ml\/","title":{"rendered":"JATO SEX GEL ADSTRINGENTE EXCITANTE APERTADINHA 18ML"},"content":{"rendered":"<p>Jato Sex Gel Excitante Esquenta e Lubrifica 18ml Pepper Blend<\/p>\n<p>Jato Sexy Apertadinha \u00e9 um gel lubrifica que proporciona a mulher sentir que todas \u00e9 a primeira vez. Voc\u00ea vai querer ficar apertadinha todos os dias.<\/p>\n<p>Cont\u00e9m 18ML.<\/p>\n<p>Modo de uso:<br \/>\nBorrife no local desejado, massageie suavemente e sinta o efeito.<\/p>\n<p>Sensa\u00e7\u00e3o:<br \/>\nSinta prazer, excita\u00e7\u00e3o, v\u00e1 a loucura e divirta-se.<\/p>\n<p>Efeito:<br \/>\nO gel que ir\u00e1 fazer voc\u00ea chegar nas alturas.<\/p>\n","protected":false},"excerpt":{"rendered":"<h1><span style=\"color: #ff00ff\">NO PIX R$4,98<\/span><\/h1>\n","protected":false},"featured_media":2971,"comment_status":"open","ping_status":"closed","template":"","meta":[],"product_cat":[37,16],"product_tag":[],"class_list":{"0":"post-2970","1":"product","2":"type-product","3":"status-publish","4":"has-post-thumbnail","6":"product_cat-cosmeticos-e-comestiveis","7":"product_cat-para-ela","9":"first","10":"instock","11":"sale","12":"shipping-taxable","13":"purchasable","14":"product-type-simple"},"group_of_quantity":0,"min_quantity":0,"max_quantity":"","exclude_order_quantity_value_rules":"no","exclude_category_quantity_rules":"no","combine_variations":"no","_links":{"self":[{"href":"https:\/\/sorvetequente.com.br\/loja\/wp-json\/wp\/v2\/product\/2970","targetHints":{"allow":["GET"]}}],"collection":[{"href":"https:\/\/sorvetequente.com.br\/loja\/wp-json\/wp\/v2\/product"}],"about":[{"href":"https:\/\/sorvetequente.com.br\/loja\/wp-json\/wp\/v2\/types\/product"}],"replies":[{"embeddable":true,"href":"https:\/\/sorvetequente.com.br\/loja\/wp-json\/wp\/v2\/comments?post=2970"}],"wp:featuredmedia":[{"embeddable":true,"href":"https:\/\/sorvetequente.com.br\/loja\/wp-json\/wp\/v2\/media\/2971"}],"wp:attachment":[{"href":"https:\/\/sorvetequente.com.br\/loja\/wp-json\/wp\/v2\/media?parent=2970"}],"wp:term":[{"taxonomy":"product_cat","embeddable":true,"href":"https:\/\/sorvetequente.com.br\/loja\/wp-json\/wp\/v2\/product_cat?post=2970"},{"taxonomy":"product_tag","embeddable":true,"href":"https:\/\/sorvetequente.com.br\/loja\/wp-json\/wp\/v2\/product_tag?post=2970"}],"curies":[{"name":"wp","href":"https:\/\/api.w.org\/{rel}","templated":true}]}}