{"id":2893,"date":"2023-10-23T18:10:17","date_gmt":"2023-10-23T21:10:17","guid":{"rendered":"https:\/\/sorvetequente.com.br\/loja\/?post_type=product&#038;p=2893"},"modified":"2026-04-03T19:43:43","modified_gmt":"2026-04-03T22:43:43","slug":"bolinha-explosiva-satisfaction-caps-time-master-03-unidades","status":"publish","type":"product","link":"https:\/\/sorvetequente.com.br\/loja\/product\/bolinha-explosiva-satisfaction-caps-time-master-03-unidades\/","title":{"rendered":"BOLINHA EXPLOSIVA SATISFACTION CAPS TIME MASTER 03 UNIDADES"},"content":{"rendered":"<p>Bolinha funcional TIME MASTER \u00e9 uma bolinha feita em gelatina com diversos efeitos funcionais sendo conhecida por aumentar a sensibilidade, maior circula\u00e7\u00e3o sangu\u00ednea da regi\u00e3o, sensa\u00e7\u00f5es de aquecer, e prolongar a ere\u00e7\u00e3o com maior intensidade, trazendo muitas sensa\u00e7\u00e3o de prazer.<br \/>\nModo de uso: Introduza a bolinha na regi\u00e3o, com a lubrifica\u00e7\u00e3o natural e a regi\u00e3o quente a capsula ir\u00e1 romper, liberando um \u00f3leo com diversas fun\u00e7\u00f5es.<br \/>\nDivirta-se!<\/p>\n","protected":false},"excerpt":{"rendered":"<h1><span style=\"color: #ff00ff\">NO PIX R$2,79<\/span><\/h1>\n","protected":false},"featured_media":2896,"comment_status":"open","ping_status":"closed","template":"","meta":[],"product_cat":[133,37,75],"product_tag":[],"class_list":{"0":"post-2893","1":"product","2":"type-product","3":"status-publish","4":"has-post-thumbnail","6":"product_cat-bolinhas-explosivas","7":"product_cat-cosmeticos-e-comestiveis","8":"product_cat-lubrificantes","10":"first","11":"instock","12":"sale","13":"shipping-taxable","14":"purchasable","15":"product-type-simple"},"group_of_quantity":0,"min_quantity":0,"max_quantity":"","exclude_order_quantity_value_rules":"no","exclude_category_quantity_rules":"no","combine_variations":"no","_links":{"self":[{"href":"https:\/\/sorvetequente.com.br\/loja\/wp-json\/wp\/v2\/product\/2893","targetHints":{"allow":["GET"]}}],"collection":[{"href":"https:\/\/sorvetequente.com.br\/loja\/wp-json\/wp\/v2\/product"}],"about":[{"href":"https:\/\/sorvetequente.com.br\/loja\/wp-json\/wp\/v2\/types\/product"}],"replies":[{"embeddable":true,"href":"https:\/\/sorvetequente.com.br\/loja\/wp-json\/wp\/v2\/comments?post=2893"}],"wp:featuredmedia":[{"embeddable":true,"href":"https:\/\/sorvetequente.com.br\/loja\/wp-json\/wp\/v2\/media\/2896"}],"wp:attachment":[{"href":"https:\/\/sorvetequente.com.br\/loja\/wp-json\/wp\/v2\/media?parent=2893"}],"wp:term":[{"taxonomy":"product_cat","embeddable":true,"href":"https:\/\/sorvetequente.com.br\/loja\/wp-json\/wp\/v2\/product_cat?post=2893"},{"taxonomy":"product_tag","embeddable":true,"href":"https:\/\/sorvetequente.com.br\/loja\/wp-json\/wp\/v2\/product_tag?post=2893"}],"curies":[{"name":"wp","href":"https:\/\/api.w.org\/{rel}","templated":true}]}}