{"id":2878,"date":"2023-10-23T16:37:21","date_gmt":"2023-10-23T19:37:21","guid":{"rendered":"https:\/\/sorvetequente.com.br\/loja\/?post_type=product&#038;p=2878"},"modified":"2026-04-03T16:47:14","modified_gmt":"2026-04-03T19:47:14","slug":"lubrificante-intimo-tradicional-50g-kgel-2","status":"publish","type":"product","link":"https:\/\/sorvetequente.com.br\/loja\/product\/lubrificante-intimo-tradicional-50g-kgel-2\/","title":{"rendered":"Lubrificante \u00cdntimo Tradicional 50G Kgel"},"content":{"rendered":"<p>KGEL lubrifica \u00edntimo 50g, com laudo e registro na ANVISA para uso interno!<\/p>\n<p>Principais vantagens:<br \/>\n* Sol\u00favel em \u00e1gua<br \/>\n* Transparente<br \/>\n* Possui l\u00e1cre interno antivazamento<br \/>\n* N\u00e3o gorduroso<br \/>\n* Semelhante a lubrifica\u00e7\u00e3o natural<br \/>\n* Lubrifica por mais tempo<\/p>\n<p>Modo de Usar:<br \/>\nAplicar kgel na \u00e1rea a ser lubrificada ou diretamente sobre o preservativo<\/p>\n<p>Composi\u00e7\u00e3o:<br \/>\nHidroxietilcelulose, Propilenoglicol, Metilparabeno, Aqua purificada<\/p>\n<p>Cuidados de conserva\u00e7\u00e3o:<br \/>\nConservar o produto fechado em local seco e fresco (15 a 30\u00b0C), ao abrigo da luz e umidade<\/p>\n<p>Advert\u00eancia e Precau\u00e7\u00f5es:<br \/>\nlubrificante \u00edntimo n\u00e3o contraceptivo e n\u00e3o cont\u00e9m espermicida, n\u00e3o aplicar sobre a pele lesionada. Em casos de irrita\u00e7\u00f5es em qualquer um dos parceiros, suspenda o uso e consulte um m\u00e9dico<\/p>\n","protected":false},"excerpt":{"rendered":"<h1><span style=\"color: #ff00ff\">NO PIX R$3,99<\/span><\/h1>\n","protected":false},"featured_media":5381,"comment_status":"open","ping_status":"closed","template":"","meta":[],"product_cat":[15,37,75,66],"product_tag":[],"class_list":{"0":"post-2878","1":"product","2":"type-product","3":"status-publish","4":"has-post-thumbnail","6":"product_cat-promocoes","7":"product_cat-cosmeticos-e-comestiveis","8":"product_cat-lubrificantes","9":"product_cat-promocao-relampago","11":"first","12":"instock","13":"sale","14":"shipping-taxable","15":"purchasable","16":"product-type-simple"},"group_of_quantity":0,"min_quantity":0,"max_quantity":"","exclude_order_quantity_value_rules":"no","exclude_category_quantity_rules":"no","combine_variations":"no","_links":{"self":[{"href":"https:\/\/sorvetequente.com.br\/loja\/wp-json\/wp\/v2\/product\/2878","targetHints":{"allow":["GET"]}}],"collection":[{"href":"https:\/\/sorvetequente.com.br\/loja\/wp-json\/wp\/v2\/product"}],"about":[{"href":"https:\/\/sorvetequente.com.br\/loja\/wp-json\/wp\/v2\/types\/product"}],"replies":[{"embeddable":true,"href":"https:\/\/sorvetequente.com.br\/loja\/wp-json\/wp\/v2\/comments?post=2878"}],"wp:featuredmedia":[{"embeddable":true,"href":"https:\/\/sorvetequente.com.br\/loja\/wp-json\/wp\/v2\/media\/5381"}],"wp:attachment":[{"href":"https:\/\/sorvetequente.com.br\/loja\/wp-json\/wp\/v2\/media?parent=2878"}],"wp:term":[{"taxonomy":"product_cat","embeddable":true,"href":"https:\/\/sorvetequente.com.br\/loja\/wp-json\/wp\/v2\/product_cat?post=2878"},{"taxonomy":"product_tag","embeddable":true,"href":"https:\/\/sorvetequente.com.br\/loja\/wp-json\/wp\/v2\/product_tag?post=2878"}],"curies":[{"name":"wp","href":"https:\/\/api.w.org\/{rel}","templated":true}]}}