{"id":2868,"date":"2023-10-23T16:22:36","date_gmt":"2023-10-23T19:22:36","guid":{"rendered":"https:\/\/sorvetequente.com.br\/loja\/?post_type=product&#038;p=2868"},"modified":"2025-10-30T22:33:36","modified_gmt":"2025-10-31T01:33:36","slug":"ache-rilex-menta-5-gramas","status":"publish","type":"product","link":"https:\/\/sorvetequente.com.br\/loja\/product\/ache-rilex-menta-5-gramas\/","title":{"rendered":"SACHE RILEX MENTA 5 GRAMAS"},"content":{"rendered":"<p>O\u00a0<strong>Gel Lubrificante<\/strong>\u00a0\u00edntimo \u00e9 transparente com aroma de Menta. Ele ir\u00e1 tornar o momento \u00edntimo ainda mais agrad\u00e1vel. \u00c9 indicado para facilitar a penetra\u00e7\u00e3o, pode ser utilizado tamb\u00e9m para massagens sensuais, em pr\u00f3teses ou preservativos com pouca ou sem lubrifica\u00e7\u00e3o.<\/p>\n<p><strong>Ficha T\u00e9cnica<\/strong><br \/>\n<strong>Cont\u00e9m:<\/strong>\u00a01 sach\u00eas de 5g.<br \/>\n<strong>Composi\u00e7\u00e3o:<\/strong>\u00a0Hidroxieticelulose, Propilenoglicol, Metilparabeno, \u00c1gua e Aroma artifical de Menta.<\/p>\n<p><strong>Modo de Uso:<\/strong>\u00a0Aplique uma quantidade suficiente nos dedos e aplique na \u00e1rea \u00edntima desejada massageando suavemente.<\/p>\n<p><strong>Recomenda\u00e7\u00f5es:<\/strong><br \/>\nConserve em local seco e fresco.<br \/>\nMantenha fora do alcance de crian\u00e7as.<\/p>\n","protected":false},"excerpt":{"rendered":"<h1><span style=\"color: #ff00ff\">NO PIX R$0,79<\/span><\/h1>\n","protected":false},"featured_media":2869,"comment_status":"open","ping_status":"closed","template":"","meta":[],"product_cat":[37,75],"product_tag":[],"class_list":{"0":"post-2868","1":"product","2":"type-product","3":"status-publish","4":"has-post-thumbnail","6":"product_cat-cosmeticos-e-comestiveis","7":"product_cat-lubrificantes","9":"first","10":"instock","11":"sale","12":"shipping-taxable","13":"purchasable","14":"product-type-simple"},"group_of_quantity":0,"min_quantity":0,"max_quantity":"","exclude_order_quantity_value_rules":"no","exclude_category_quantity_rules":"no","combine_variations":"no","_links":{"self":[{"href":"https:\/\/sorvetequente.com.br\/loja\/wp-json\/wp\/v2\/product\/2868","targetHints":{"allow":["GET"]}}],"collection":[{"href":"https:\/\/sorvetequente.com.br\/loja\/wp-json\/wp\/v2\/product"}],"about":[{"href":"https:\/\/sorvetequente.com.br\/loja\/wp-json\/wp\/v2\/types\/product"}],"replies":[{"embeddable":true,"href":"https:\/\/sorvetequente.com.br\/loja\/wp-json\/wp\/v2\/comments?post=2868"}],"wp:featuredmedia":[{"embeddable":true,"href":"https:\/\/sorvetequente.com.br\/loja\/wp-json\/wp\/v2\/media\/2869"}],"wp:attachment":[{"href":"https:\/\/sorvetequente.com.br\/loja\/wp-json\/wp\/v2\/media?parent=2868"}],"wp:term":[{"taxonomy":"product_cat","embeddable":true,"href":"https:\/\/sorvetequente.com.br\/loja\/wp-json\/wp\/v2\/product_cat?post=2868"},{"taxonomy":"product_tag","embeddable":true,"href":"https:\/\/sorvetequente.com.br\/loja\/wp-json\/wp\/v2\/product_tag?post=2868"}],"curies":[{"name":"wp","href":"https:\/\/api.w.org\/{rel}","templated":true}]}}