{"id":2860,"date":"2023-10-23T16:04:21","date_gmt":"2023-10-23T19:04:21","guid":{"rendered":"https:\/\/sorvetequente.com.br\/loja\/?post_type=product&#038;p=2860"},"modified":"2026-03-25T20:41:26","modified_gmt":"2026-03-25T23:41:26","slug":"bolinha-pepper-ball-menta","status":"publish","type":"product","link":"https:\/\/sorvetequente.com.br\/loja\/product\/bolinha-pepper-ball-menta\/","title":{"rendered":"BOLINHA PEPPER BALL MENTA"},"content":{"rendered":"<p>Deguste lentamente com a Pepper Ball. Desenvolvida com base de\u00a0\u00f3leo de girassol\u00a0e gelatina de teor aliment\u00edcio, a\u00a0Pepper Ball\u00a0al\u00e9m de ser 100% comest\u00edvel ela possui fun\u00e7\u00e3o de agente de\u00a0lubrifica\u00e7\u00e3o, ap\u00f3s o rompimento da c\u00e1psula. Um produto chave que deve ser levado para a cama, para utiliza-la \u00e9 bem simples&#8230; Siga os passos em \u201cModo de Uso\u201d e caia de boca.<\/p>\n","protected":false},"excerpt":{"rendered":"<h1><span style=\"color: #ff00ff\">NO PIX R$3,09<\/span><\/h1>\n","protected":false},"featured_media":5380,"comment_status":"open","ping_status":"closed","template":"","meta":[],"product_cat":[15,133,37,75,66],"product_tag":[],"class_list":{"0":"post-2860","1":"product","2":"type-product","3":"status-publish","4":"has-post-thumbnail","6":"product_cat-promocoes","7":"product_cat-bolinhas-explosivas","8":"product_cat-cosmeticos-e-comestiveis","9":"product_cat-lubrificantes","10":"product_cat-promocao-relampago","12":"first","13":"instock","14":"sale","15":"shipping-taxable","16":"purchasable","17":"product-type-simple"},"group_of_quantity":0,"min_quantity":0,"max_quantity":"","exclude_order_quantity_value_rules":"no","exclude_category_quantity_rules":"no","combine_variations":"no","_links":{"self":[{"href":"https:\/\/sorvetequente.com.br\/loja\/wp-json\/wp\/v2\/product\/2860","targetHints":{"allow":["GET"]}}],"collection":[{"href":"https:\/\/sorvetequente.com.br\/loja\/wp-json\/wp\/v2\/product"}],"about":[{"href":"https:\/\/sorvetequente.com.br\/loja\/wp-json\/wp\/v2\/types\/product"}],"replies":[{"embeddable":true,"href":"https:\/\/sorvetequente.com.br\/loja\/wp-json\/wp\/v2\/comments?post=2860"}],"wp:featuredmedia":[{"embeddable":true,"href":"https:\/\/sorvetequente.com.br\/loja\/wp-json\/wp\/v2\/media\/5380"}],"wp:attachment":[{"href":"https:\/\/sorvetequente.com.br\/loja\/wp-json\/wp\/v2\/media?parent=2860"}],"wp:term":[{"taxonomy":"product_cat","embeddable":true,"href":"https:\/\/sorvetequente.com.br\/loja\/wp-json\/wp\/v2\/product_cat?post=2860"},{"taxonomy":"product_tag","embeddable":true,"href":"https:\/\/sorvetequente.com.br\/loja\/wp-json\/wp\/v2\/product_tag?post=2860"}],"curies":[{"name":"wp","href":"https:\/\/api.w.org\/{rel}","templated":true}]}}