{"id":2856,"date":"2023-10-23T15:58:24","date_gmt":"2023-10-23T18:58:24","guid":{"rendered":"https:\/\/sorvetequente.com.br\/loja\/?post_type=product&#038;p=2856"},"modified":"2026-03-05T23:38:29","modified_gmt":"2026-03-06T02:38:29","slug":"bolinha-pepper-ball-plus-conforto","status":"publish","type":"product","link":"https:\/\/sorvetequente.com.br\/loja\/product\/bolinha-pepper-ball-plus-conforto\/","title":{"rendered":"BOLINHA PEPPER BALL PLUS CONFORTO"},"content":{"rendered":"<p>A Pepper Ball Conforto \u00e9 um produto desenvolvido exclusivamente para as preliminares. Dessensibilizante que aumenta a lubrifica\u00e7\u00e3o. Age como estimulante da circula\u00e7\u00e3o sanqu\u00ednea, favorecendo o aumento do apetite sexual e a excita\u00e7\u00e3o. Modo de usar: Utilizar como lubrificante, ao introduzir a bolinha na vagina dentro de alguns minutos a c\u00e1psula explode e libera aromas perfumados lubrificando ao mesmo tempo. A c\u00e1psula \u00e9 totalmente dissolvida.<\/p>\n","protected":false},"excerpt":{"rendered":"<h1><span style=\"color: #ff00ff\">NO PIX R$3,29<\/span><\/h1>\n","protected":false},"featured_media":2857,"comment_status":"open","ping_status":"closed","template":"","meta":[],"product_cat":[15,133,37,75,66],"product_tag":[],"class_list":{"0":"post-2856","1":"product","2":"type-product","3":"status-publish","4":"has-post-thumbnail","6":"product_cat-promocoes","7":"product_cat-bolinhas-explosivas","8":"product_cat-cosmeticos-e-comestiveis","9":"product_cat-lubrificantes","10":"product_cat-promocao-relampago","12":"first","13":"instock","14":"sale","15":"shipping-taxable","16":"purchasable","17":"product-type-simple"},"group_of_quantity":0,"min_quantity":0,"max_quantity":"","exclude_order_quantity_value_rules":"no","exclude_category_quantity_rules":"no","combine_variations":"no","_links":{"self":[{"href":"https:\/\/sorvetequente.com.br\/loja\/wp-json\/wp\/v2\/product\/2856","targetHints":{"allow":["GET"]}}],"collection":[{"href":"https:\/\/sorvetequente.com.br\/loja\/wp-json\/wp\/v2\/product"}],"about":[{"href":"https:\/\/sorvetequente.com.br\/loja\/wp-json\/wp\/v2\/types\/product"}],"replies":[{"embeddable":true,"href":"https:\/\/sorvetequente.com.br\/loja\/wp-json\/wp\/v2\/comments?post=2856"}],"wp:featuredmedia":[{"embeddable":true,"href":"https:\/\/sorvetequente.com.br\/loja\/wp-json\/wp\/v2\/media\/2857"}],"wp:attachment":[{"href":"https:\/\/sorvetequente.com.br\/loja\/wp-json\/wp\/v2\/media?parent=2856"}],"wp:term":[{"taxonomy":"product_cat","embeddable":true,"href":"https:\/\/sorvetequente.com.br\/loja\/wp-json\/wp\/v2\/product_cat?post=2856"},{"taxonomy":"product_tag","embeddable":true,"href":"https:\/\/sorvetequente.com.br\/loja\/wp-json\/wp\/v2\/product_tag?post=2856"}],"curies":[{"name":"wp","href":"https:\/\/api.w.org\/{rel}","templated":true}]}}