{"id":2830,"date":"2023-10-22T21:20:06","date_gmt":"2023-10-23T00:20:06","guid":{"rendered":"https:\/\/sorvetequente.com.br\/loja\/?post_type=product&#038;p=2830"},"modified":"2025-07-05T17:06:55","modified_gmt":"2025-07-05T20:06:55","slug":"pocao-do-amor-energetico-afrodisiaco-20ml-k-lab","status":"publish","type":"product","link":"https:\/\/sorvetequente.com.br\/loja\/product\/pocao-do-amor-energetico-afrodisiaco-20ml-k-lab\/","title":{"rendered":"PO\u00c7\u00c3O DO AMOR ENERG\u00c9TICO AFRODIS\u00cdACO 20ML K-LAB"},"content":{"rendered":"<p>PO\u00c7\u00c3O DO AMOR ENERG\u00c9TICO AFRODIS\u00cdACO 20ML K-LAB<\/p>\n<p>Po\u00e7\u00e3o do Amor da k-lab \u00e9 um delicioso e potente energ\u00e9tico, al\u00e9m de ser afrodis\u00edaco, ela foi desenvolvida especialmente para casais que buscam mais disposi\u00e7\u00e3o e dura\u00e7\u00e3o na hora H, para aproveitar e curtir ainda mais o momento.<br \/>\nPensando nisso a K-LAB desenvolveu esse produto inovador, ele deixar\u00e1 voc\u00ea no \u00e1pice para curtir o prazer.<\/p>\n<p>Com produtos naturais, ele foi criado e formulado para aumentar a libido, dar mais disposi\u00e7\u00e3o, energia, e deixar voc\u00ea com muito mais tes\u00e3o, assim proporcionando incr\u00edveis momentos de prazer! Levando voc\u00ea a aproveitar muito mais, ent\u00e3o experimente e delicie-se dessa maravilha e fique louca de prazer.<\/p>\n<p>Benef\u00edcios:<br \/>\n\u2022 Dura\u00e7\u00e3o;<br \/>\n\u2022 Afrodis\u00edacos;<br \/>\n\u2022 Energ\u00e9tico;<br \/>\n\u2022 Excitante;<\/p>\n<p>Cont\u00e9m: 20ml.<\/p>\n<p>Modo de Usar:<br \/>\nDesrosqueie a tampinha e pingue 20 gotas em uma bebida, o liquido pode ser ingerido quente ou gelado, fica ao seu crit\u00e9rio.<br \/>\nAguarde uns minutos e depois s\u00f3 aproveitar dos prazeres intensificados.<\/p>\n<p>Precau\u00e7\u00f5es:<br \/>\nMantenha fora do alcance das crian\u00e7as, guardar em locais frescos e sem temperaturas altas.<br \/>\nSe voc\u00ea tiver alergia a algum componente da f\u00f3rmula n\u00e3o usar o produto.<br \/>\nN\u00e3o pode haver contato com os olhos, caso ocorra lavar imediatamente com \u00e1gua em abundancia.<br \/>\nN\u00e3o utilizar o produto na pele lesionada, inflamada ou irritada.<br \/>\nCaso ocorra irrita\u00e7\u00e3o suspenda o uso imediatamente e procure uma orienta\u00e7\u00e3o m\u00e9dica.<\/p>\n","protected":false},"excerpt":{"rendered":"<h1><span style=\"color: #ff00ff\">NO PIX R$3,69<\/span><\/h1>\n","protected":false},"featured_media":2831,"comment_status":"open","ping_status":"closed","template":"","meta":[],"product_cat":[37],"product_tag":[],"class_list":{"0":"post-2830","1":"product","2":"type-product","3":"status-publish","4":"has-post-thumbnail","6":"product_cat-cosmeticos-e-comestiveis","8":"first","9":"instock","10":"sale","11":"shipping-taxable","12":"purchasable","13":"product-type-simple"},"group_of_quantity":0,"min_quantity":0,"max_quantity":"","exclude_order_quantity_value_rules":"no","exclude_category_quantity_rules":"no","combine_variations":"no","_links":{"self":[{"href":"https:\/\/sorvetequente.com.br\/loja\/wp-json\/wp\/v2\/product\/2830","targetHints":{"allow":["GET"]}}],"collection":[{"href":"https:\/\/sorvetequente.com.br\/loja\/wp-json\/wp\/v2\/product"}],"about":[{"href":"https:\/\/sorvetequente.com.br\/loja\/wp-json\/wp\/v2\/types\/product"}],"replies":[{"embeddable":true,"href":"https:\/\/sorvetequente.com.br\/loja\/wp-json\/wp\/v2\/comments?post=2830"}],"wp:featuredmedia":[{"embeddable":true,"href":"https:\/\/sorvetequente.com.br\/loja\/wp-json\/wp\/v2\/media\/2831"}],"wp:attachment":[{"href":"https:\/\/sorvetequente.com.br\/loja\/wp-json\/wp\/v2\/media?parent=2830"}],"wp:term":[{"taxonomy":"product_cat","embeddable":true,"href":"https:\/\/sorvetequente.com.br\/loja\/wp-json\/wp\/v2\/product_cat?post=2830"},{"taxonomy":"product_tag","embeddable":true,"href":"https:\/\/sorvetequente.com.br\/loja\/wp-json\/wp\/v2\/product_tag?post=2830"}],"curies":[{"name":"wp","href":"https:\/\/api.w.org\/{rel}","templated":true}]}}