{"id":2799,"date":"2023-10-22T20:26:05","date_gmt":"2023-10-22T23:26:05","guid":{"rendered":"https:\/\/sorvetequente.com.br\/loja\/?post_type=product&#038;p=2799"},"modified":"2025-10-06T12:12:18","modified_gmt":"2025-10-06T15:12:18","slug":"d4-lubrificante-funcional-beijavel-sache-5g-sexy-fantasy","status":"publish","type":"product","link":"https:\/\/sorvetequente.com.br\/loja\/product\/d4-lubrificante-funcional-beijavel-sache-5g-sexy-fantasy\/","title":{"rendered":"D4 LUBRIFICANTE FUNCIONAL BEIJ\u00c1VEL SACH\u00ca 5G SEXY FANTASY"},"content":{"rendered":"<p>D4 LUBRIFICANTE FUNCIONAL BEIJ\u00c1VEL SACH\u00ca 5G SEXY FANTASY<\/p>\n<p>O D4 Lubrificante Funcional Beij\u00e1vel Sach\u00ea 5g \u00e9 um produto projetado para oferecer prazer e conforto durante a intimidade.<br \/>\nEste lubrificante funcional \u00e9 descrito como pr\u00e1tico e discreto, proporcionando uma experi\u00eancia mais suave e agrad\u00e1vel durante os momentos \u00edntimos.<\/p>\n<p>Principais Caracter\u00edsticas e Benef\u00edcios:<\/p>\n<p>Praticidade e Discri\u00e7\u00e3o:<br \/>\nO D4 Lubrificante Funcional Beij\u00e1vel \u00e9 projetado para ser f\u00e1cil de usar e discreto, permitindo uma aplica\u00e7\u00e3o simples e eficaz.<\/p>\n<p>Prazer e Conforto:<br \/>\nO lubrificante busca tornar a experi\u00eancia sexual mais prazerosa e confort\u00e1vel, ajudando a reduzir o atrito e proporcionando uma sensa\u00e7\u00e3o suave.<\/p>\n<p>Beij\u00e1vel com Sensa\u00e7\u00f5es Deliciosas:<br \/>\nAl\u00e9m de sua fun\u00e7\u00e3o como lubrificante, o produto \u00e9 beij\u00e1vel e promete sensa\u00e7\u00f5es deliciosas, permitindo beijos mais ousados durante a intimidade.<\/p>\n<p>Aromas Deliciosos:<br \/>\nO D4 Lubrificante possui dois aromas deliciosos, possivelmente adicionando uma dimens\u00e3o sensorial \u00e0 experi\u00eancia.<\/p>\n<p>Testado Clinicamente e Ginecologicamente:<br \/>\nA afirma\u00e7\u00e3o de que o produto \u00e9 clinicamente e ginecologicamente testado pode indicar que ele foi avaliado quanto \u00e0 sua seguran\u00e7a e efic\u00e1cia.<\/p>\n<p>Uso Recomendado:<br \/>\nO D4 Lubrificante Funcional Beij\u00e1vel Sach\u00ea 5g \u00e9 recomendado para casais que desejam melhorar sua experi\u00eancia sexual, tornando-a mais suave, prazerosa e com um toque ousado.<br \/>\nPode ser usado tanto para reduzir o atrito quanto para adicionar um elemento beij\u00e1vel \u00e0 intimidade.<\/p>\n<p>Cont\u00e9m: Sach\u00ea 5G.<\/p>\n<p>Modo de uso:<br \/>\nAplique a quantidade desejada em qualquer parte do corpo ou em seus sextoys tendo assim um momento muito mais prazeroso.<br \/>\nCaso necess\u00e1rio, reaplique-o durante a rela\u00e7\u00e3o para maior conforto.<\/p>\n<p>Cuidados:<br \/>\n* Manter fora do alcance de crian\u00e7as.<br \/>\n* Havendo irrita\u00e7\u00e3o suspenda o uso.<br \/>\n* Conservar fora da luz solar.<br \/>\n* N\u00e3o expor a altas temperaturas.<\/p>\n","protected":false},"excerpt":{"rendered":"<h1><span style=\"color: #ff00ff\">NO PIX R$0,99<\/span><\/h1>\n","protected":false},"featured_media":2804,"comment_status":"open","ping_status":"closed","template":"","meta":[],"product_cat":[37,75],"product_tag":[],"class_list":{"0":"post-2799","1":"product","2":"type-product","3":"status-publish","4":"has-post-thumbnail","6":"product_cat-cosmeticos-e-comestiveis","7":"product_cat-lubrificantes","8":"pa_sabor-hot-beijavel","9":"pa_sabor-ice-beijavel","11":"first","12":"instock","13":"sale","14":"shipping-taxable","15":"purchasable","16":"product-type-variable"},"group_of_quantity":0,"min_quantity":0,"max_quantity":"","exclude_order_quantity_value_rules":"no","exclude_category_quantity_rules":"no","combine_variations":"no","_links":{"self":[{"href":"https:\/\/sorvetequente.com.br\/loja\/wp-json\/wp\/v2\/product\/2799","targetHints":{"allow":["GET"]}}],"collection":[{"href":"https:\/\/sorvetequente.com.br\/loja\/wp-json\/wp\/v2\/product"}],"about":[{"href":"https:\/\/sorvetequente.com.br\/loja\/wp-json\/wp\/v2\/types\/product"}],"replies":[{"embeddable":true,"href":"https:\/\/sorvetequente.com.br\/loja\/wp-json\/wp\/v2\/comments?post=2799"}],"wp:featuredmedia":[{"embeddable":true,"href":"https:\/\/sorvetequente.com.br\/loja\/wp-json\/wp\/v2\/media\/2804"}],"wp:attachment":[{"href":"https:\/\/sorvetequente.com.br\/loja\/wp-json\/wp\/v2\/media?parent=2799"}],"wp:term":[{"taxonomy":"product_cat","embeddable":true,"href":"https:\/\/sorvetequente.com.br\/loja\/wp-json\/wp\/v2\/product_cat?post=2799"},{"taxonomy":"product_tag","embeddable":true,"href":"https:\/\/sorvetequente.com.br\/loja\/wp-json\/wp\/v2\/product_tag?post=2799"}],"curies":[{"name":"wp","href":"https:\/\/api.w.org\/{rel}","templated":true}]}}