{"id":2793,"date":"2023-10-22T16:34:41","date_gmt":"2023-10-22T19:34:41","guid":{"rendered":"https:\/\/sorvetequente.com.br\/loja\/?post_type=product&#038;p=2793"},"modified":"2026-03-25T20:41:26","modified_gmt":"2026-03-25T23:41:26","slug":"satisfaction-caps-c-3-unid-toque-de-seda-com-oleo-para-massagem","status":"publish","type":"product","link":"https:\/\/sorvetequente.com.br\/loja\/product\/satisfaction-caps-c-3-unid-toque-de-seda-com-oleo-para-massagem\/","title":{"rendered":"SATISFACTION CAPS C\/3 UNID. TOQUE DE SEDA COM \u00d3LEO PARA MASSAGEM"},"content":{"rendered":"<p><strong>Toque de Seda<\/strong>\u00a0\u00e9 uma\u00a0<strong>Bolinha\u00a0<\/strong>de\u00a0<strong>C\u00e1psula Gelatinosa<\/strong>\u00a0com um recheio super especial, um\u00a0<strong>\u00f3leo siliconado<\/strong>\u00a0para transformar os seus momentos entre quatro paredes, ou para os mais ousados de plant\u00e3o, onde der e vier.<\/p>\n<p>&nbsp;<\/p>\n<p>Uma das grandes vantagens da bolinha siliconada \u00e9 a possibilidade de deixar a\u00a0<strong>transa\u00a0<\/strong>um pouco mais\u00a0<strong>molhada<\/strong>, j\u00e1 que o conte\u00fado presente nas c\u00e1psulas possui resist\u00eancia \u00e0 \u00e1gua.<\/p>\n<p>&nbsp;<\/p>\n<h3><strong>Para que servem as Bolinhas Siliconada?<\/strong><\/h3>\n<p>&nbsp;<\/p>\n<p>Para casais que querem melhorar os toques mais \u00edntimos e tirar qualquer tipo de inc\u00f4modo ou desconforto e ainda deixar uma\u00a0<strong>sensa\u00e7\u00e3o aveludada\u00a0<\/strong>durante a\u00a0<strong>penetra\u00e7\u00e3o<\/strong>, aqui vai uma dica especial e que com toda certeza vai transformar as suas noites e proporcionar um\u00a0<strong>prazer\u00a0<\/strong>super especial e\u00a0<strong>inovador<\/strong>.<\/p>\n<p>&nbsp;<\/p>\n<p>As C\u00e1psulas Siliconadas Toque de Seda ir\u00e1 proporcionar uma\u00a0<strong>lubrifica\u00e7\u00e3o extra<\/strong>\u00a0durante o\u00a0<strong>sexo<\/strong>, com um efeito supreendende, e como o nome j\u00e1 diz um toque super macio e\u00a0<strong>confort\u00e1vel<\/strong>. Est\u00e1 na hora de juntar o calor dos seus corpos e trazer uma verdadeira explos\u00e3o para a sua cama.<\/p>\n<p>&nbsp;<\/p>\n<h3><strong>Quais os benef\u00edcios das Sexy Balls?<\/strong><\/h3>\n<p>&nbsp;<\/p>\n<p>\u2022 Resistente a \u00e1gua;<\/p>\n<p>\u2022 Excita\u00e7\u00e3o;<\/p>\n<p>\u2022 Instigante;<\/p>\n<p>\u2022 Uso a dois;<\/p>\n<p>&nbsp;<\/p>\n<h3><strong>Ficha T\u00e9cnica<\/strong><\/h3>\n<p>&nbsp;<\/p>\n<p>\u2022 Cont\u00e9m: 03 Bolinhas funcionais.<\/p>\n<p>\u2022 Validade: Presente na embalagem.<\/p>\n<p>\u2022 Embalagem: Frasco Pl\u00e1stico.<\/p>\n<p>\u2022 Fun\u00e7\u00e3o: Siliconada.<\/p>\n","protected":false},"excerpt":{"rendered":"<h1><span style=\"color: #ff00ff\">NO PIX R$2,79<\/span><\/h1>\n","protected":false},"featured_media":2795,"comment_status":"open","ping_status":"closed","template":"","meta":[],"product_cat":[133,37,75],"product_tag":[],"class_list":{"0":"post-2793","1":"product","2":"type-product","3":"status-publish","4":"has-post-thumbnail","6":"product_cat-bolinhas-explosivas","7":"product_cat-cosmeticos-e-comestiveis","8":"product_cat-lubrificantes","10":"first","11":"instock","12":"sale","13":"shipping-taxable","14":"purchasable","15":"product-type-simple"},"group_of_quantity":0,"min_quantity":0,"max_quantity":"","exclude_order_quantity_value_rules":"no","exclude_category_quantity_rules":"no","combine_variations":"no","_links":{"self":[{"href":"https:\/\/sorvetequente.com.br\/loja\/wp-json\/wp\/v2\/product\/2793","targetHints":{"allow":["GET"]}}],"collection":[{"href":"https:\/\/sorvetequente.com.br\/loja\/wp-json\/wp\/v2\/product"}],"about":[{"href":"https:\/\/sorvetequente.com.br\/loja\/wp-json\/wp\/v2\/types\/product"}],"replies":[{"embeddable":true,"href":"https:\/\/sorvetequente.com.br\/loja\/wp-json\/wp\/v2\/comments?post=2793"}],"wp:featuredmedia":[{"embeddable":true,"href":"https:\/\/sorvetequente.com.br\/loja\/wp-json\/wp\/v2\/media\/2795"}],"wp:attachment":[{"href":"https:\/\/sorvetequente.com.br\/loja\/wp-json\/wp\/v2\/media?parent=2793"}],"wp:term":[{"taxonomy":"product_cat","embeddable":true,"href":"https:\/\/sorvetequente.com.br\/loja\/wp-json\/wp\/v2\/product_cat?post=2793"},{"taxonomy":"product_tag","embeddable":true,"href":"https:\/\/sorvetequente.com.br\/loja\/wp-json\/wp\/v2\/product_tag?post=2793"}],"curies":[{"name":"wp","href":"https:\/\/api.w.org\/{rel}","templated":true}]}}