{"id":2786,"date":"2023-10-22T16:15:13","date_gmt":"2023-10-22T19:15:13","guid":{"rendered":"https:\/\/sorvetequente.com.br\/loja\/?post_type=product&#038;p=2786"},"modified":"2026-03-29T11:08:34","modified_gmt":"2026-03-29T14:08:34","slug":"beijo-grego-gel-beijavel-sabor-tutti-frutti-15ml-segred-love","status":"publish","type":"product","link":"https:\/\/sorvetequente.com.br\/loja\/product\/beijo-grego-gel-beijavel-sabor-tutti-frutti-15ml-segred-love\/","title":{"rendered":"BEIJO GREGO GEL BEIJ\u00c1VEL SABOR TUTTI FRUTTI 15ML SEGRED LOVE"},"content":{"rendered":"<p>Desenvolvido para a pr\u00e1tica do sexo oral e anal, o Beijo Grego \u00e9 um gel beij\u00e1vel com sabor de tutti frutti. Com ele as suas preliminares ser\u00e3o ainda mais doces e gostosas. Aplique o produto nas zonas er\u00f3genas do corpo, espalhando bem at\u00e9 que o produto seja completamente absorvido.<\/p>\n","protected":false},"excerpt":{"rendered":"<h1><span style=\"color: #ff00ff\">NO PIX R$4,86<\/span><\/h1>\n","protected":false},"featured_media":2788,"comment_status":"open","ping_status":"closed","template":"","meta":[],"product_cat":[37,134],"product_tag":[],"class_list":{"0":"post-2786","1":"product","2":"type-product","3":"status-publish","4":"has-post-thumbnail","6":"product_cat-cosmeticos-e-comestiveis","7":"product_cat-sexo-anal","9":"first","10":"instock","11":"sale","12":"shipping-taxable","13":"purchasable","14":"product-type-simple"},"group_of_quantity":0,"min_quantity":0,"max_quantity":"","exclude_order_quantity_value_rules":"no","exclude_category_quantity_rules":"no","combine_variations":"no","_links":{"self":[{"href":"https:\/\/sorvetequente.com.br\/loja\/wp-json\/wp\/v2\/product\/2786","targetHints":{"allow":["GET"]}}],"collection":[{"href":"https:\/\/sorvetequente.com.br\/loja\/wp-json\/wp\/v2\/product"}],"about":[{"href":"https:\/\/sorvetequente.com.br\/loja\/wp-json\/wp\/v2\/types\/product"}],"replies":[{"embeddable":true,"href":"https:\/\/sorvetequente.com.br\/loja\/wp-json\/wp\/v2\/comments?post=2786"}],"wp:featuredmedia":[{"embeddable":true,"href":"https:\/\/sorvetequente.com.br\/loja\/wp-json\/wp\/v2\/media\/2788"}],"wp:attachment":[{"href":"https:\/\/sorvetequente.com.br\/loja\/wp-json\/wp\/v2\/media?parent=2786"}],"wp:term":[{"taxonomy":"product_cat","embeddable":true,"href":"https:\/\/sorvetequente.com.br\/loja\/wp-json\/wp\/v2\/product_cat?post=2786"},{"taxonomy":"product_tag","embeddable":true,"href":"https:\/\/sorvetequente.com.br\/loja\/wp-json\/wp\/v2\/product_tag?post=2786"}],"curies":[{"name":"wp","href":"https:\/\/api.w.org\/{rel}","templated":true}]}}