{"id":2779,"date":"2023-10-22T15:40:43","date_gmt":"2023-10-22T18:40:43","guid":{"rendered":"https:\/\/sorvetequente.com.br\/loja\/?post_type=product&#038;p=2779"},"modified":"2025-07-28T08:06:10","modified_gmt":"2025-07-28T11:06:10","slug":"pirocao-magico-gel-com-sensacao-de-inchaco-15g","status":"publish","type":"product","link":"https:\/\/sorvetequente.com.br\/loja\/product\/pirocao-magico-gel-com-sensacao-de-inchaco-15g\/","title":{"rendered":"PIROC\u00c3O M\u00c1GICO GEL COM SENSA\u00c7\u00c3O DE INCHA\u00c7O 15G"},"content":{"rendered":"<p>O\u00a0Gel\u00a0da\u00a0Linha Po\u00e7\u00f5es\u00a0da\u00a0Intt\u00a0possui sabor de\u00a0Bolinho de Chuva\u00a0e efeito\u00a0vasodilatador\u00a0que causa sensa\u00e7\u00e3o de que o\u00a0p\u00eanis\u00a0est\u00e1\u00a0maior, fazendo com o que o homem se sinta mais\u00a0viril\u00a0e\u00a0potente.<\/p>\n","protected":false},"excerpt":{"rendered":"<h1><span style=\"color: #ff00ff\">NO PIX R$8,87<\/span><\/h1>\n","protected":false},"featured_media":2780,"comment_status":"open","ping_status":"closed","template":"","meta":[],"product_cat":[37,43],"product_tag":[],"class_list":{"0":"post-2779","1":"product","2":"type-product","3":"status-publish","4":"has-post-thumbnail","6":"product_cat-cosmeticos-e-comestiveis","7":"product_cat-para-ele","9":"first","10":"instock","11":"sale","12":"shipping-taxable","13":"purchasable","14":"product-type-simple"},"group_of_quantity":0,"min_quantity":0,"max_quantity":"","exclude_order_quantity_value_rules":"no","exclude_category_quantity_rules":"no","combine_variations":"no","_links":{"self":[{"href":"https:\/\/sorvetequente.com.br\/loja\/wp-json\/wp\/v2\/product\/2779","targetHints":{"allow":["GET"]}}],"collection":[{"href":"https:\/\/sorvetequente.com.br\/loja\/wp-json\/wp\/v2\/product"}],"about":[{"href":"https:\/\/sorvetequente.com.br\/loja\/wp-json\/wp\/v2\/types\/product"}],"replies":[{"embeddable":true,"href":"https:\/\/sorvetequente.com.br\/loja\/wp-json\/wp\/v2\/comments?post=2779"}],"wp:featuredmedia":[{"embeddable":true,"href":"https:\/\/sorvetequente.com.br\/loja\/wp-json\/wp\/v2\/media\/2780"}],"wp:attachment":[{"href":"https:\/\/sorvetequente.com.br\/loja\/wp-json\/wp\/v2\/media?parent=2779"}],"wp:term":[{"taxonomy":"product_cat","embeddable":true,"href":"https:\/\/sorvetequente.com.br\/loja\/wp-json\/wp\/v2\/product_cat?post=2779"},{"taxonomy":"product_tag","embeddable":true,"href":"https:\/\/sorvetequente.com.br\/loja\/wp-json\/wp\/v2\/product_tag?post=2779"}],"curies":[{"name":"wp","href":"https:\/\/api.w.org\/{rel}","templated":true}]}}