{"id":2654,"date":"2023-10-12T21:01:33","date_gmt":"2023-10-13T00:01:33","guid":{"rendered":"https:\/\/sorvetequente.com.br\/loja\/?post_type=product&#038;p=2654"},"modified":"2026-03-24T15:56:04","modified_gmt":"2026-03-24T18:56:04","slug":"plug-anal-em-metal-7cm-com-pompom-colorido","status":"publish","type":"product","link":"https:\/\/sorvetequente.com.br\/loja\/product\/plug-anal-em-metal-7cm-com-pompom-colorido\/","title":{"rendered":"PLUG ANAL EM METAL 7CM COM POMPOM COLORIDO"},"content":{"rendered":"<h2>DESCRI\u00c7\u00c3O<\/h2>\n<div class=\"productDescription\">\n<p>Plug Anal em Metal 7cm com Pompom<\/p>\n<p>Plug anal em metal, com pompom colorido, feito em alum\u00ednio fundido e polido a m\u00e3o, usado como adorno para fetiches e sensa\u00e7\u00f5es inesquec\u00edveis pode se aproveitar com temperaturas diferentes, coloque-o no freezer para esfriar, ou em uma bacia de \u00e1gua quente para aquecer<\/p>\n<p>Produto:7x4x4 cm<br \/>\nDi\u00e2metro: 4 cm<br \/>\nPenetr\u00e1veis: 5,5 cm<br \/>\nMaterial: Metal<\/p>\n<p>Informa\u00e7\u00f5es Adicionais:<br \/>\nO produto cont\u00e9m cores variadas, sem op\u00e7\u00e3o de escolha.<\/p>\n<p>Mode de uso<br \/>\nTire do pl\u00e1stico e coloque-o no freezer para esfriar, ou em uma bacia de \u00e1gua quente para aquecer. Lave com sabonete bactericida antes e ap\u00f3s o uso. Seque com papel toalha descart\u00e1vel ou deixe secar na naturalmente. Passe um dessensibilizante no \u00e2nus de sua prefer\u00eancia e massageie com a ponta dos dedos. Depois de alguns minutos coloque o Plug devagar no \u00e2nus at\u00e9 ficar apenas o pompom. Importante higienizar antes e ap\u00f3s o uso.<\/p>\n<\/div>\n","protected":false},"excerpt":{"rendered":"<h1><span style=\"color: #ff00ff\">NO PIX R$18,79<\/span><\/h1>\n","protected":false},"featured_media":2657,"comment_status":"open","ping_status":"closed","template":"","meta":[],"product_cat":[23,32],"product_tag":[],"class_list":{"0":"post-2654","1":"product","2":"type-product","3":"status-publish","4":"has-post-thumbnail","6":"product_cat-acessorios","7":"product_cat-sado-fetiche","9":"first","10":"outofstock","11":"sale","12":"shipping-taxable","13":"purchasable","14":"product-type-simple"},"group_of_quantity":0,"min_quantity":0,"max_quantity":"","exclude_order_quantity_value_rules":"no","exclude_category_quantity_rules":"no","combine_variations":"no","_links":{"self":[{"href":"https:\/\/sorvetequente.com.br\/loja\/wp-json\/wp\/v2\/product\/2654","targetHints":{"allow":["GET"]}}],"collection":[{"href":"https:\/\/sorvetequente.com.br\/loja\/wp-json\/wp\/v2\/product"}],"about":[{"href":"https:\/\/sorvetequente.com.br\/loja\/wp-json\/wp\/v2\/types\/product"}],"replies":[{"embeddable":true,"href":"https:\/\/sorvetequente.com.br\/loja\/wp-json\/wp\/v2\/comments?post=2654"}],"wp:featuredmedia":[{"embeddable":true,"href":"https:\/\/sorvetequente.com.br\/loja\/wp-json\/wp\/v2\/media\/2657"}],"wp:attachment":[{"href":"https:\/\/sorvetequente.com.br\/loja\/wp-json\/wp\/v2\/media?parent=2654"}],"wp:term":[{"taxonomy":"product_cat","embeddable":true,"href":"https:\/\/sorvetequente.com.br\/loja\/wp-json\/wp\/v2\/product_cat?post=2654"},{"taxonomy":"product_tag","embeddable":true,"href":"https:\/\/sorvetequente.com.br\/loja\/wp-json\/wp\/v2\/product_tag?post=2654"}],"curies":[{"name":"wp","href":"https:\/\/api.w.org\/{rel}","templated":true}]}}