{"id":2600,"date":"2023-10-11T22:19:03","date_gmt":"2023-10-12T01:19:03","guid":{"rendered":"https:\/\/sorvetequente.com.br\/loja\/?post_type=product&#038;p=2600"},"modified":"2026-03-14T11:31:25","modified_gmt":"2026-03-14T14:31:25","slug":"intranse-gel-excitante-multifuncoes-15g-sexy-fantasy","status":"publish","type":"product","link":"https:\/\/sorvetequente.com.br\/loja\/product\/intranse-gel-excitante-multifuncoes-15g-sexy-fantasy\/","title":{"rendered":"Intranse Gel Excitante Multifun\u00e7\u00f5es 15G Sexy Fantasy"},"content":{"rendered":"<h2>DESCRI\u00c7\u00c3O<\/h2>\n<div class=\"productDescription\">\n<p>Que inicie os jogos de\u00a0<strong>sacanagem\u00a0<\/strong>e muito\u00a0<strong>tes\u00e3o<\/strong>!<\/p>\n<p>O\u00a0<strong>In Transe\u00a0<\/strong>\u00e9 o\u00a0<strong>Gel\u00a0<\/strong>perfeito para quem quer ter diversas fun\u00e7\u00f5es sem precisar ter v\u00e1rios produtos, com ele voc\u00ea tem sensa\u00e7\u00f5es de\u00a0<strong>aquecimento<\/strong>,\u00a0<strong>eletrizante<\/strong>, aumento dos\u00a0<strong>est\u00edmulos<\/strong>, a\u00e7\u00e3o\u00a0<strong>refrescante\u00a0<\/strong>em um s\u00f3 produto, para que a\u00a0<strong>intensidade\u00a0<\/strong>na Hora H seja forte, e deixe realmente o casal em transe e tanto prazer.<\/p>\n<p>Al\u00e9m disso, ele possui diversas a\u00e7\u00f5es\u00a0<strong>analg\u00e9sicas<\/strong>, antioxidante,\u00a0<strong>antimicrobiana<\/strong>, e muito mais ajudando na sa\u00fade de sua regi\u00e3o \u00edntima.<\/p>\n<h3><strong>Para que serve o In Transe?<\/strong><\/h3>\n<p>O\u00a0<strong>In Transe\u00a0<\/strong>\u00e9 um gel para quem gosta de\u00a0<strong>intensidade\u00a0<\/strong>mas n\u00e3o abre m\u00e3o de cuidar da sa\u00fade com ele voc\u00ea tem sensa\u00e7\u00f5es de\u00a0<strong>aquecimento<\/strong>,\u00a0<strong>refresc\u00e2ncia<\/strong>,\u00a0<strong>excita\u00e7\u00e3o\u00a0<\/strong>e\u00a0<strong>vibra\u00e7\u00e3o<\/strong>, que deixa seus momentos a dois mais gostosos e\u00a0<strong>excitantes<\/strong>. Ele possui tamb\u00e9m a\u00e7\u00e3o\u00a0<strong>analg\u00e9sica<\/strong>,\u00a0<strong>anti-inflamat\u00f3ria<\/strong>,\u00a0<strong>antioxidante<\/strong>,\u00a0<strong>antimicrobiana<\/strong>,\u00a0<strong>cicatrizante\u00a0<\/strong>e\u00a0<strong>hidratante<\/strong>, contribuindo para a sa\u00fade da regi\u00e3o \u00edntima.<br \/>\nEle une prazer e cuidado em um s\u00f3 produto, deixando voc\u00ea e seu parceiro completamente\u00a0<strong>excitados<\/strong>.<\/p>\n<h3><strong>Quais os benef\u00edcios que o Gel com Multifun\u00e7\u00f5es oferece?<\/strong><\/h3>\n<ul>\n<li>\u2022 Vasodilatador, aumentando os est\u00edmulos;<\/li>\n<li>\u2022 Maior sensibilidade da regi\u00e3o aplicada;<\/li>\n<li>\u2022 Lubrifica\u00e7\u00e3o deliciosa;<\/li>\n<li>\u2022 Cicatrizante;<\/li>\n<li>\u2022 Sensa\u00e7\u00e3o de aquecimento e excita\u00e7\u00e3o.<\/li>\n<\/ul>\n<h3><strong>Ficha T\u00e9cnica<\/strong><\/h3>\n<ul>\n<li>\u2022\u00a0<strong>Cont\u00e9m:\u00a0<\/strong>01 Gel Excitante Multifun\u00e7\u00f5es 15g<\/li>\n<li>\u2022\u00a0<strong>Embalagem:<\/strong>\u00a0Caixa<\/li>\n<li>\u2022\u00a0<strong>Validade:\u00a0<\/strong>Presente na embalagem.<\/li>\n<\/ul>\n<h3><strong>Qual a composi\u00e7\u00e3o do In Transe ?<\/strong><\/h3>\n<p>O In Transe da Sexy Fantasy \u00e9 composto por \u00c1gua, conservantes, espessante, glicerina, etanol, nicotinato de metila, mentol, eugenol, aroma de canela, extrato de jambu, extrato glic\u00f3lico de aloe vera e mel de abelhas. .<\/p>\n<h3><strong>Como usar o In Transe da Sexy Fantasy?<\/strong><\/h3>\n<p>Coloque uma pequena quantidade sobre os dedos, aplique sob o local massageando suavemente, e aproveite cada sensa\u00e7\u00e3o deliciosa que ele ir\u00e1 provocar.<\/p>\n<h3><strong>Quais cuidados e precau\u00e7\u00f5es preciso ter ao usar o Gel ?<\/strong><\/h3>\n<ul>\n<li>\u2022 N\u00e3o expor a temperaturas maiores que 50\u00b0;<\/li>\n<li>\u2022 Evite les\u00f5es ou agravamento de patologias j\u00e1 existentes, n\u00e3o utilize em zonas inflamadas, inchadas, ou com lacera\u00e7\u00f5es;<\/li>\n<li>\u2022 N\u00e3o compartilhe com nenhum outro parceiro;<\/li>\n<\/ul>\n<p><strong>Precau\u00e7\u00e3o:<\/strong><\/p>\n<ul>\n<li>\u2022 Mantenha fora do alcance de crian\u00e7as;<\/li>\n<\/ul>\n<\/div>\n","protected":false},"excerpt":{"rendered":"<h1><span style=\"color: #ff00ff\">NO PIX R$7,99<\/span><\/h1>\n","protected":false},"featured_media":2602,"comment_status":"open","ping_status":"closed","template":"","meta":[],"product_cat":[37],"product_tag":[],"class_list":{"0":"post-2600","1":"product","2":"type-product","3":"status-publish","4":"has-post-thumbnail","6":"product_cat-cosmeticos-e-comestiveis","8":"first","9":"instock","10":"sale","11":"shipping-taxable","12":"purchasable","13":"product-type-simple"},"group_of_quantity":0,"min_quantity":0,"max_quantity":"","exclude_order_quantity_value_rules":"no","exclude_category_quantity_rules":"no","combine_variations":"no","_links":{"self":[{"href":"https:\/\/sorvetequente.com.br\/loja\/wp-json\/wp\/v2\/product\/2600","targetHints":{"allow":["GET"]}}],"collection":[{"href":"https:\/\/sorvetequente.com.br\/loja\/wp-json\/wp\/v2\/product"}],"about":[{"href":"https:\/\/sorvetequente.com.br\/loja\/wp-json\/wp\/v2\/types\/product"}],"replies":[{"embeddable":true,"href":"https:\/\/sorvetequente.com.br\/loja\/wp-json\/wp\/v2\/comments?post=2600"}],"wp:featuredmedia":[{"embeddable":true,"href":"https:\/\/sorvetequente.com.br\/loja\/wp-json\/wp\/v2\/media\/2602"}],"wp:attachment":[{"href":"https:\/\/sorvetequente.com.br\/loja\/wp-json\/wp\/v2\/media?parent=2600"}],"wp:term":[{"taxonomy":"product_cat","embeddable":true,"href":"https:\/\/sorvetequente.com.br\/loja\/wp-json\/wp\/v2\/product_cat?post=2600"},{"taxonomy":"product_tag","embeddable":true,"href":"https:\/\/sorvetequente.com.br\/loja\/wp-json\/wp\/v2\/product_tag?post=2600"}],"curies":[{"name":"wp","href":"https:\/\/api.w.org\/{rel}","templated":true}]}}