{"id":2593,"date":"2023-10-09T17:39:12","date_gmt":"2023-10-09T20:39:12","guid":{"rendered":"https:\/\/sorvetequente.com.br\/loja\/?post_type=product&#038;p=2593"},"modified":"2026-03-25T20:41:26","modified_gmt":"2026-03-25T23:41:26","slug":"bolinha-explosiva-satisfaction-caps-c-3-unidades-ppk-tarada","status":"publish","type":"product","link":"https:\/\/sorvetequente.com.br\/loja\/product\/bolinha-explosiva-satisfaction-caps-c-3-unidades-ppk-tarada\/","title":{"rendered":"BOLINHA EXPLOSIVA SATISFACTION CAPS C\/3 UNIDADES PPK TARADA"},"content":{"rendered":"<p>Quando se fala em Sex Shop todo mundo lembra de primeira das famosas\u00a0<strong>bolinhas<\/strong>.<br \/>\nMas por que elas fazem tanto sucesso?<br \/>\nAl\u00e9m de ser um produto acess\u00edvel, elas s\u00e3o cheias de\u00a0<strong>surpresas<\/strong>. A<strong>\u00a0PPK Tarada<\/strong>\u00a0al\u00e9m de\u00a0<strong>lubrificar<\/strong>, tamb\u00e9m aumenta a\u00a0<strong>excita\u00e7\u00e3o\u00a0<\/strong>e possui fun\u00e7\u00e3o de\u00a0<strong>vibrar\u00a0<\/strong>deixando seu momento a dois\u00a0<strong>inesquec\u00edvel<\/strong>, e com aquele gostinho de\u00a0<strong>Leite Condensado<\/strong>\u00a0para deixar o oral\u00a0<strong>delicioso<\/strong>.<\/p>\n<p>&nbsp;<\/p>\n<h3><strong>Para que servem as Bolinhas?<\/strong><\/h3>\n<p>&nbsp;<\/p>\n<p>A bolinha\u00a0<strong>PPK Tarada\u00a0<\/strong>da\u00a0<strong>Satisfaction Caps<\/strong>\u00a0\u00e9 uma c\u00e1psula feita em gelatina, que promovem\u00a0<strong>sensa\u00e7\u00f5es\u00a0<\/strong>deliciosas em voc\u00ea e em seu parceiro (a), excitando e vibrando deixando o sexo mais\u00a0<strong>divertido\u00a0<\/strong>e com muito mais\u00a0<strong>tes\u00e3o<\/strong>.<\/p>\n<p>&nbsp;<\/p>\n<p>Dentro dela tem um \u00f3leo que voc\u00ea pode utilizar para fazer aquela\u00a0<strong>massagem\u00a0<\/strong>gostosa, com sabor de\u00a0<strong>Leite Condensado<\/strong>\u00a0pra voc\u00eas se deliciarem e deixarem a imagina\u00e7\u00e3o rolar.<\/p>\n<p>&nbsp;<\/p>\n<h3><strong>Quais os benef\u00edcios da PPK Tarada?<\/strong><\/h3>\n<p>&nbsp;<\/p>\n<p>\u2022 Excitante;<\/p>\n<p>\u2022 Sexo criativo;<\/p>\n<p>\u2022 Momentos Inesquec\u00edveis;<\/p>\n<p>\u2022 Sensa\u00e7\u00f5es deliciosas.<\/p>\n<p>&nbsp;<\/p>\n<h3><strong>Quais cuidados preciso ter ao usar as Sex Balls?<\/strong><\/h3>\n<p>&nbsp;<\/p>\n<p>As bolinhas n\u00e3o s\u00e3o indicadas para usar junto com preservativos, pois dentro delas existe um \u00f3leo que pode anular a lubrifica\u00e7\u00e3o da camisinha, fazendo com que ela estoure mais f\u00e1cil, perdendo a sua efic\u00e1cia.<\/p>\n<p>&nbsp;<\/p>\n<p>N\u00e3o \u00e9 recomendado que elas sejam introduzidas no canal vaginal ou anal, pois alguas pessoas podem ter alergia a subsancias que podem ter em sua composi\u00e7\u00e3o.<\/p>\n<p>&nbsp;<\/p>\n<h3><strong>Ficha T\u00e9cnica<\/strong><\/h3>\n<p>&nbsp;<\/p>\n<p>\u2022 Cont\u00e9m: 03 Bolinhas funcionais.<\/p>\n<p>\u2022 Validade: Presente na embalagem.<\/p>\n<p>\u2022 Embalagem: Frasco Pl\u00e1stico.<\/p>\n<p>\u2022 Fun\u00e7\u00e3o: Vibra, Excita e Lubrifica.<\/p>\n<p>&nbsp;<\/p>\n<h3><strong>Qual a composi\u00e7\u00e3o da Bolinha em C\u00e1psula?<\/strong><\/h3>\n<p>&nbsp;<\/p>\n<p>As bolinhas em c\u00e1psulas de Satisfaction Caps s\u00e3o compostas por<\/p>\n<p>&nbsp;<\/p>\n<h3><strong>Como usar a Bolinha PPK Tarada?<\/strong><\/h3>\n<p>&nbsp;<\/p>\n<p>Voc\u00ea pode estourar a bolinha apertando-a sobre a regi\u00e3o que deseja, ou com ajuda do calor do corpo deixando a brincadeira ainda mais gostosa e excitante, fazendo massagem no local da aplica\u00e7\u00e3o e dando beijos gostosos aproveitando cada sensa\u00e7\u00e3o que ela te proporciona.<\/p>\n<p>&nbsp;<\/p>\n<h3><strong>Quais as precau\u00e7\u00f5es preciso ter ao usar as Bolinhas da Satisfaction Caps?<\/strong><\/h3>\n<p>&nbsp;<\/p>\n<p>\u2022 N\u00e3o expor a temperatura superior a 50\u00baC;<\/p>\n<p>\u2022 Evita les\u00f5es ou um agravamento de patologias existentes, n\u00e3o utilizar esse produto em zonas inflamadas, inchadas ou em pele com lacera\u00e7\u00f5es;<\/p>\n<p>\u2022 N\u00e3o compartilhe com nenhum outro parceiro;<\/p>\n<p>\u2022 Mantenha fora do alcance de crian\u00e7as;<\/p>\n","protected":false},"excerpt":{"rendered":"<h1><span style=\"color: #ff00ff\">NO PIX R$3,09<\/span><\/h1>\n","protected":false},"featured_media":2594,"comment_status":"open","ping_status":"closed","template":"","meta":[],"product_cat":[133,37,75],"product_tag":[],"class_list":{"0":"post-2593","1":"product","2":"type-product","3":"status-publish","4":"has-post-thumbnail","6":"product_cat-bolinhas-explosivas","7":"product_cat-cosmeticos-e-comestiveis","8":"product_cat-lubrificantes","10":"first","11":"instock","12":"sale","13":"shipping-taxable","14":"purchasable","15":"product-type-simple"},"group_of_quantity":0,"min_quantity":0,"max_quantity":"","exclude_order_quantity_value_rules":"no","exclude_category_quantity_rules":"no","combine_variations":"no","_links":{"self":[{"href":"https:\/\/sorvetequente.com.br\/loja\/wp-json\/wp\/v2\/product\/2593","targetHints":{"allow":["GET"]}}],"collection":[{"href":"https:\/\/sorvetequente.com.br\/loja\/wp-json\/wp\/v2\/product"}],"about":[{"href":"https:\/\/sorvetequente.com.br\/loja\/wp-json\/wp\/v2\/types\/product"}],"replies":[{"embeddable":true,"href":"https:\/\/sorvetequente.com.br\/loja\/wp-json\/wp\/v2\/comments?post=2593"}],"wp:featuredmedia":[{"embeddable":true,"href":"https:\/\/sorvetequente.com.br\/loja\/wp-json\/wp\/v2\/media\/2594"}],"wp:attachment":[{"href":"https:\/\/sorvetequente.com.br\/loja\/wp-json\/wp\/v2\/media?parent=2593"}],"wp:term":[{"taxonomy":"product_cat","embeddable":true,"href":"https:\/\/sorvetequente.com.br\/loja\/wp-json\/wp\/v2\/product_cat?post=2593"},{"taxonomy":"product_tag","embeddable":true,"href":"https:\/\/sorvetequente.com.br\/loja\/wp-json\/wp\/v2\/product_tag?post=2593"}],"curies":[{"name":"wp","href":"https:\/\/api.w.org\/{rel}","templated":true}]}}