{"id":2579,"date":"2023-10-08T18:48:35","date_gmt":"2023-10-08T21:48:35","guid":{"rendered":"https:\/\/sorvetequente.com.br\/loja\/?post_type=product&#038;p=2579"},"modified":"2024-11-30T20:55:51","modified_gmt":"2024-11-30T23:55:51","slug":"toque-do-cupido-triplo-diversao-ao-cubo-2","status":"publish","type":"product","link":"https:\/\/sorvetequente.com.br\/loja\/product\/toque-do-cupido-triplo-diversao-ao-cubo-2\/","title":{"rendered":"TOQUE DO CUPIDO TRIPLO DIVERS\u00c3O AO CUBO"},"content":{"rendered":"<p>O dado \u00e9 um dos produtos er\u00f3ticos mais usados, foi desenvolvido para que voc\u00ea e o seu amor\u00a0<strong>quebrem o gelo<\/strong>\u00a0e se divirtam numa noite cheia de criatividade e prazer intenso. Ele joga com o dado com partes femininas ( bunda, peito, boca, pernas, pesco\u00e7o, sexo) ela o dado com partes masculinas, alternadamente junto com o dado tarefas ( abra\u00e7ar, lamber, beijar, tocar, chupar, acariciar).<\/p>\n<p><strong>Material:\u00a0<\/strong>Poliestireno de Alto Impacto (PSAI).<\/p>\n","protected":false},"excerpt":{"rendered":"<h1><span style=\"color: #ff00ff\">NO PIX R$4,79<\/span><\/h1>\n","protected":false},"featured_media":2582,"comment_status":"open","ping_status":"closed","template":"","meta":[],"product_cat":[98],"product_tag":[],"class_list":{"0":"post-2579","1":"product","2":"type-product","3":"status-publish","4":"has-post-thumbnail","6":"product_cat-brincadeiras","8":"first","9":"instock","10":"sale","11":"shipping-taxable","12":"purchasable","13":"product-type-simple"},"group_of_quantity":0,"min_quantity":0,"max_quantity":"","exclude_order_quantity_value_rules":"no","exclude_category_quantity_rules":"no","combine_variations":"no","_links":{"self":[{"href":"https:\/\/sorvetequente.com.br\/loja\/wp-json\/wp\/v2\/product\/2579","targetHints":{"allow":["GET"]}}],"collection":[{"href":"https:\/\/sorvetequente.com.br\/loja\/wp-json\/wp\/v2\/product"}],"about":[{"href":"https:\/\/sorvetequente.com.br\/loja\/wp-json\/wp\/v2\/types\/product"}],"replies":[{"embeddable":true,"href":"https:\/\/sorvetequente.com.br\/loja\/wp-json\/wp\/v2\/comments?post=2579"}],"wp:featuredmedia":[{"embeddable":true,"href":"https:\/\/sorvetequente.com.br\/loja\/wp-json\/wp\/v2\/media\/2582"}],"wp:attachment":[{"href":"https:\/\/sorvetequente.com.br\/loja\/wp-json\/wp\/v2\/media?parent=2579"}],"wp:term":[{"taxonomy":"product_cat","embeddable":true,"href":"https:\/\/sorvetequente.com.br\/loja\/wp-json\/wp\/v2\/product_cat?post=2579"},{"taxonomy":"product_tag","embeddable":true,"href":"https:\/\/sorvetequente.com.br\/loja\/wp-json\/wp\/v2\/product_tag?post=2579"}],"curies":[{"name":"wp","href":"https:\/\/api.w.org\/{rel}","templated":true}]}}