{"id":2558,"date":"2023-10-08T16:46:11","date_gmt":"2023-10-08T19:46:11","guid":{"rendered":"https:\/\/sorvetequente.com.br\/loja\/?post_type=product&#038;p=2558"},"modified":"2025-10-27T21:01:20","modified_gmt":"2025-10-28T00:01:20","slug":"roleta-do-amor-jogo-erotico-para-casal-diversao-ao-cubo","status":"publish","type":"product","link":"https:\/\/sorvetequente.com.br\/loja\/product\/roleta-do-amor-jogo-erotico-para-casal-diversao-ao-cubo\/","title":{"rendered":"ROLETA DO AMOR JOGO ER\u00d3TICO PARA CASAL DIVERS\u00c3O AO CUBO"},"content":{"rendered":"<p>JOGO ROLETA DO AMOR DIVERS\u00c3O AO CUBO<\/p>\n<p>Para casais que gostam de se divertir e sair da rotina na hora do sexo!<br \/>\nGire a roleta e veja o numero que a seta aponta.<br \/>\njogue o dado, se a cor sorteada for o vermelho, posicione o orif\u00edcio da parte vermelha da circunfer\u00eancia no n\u00famero que a seta apontar e execute a a\u00e7\u00e3o exibida.<br \/>\nCaso a cor sorteada seja a preta posicione o orificio da parte preta da circunferencia no numero que a seta aponta e execute a a\u00e7\u00e3o exibida.<br \/>\nSe ao jogar o dado aparecer &#8220;Quem joga escolhe&#8221;, o jogador pode escolher a cor que desejar da circunfer\u00eancia.<br \/>\nCaso ao jogador o dado aparecer &#8220;Passa a vez&#8221;, o jogador passa a vez ao pr\u00f3ximo.<\/p>\n<p>Cont\u00e9m:<br \/>\n01 roleta do amor<br \/>\n01 dado com os dizeres.<\/p>\n","protected":false},"excerpt":{"rendered":"<h1><span style=\"color: #ff00ff\">NO PIX R$7,98<\/span><\/h1>\n","protected":false},"featured_media":2561,"comment_status":"open","ping_status":"closed","template":"","meta":[],"product_cat":[98],"product_tag":[],"class_list":{"0":"post-2558","1":"product","2":"type-product","3":"status-publish","4":"has-post-thumbnail","6":"product_cat-brincadeiras","8":"first","9":"instock","10":"sale","11":"shipping-taxable","12":"purchasable","13":"product-type-simple"},"group_of_quantity":0,"min_quantity":0,"max_quantity":"","exclude_order_quantity_value_rules":"no","exclude_category_quantity_rules":"no","combine_variations":"no","_links":{"self":[{"href":"https:\/\/sorvetequente.com.br\/loja\/wp-json\/wp\/v2\/product\/2558","targetHints":{"allow":["GET"]}}],"collection":[{"href":"https:\/\/sorvetequente.com.br\/loja\/wp-json\/wp\/v2\/product"}],"about":[{"href":"https:\/\/sorvetequente.com.br\/loja\/wp-json\/wp\/v2\/types\/product"}],"replies":[{"embeddable":true,"href":"https:\/\/sorvetequente.com.br\/loja\/wp-json\/wp\/v2\/comments?post=2558"}],"wp:featuredmedia":[{"embeddable":true,"href":"https:\/\/sorvetequente.com.br\/loja\/wp-json\/wp\/v2\/media\/2561"}],"wp:attachment":[{"href":"https:\/\/sorvetequente.com.br\/loja\/wp-json\/wp\/v2\/media?parent=2558"}],"wp:term":[{"taxonomy":"product_cat","embeddable":true,"href":"https:\/\/sorvetequente.com.br\/loja\/wp-json\/wp\/v2\/product_cat?post=2558"},{"taxonomy":"product_tag","embeddable":true,"href":"https:\/\/sorvetequente.com.br\/loja\/wp-json\/wp\/v2\/product_tag?post=2558"}],"curies":[{"name":"wp","href":"https:\/\/api.w.org\/{rel}","templated":true}]}}