{"id":2553,"date":"2023-10-08T16:41:02","date_gmt":"2023-10-08T19:41:02","guid":{"rendered":"https:\/\/sorvetequente.com.br\/loja\/?post_type=product&#038;p=2553"},"modified":"2026-03-31T17:54:42","modified_gmt":"2026-03-31T20:54:42","slug":"erotic-story-dice-jogo-erotico-para-casal-diversao-ao-cubo","status":"publish","type":"product","link":"https:\/\/sorvetequente.com.br\/loja\/product\/erotic-story-dice-jogo-erotico-para-casal-diversao-ao-cubo\/","title":{"rendered":"EROTIC STORY DICE JOGO ER\u00d3TICO PARA CASAL DIVERS\u00c3O AO CUBO"},"content":{"rendered":"<p>Erotic Story Dice Jogo do Prazer &#8211; Divers\u00e3o ao Cubo.<\/p>\n<p>Perfeito para uma noite divertida, lance os dados e libere suas fantasias er\u00f3ticas.<\/p>\n<p>Neste din\u00e2mico e divertido jogo de dados, qualquer um poder\u00e1 soltar a criatividade e a imagina\u00e7\u00e3o.<\/p>\n<p>Como jogar:<\/p>\n<p>Com 08 dados impressos num total de 48 imagens diferentes em suas faces, \u00e9 poss\u00edvel inventar infinitas hist\u00f3rias.<\/p>\n<p>O objetivo \u00e9 criar uma hist\u00f3ria er\u00f3tica onde figure todas as imagens da face superior dos dados arremessados.<\/p>\n<p>As hist\u00f3rias pode ser contadas por um casal, em partes por um grupo ou por um \u00fanico participante na sua vez.<\/p>\n<p>Essa aventura proporcionar\u00e1 uma oportunidade de vencer as inibi\u00e7\u00f5es, liberar suas fantasias mais criativas de forma diferentes e divertida.<\/p>\n<p>Ideal para pessoas liberais e divers\u00e3o entre amigos!<\/p>\n<p>Modo de lavar:<br \/>\nLavar com \u00e1gua e sab\u00e3o. N\u00e3o usar solventes ou abrasivos.<\/p>\n<p>Cont\u00e9m:<br \/>\n08 Dados Pl\u00e1sticos<\/p>\n<p>Composi\u00e7\u00e3o:<br \/>\n100% Poliestireno&#8217;<\/p>\n","protected":false},"excerpt":{"rendered":"<h1><span style=\"color: #ff00ff\">NO PIX R$16,94<\/span><\/h1>\n","protected":false},"featured_media":2557,"comment_status":"open","ping_status":"closed","template":"","meta":[],"product_cat":[98],"product_tag":[],"class_list":{"0":"post-2553","1":"product","2":"type-product","3":"status-publish","4":"has-post-thumbnail","6":"product_cat-brincadeiras","8":"first","9":"instock","10":"sale","11":"shipping-taxable","12":"purchasable","13":"product-type-simple"},"group_of_quantity":0,"min_quantity":0,"max_quantity":"","exclude_order_quantity_value_rules":"no","exclude_category_quantity_rules":"no","combine_variations":"no","_links":{"self":[{"href":"https:\/\/sorvetequente.com.br\/loja\/wp-json\/wp\/v2\/product\/2553","targetHints":{"allow":["GET"]}}],"collection":[{"href":"https:\/\/sorvetequente.com.br\/loja\/wp-json\/wp\/v2\/product"}],"about":[{"href":"https:\/\/sorvetequente.com.br\/loja\/wp-json\/wp\/v2\/types\/product"}],"replies":[{"embeddable":true,"href":"https:\/\/sorvetequente.com.br\/loja\/wp-json\/wp\/v2\/comments?post=2553"}],"wp:featuredmedia":[{"embeddable":true,"href":"https:\/\/sorvetequente.com.br\/loja\/wp-json\/wp\/v2\/media\/2557"}],"wp:attachment":[{"href":"https:\/\/sorvetequente.com.br\/loja\/wp-json\/wp\/v2\/media?parent=2553"}],"wp:term":[{"taxonomy":"product_cat","embeddable":true,"href":"https:\/\/sorvetequente.com.br\/loja\/wp-json\/wp\/v2\/product_cat?post=2553"},{"taxonomy":"product_tag","embeddable":true,"href":"https:\/\/sorvetequente.com.br\/loja\/wp-json\/wp\/v2\/product_tag?post=2553"}],"curies":[{"name":"wp","href":"https:\/\/api.w.org\/{rel}","templated":true}]}}