{"id":2551,"date":"2023-10-08T16:32:49","date_gmt":"2023-10-08T19:32:49","guid":{"rendered":"https:\/\/sorvetequente.com.br\/loja\/?post_type=product&#038;p=2551"},"modified":"2023-10-08T18:38:46","modified_gmt":"2023-10-08T21:38:46","slug":"protese-com-vibro-e-escroto-174x41cm-com-aroma-de-tutti-frutti","status":"publish","type":"product","link":"https:\/\/sorvetequente.com.br\/loja\/product\/protese-com-vibro-e-escroto-174x41cm-com-aroma-de-tutti-frutti\/","title":{"rendered":"PROTESE COM VIBRO E ESCROTO 17,4X4,1cm Com Aroma de Tutti-Frutti"},"content":{"rendered":"<p>Pr\u00f3tese com vibro, escroto e ventosa, feito em polivin\u00edlico at\u00f3xico!<\/p>\n<p>Aroma: Tuti &#8211; Frutti<\/p>\n<p>Medidas aproximadas: 17,4 x 4,1 cm.<\/p>\n<p>Modo de Usar: \u00c9 importante o uso de lubrificante!<\/p>\n<p>Cuidados:<\/p>\n<p>-Sempre lavar com \u00e1gua e sab\u00e3o neutro, antes e ap\u00f3s a sua utiliza\u00e7\u00e3o.<br \/>\n&#8211; Aconselha-se o uso de preservativo.<br \/>\n&#8211; N\u00e3o deve ser usado em \u00e1reas irritadas, inflamadas ou em pele com erup\u00e7oes.<br \/>\n&#8211; Em caso de dor, irrita\u00e7\u00e3o e inflama\u00e7\u00f5es, consulte seu m\u00e9dico.<br \/>\n&#8211; Se o produto cont\u00e9m vibrador, n\u00e3o permita que a \u00e1gua entre em contato com o compartilhamento das pilhas.<br \/>\n&#8211; Ap\u00f3s o uso, retire as pilhas e proteja o comando de velocidade, evitando seu contato direto com o produto<\/p>\n","protected":false},"excerpt":{"rendered":"<h1><span style=\"color: #ff00ff\">NO PIX R$43,87<\/span><\/h1>\n","protected":false},"featured_media":2552,"comment_status":"open","ping_status":"closed","template":"","meta":[],"product_cat":[97],"product_tag":[],"class_list":{"0":"post-2551","1":"product","2":"type-product","3":"status-publish","4":"has-post-thumbnail","6":"product_cat-penis-com-vibro","8":"first","9":"instock","10":"sale","11":"shipping-taxable","12":"purchasable","13":"product-type-simple"},"group_of_quantity":0,"min_quantity":0,"max_quantity":"","exclude_order_quantity_value_rules":"no","exclude_category_quantity_rules":"no","combine_variations":"no","_links":{"self":[{"href":"https:\/\/sorvetequente.com.br\/loja\/wp-json\/wp\/v2\/product\/2551","targetHints":{"allow":["GET"]}}],"collection":[{"href":"https:\/\/sorvetequente.com.br\/loja\/wp-json\/wp\/v2\/product"}],"about":[{"href":"https:\/\/sorvetequente.com.br\/loja\/wp-json\/wp\/v2\/types\/product"}],"replies":[{"embeddable":true,"href":"https:\/\/sorvetequente.com.br\/loja\/wp-json\/wp\/v2\/comments?post=2551"}],"wp:featuredmedia":[{"embeddable":true,"href":"https:\/\/sorvetequente.com.br\/loja\/wp-json\/wp\/v2\/media\/2552"}],"wp:attachment":[{"href":"https:\/\/sorvetequente.com.br\/loja\/wp-json\/wp\/v2\/media?parent=2551"}],"wp:term":[{"taxonomy":"product_cat","embeddable":true,"href":"https:\/\/sorvetequente.com.br\/loja\/wp-json\/wp\/v2\/product_cat?post=2551"},{"taxonomy":"product_tag","embeddable":true,"href":"https:\/\/sorvetequente.com.br\/loja\/wp-json\/wp\/v2\/product_tag?post=2551"}],"curies":[{"name":"wp","href":"https:\/\/api.w.org\/{rel}","templated":true}]}}