{"id":2544,"date":"2023-10-08T15:55:44","date_gmt":"2023-10-08T18:55:44","guid":{"rendered":"https:\/\/sorvetequente.com.br\/loja\/?post_type=product&#038;p=2544"},"modified":"2024-01-24T22:00:24","modified_gmt":"2024-01-25T01:00:24","slug":"protese-macica-garanhao-175-x-39-cm-com-aroma-de-tutti-frutti","status":"publish","type":"product","link":"https:\/\/sorvetequente.com.br\/loja\/product\/protese-macica-garanhao-175-x-39-cm-com-aroma-de-tutti-frutti\/","title":{"rendered":"Pr\u00f3tese maci\u00e7a garanh\u00e3o 17,5 X 3,9 cm Com Aroma de Tutti-Frutti"},"content":{"rendered":"<p>Pr\u00f3tese maci\u00e7a Garanh\u00e3o SB, feito em polivin\u00edlico at\u00f3xico!<\/p>\n<p>Aroma: Tuti &#8211; Frutti<\/p>\n<p>Medidas aproximadas: 17,5 x 3,9cm<\/p>\n<p>Modo de Usar: \u00c9 importante o uso de lubrificante!<\/p>\n<p>Cuidados:<\/p>\n<p>-Sempre lavar com \u00e1gua e sab\u00e3o neutro, antes e ap\u00f3s a sua utiliza\u00e7\u00e3o.<br \/>\n&#8211; Aconselha-se o uso de preservativo.<br \/>\n&#8211; N\u00e3o deve ser usado em \u00e1reas irritadas, inflamadas ou em pele com erup\u00e7oes.<br \/>\n&#8211; Em caso de dor, irrita\u00e7\u00e3o e inflama\u00e7\u00f5es, consulte seu m\u00e9dico.<\/p>\n","protected":false},"excerpt":{"rendered":"<h1><span style=\"color: #ff00ff\">NO PIX R$19,25<\/span><\/h1>\n","protected":false},"featured_media":2545,"comment_status":"open","ping_status":"closed","template":"","meta":[],"product_cat":[96],"product_tag":[],"class_list":{"0":"post-2544","1":"product","2":"type-product","3":"status-publish","4":"has-post-thumbnail","6":"product_cat-penis-de-borracha","8":"first","9":"instock","10":"sale","11":"shipping-taxable","12":"purchasable","13":"product-type-simple"},"group_of_quantity":0,"min_quantity":0,"max_quantity":"","exclude_order_quantity_value_rules":"no","exclude_category_quantity_rules":"no","combine_variations":"no","_links":{"self":[{"href":"https:\/\/sorvetequente.com.br\/loja\/wp-json\/wp\/v2\/product\/2544","targetHints":{"allow":["GET"]}}],"collection":[{"href":"https:\/\/sorvetequente.com.br\/loja\/wp-json\/wp\/v2\/product"}],"about":[{"href":"https:\/\/sorvetequente.com.br\/loja\/wp-json\/wp\/v2\/types\/product"}],"replies":[{"embeddable":true,"href":"https:\/\/sorvetequente.com.br\/loja\/wp-json\/wp\/v2\/comments?post=2544"}],"wp:featuredmedia":[{"embeddable":true,"href":"https:\/\/sorvetequente.com.br\/loja\/wp-json\/wp\/v2\/media\/2545"}],"wp:attachment":[{"href":"https:\/\/sorvetequente.com.br\/loja\/wp-json\/wp\/v2\/media?parent=2544"}],"wp:term":[{"taxonomy":"product_cat","embeddable":true,"href":"https:\/\/sorvetequente.com.br\/loja\/wp-json\/wp\/v2\/product_cat?post=2544"},{"taxonomy":"product_tag","embeddable":true,"href":"https:\/\/sorvetequente.com.br\/loja\/wp-json\/wp\/v2\/product_tag?post=2544"}],"curies":[{"name":"wp","href":"https:\/\/api.w.org\/{rel}","templated":true}]}}