{"id":2538,"date":"2023-10-08T14:45:09","date_gmt":"2023-10-08T17:45:09","guid":{"rendered":"https:\/\/sorvetequente.com.br\/loja\/?post_type=product&#038;p=2538"},"modified":"2025-05-12T09:36:19","modified_gmt":"2025-05-12T12:36:19","slug":"2538","status":"publish","type":"product","link":"https:\/\/sorvetequente.com.br\/loja\/product\/2538\/","title":{"rendered":"Pr\u00f3tese maci\u00e7a 15&#215;3,5 cm Com Aroma de Tutti-Frutti"},"content":{"rendered":"<p>Pr\u00f3tese maci\u00e7a com veias, feito em polivin\u00edlico at\u00f3xico!<\/p>\n<p>Aroma: Tuti &#8211; Frutti<\/p>\n<p>Medidas aproximadas: 15 x 3,5cm<\/p>\n<p>Modo de Usar: \u00c9 importante o uso de lubrificante!<\/p>\n<p>Cuidados:<\/p>\n<p>-Sempre lavar com \u00e1gua e sab\u00e3o neutro, antes e ap\u00f3s a sua utiliza\u00e7\u00e3o.<br \/>\n&#8211; Aconselha-se o uso de preservativo.<br \/>\n&#8211; N\u00e3o deve ser usado em \u00e1reas irritadas, inflamadas ou em pele com erup\u00e7oes.<br \/>\n&#8211; Em caso de dor, irrita\u00e7\u00e3o e inflama\u00e7\u00f5es, consulte seu m\u00e9dico.<\/p>\n","protected":false},"excerpt":{"rendered":"<h1><span style=\"color: #ff00ff\">NO PIX R$14,90<\/span><\/h1>\n","protected":false},"featured_media":2542,"comment_status":"open","ping_status":"closed","template":"","meta":[],"product_cat":[96],"product_tag":[],"class_list":{"0":"post-2538","1":"product","2":"type-product","3":"status-publish","4":"has-post-thumbnail","6":"product_cat-penis-de-borracha","8":"first","9":"instock","10":"sale","11":"shipping-taxable","12":"purchasable","13":"product-type-simple"},"group_of_quantity":0,"min_quantity":0,"max_quantity":"","exclude_order_quantity_value_rules":"no","exclude_category_quantity_rules":"no","combine_variations":"no","_links":{"self":[{"href":"https:\/\/sorvetequente.com.br\/loja\/wp-json\/wp\/v2\/product\/2538","targetHints":{"allow":["GET"]}}],"collection":[{"href":"https:\/\/sorvetequente.com.br\/loja\/wp-json\/wp\/v2\/product"}],"about":[{"href":"https:\/\/sorvetequente.com.br\/loja\/wp-json\/wp\/v2\/types\/product"}],"replies":[{"embeddable":true,"href":"https:\/\/sorvetequente.com.br\/loja\/wp-json\/wp\/v2\/comments?post=2538"}],"wp:featuredmedia":[{"embeddable":true,"href":"https:\/\/sorvetequente.com.br\/loja\/wp-json\/wp\/v2\/media\/2542"}],"wp:attachment":[{"href":"https:\/\/sorvetequente.com.br\/loja\/wp-json\/wp\/v2\/media?parent=2538"}],"wp:term":[{"taxonomy":"product_cat","embeddable":true,"href":"https:\/\/sorvetequente.com.br\/loja\/wp-json\/wp\/v2\/product_cat?post=2538"},{"taxonomy":"product_tag","embeddable":true,"href":"https:\/\/sorvetequente.com.br\/loja\/wp-json\/wp\/v2\/product_tag?post=2538"}],"curies":[{"name":"wp","href":"https:\/\/api.w.org\/{rel}","templated":true}]}}