{"id":2519,"date":"2023-09-26T23:43:20","date_gmt":"2023-09-27T02:43:20","guid":{"rendered":"https:\/\/sorvetequente.com.br\/loja\/?post_type=product&#038;p=2519"},"modified":"2026-03-31T17:54:42","modified_gmt":"2026-03-31T20:54:42","slug":"anel-peniano-com-vibro","status":"publish","type":"product","link":"https:\/\/sorvetequente.com.br\/loja\/product\/anel-peniano-com-vibro\/","title":{"rendered":"Anel peniano com vibro"},"content":{"rendered":"<p><strong>Anel Peniano<\/strong>\u00a0com\u00a0<strong>mini c\u00e1psula vibrat\u00f3ria<\/strong>\u00a0com poder de estimular a regi\u00e3o clitoriana e\u00a0<strong>retardar a sua ejacula\u00e7\u00e3o<\/strong>. Ideal para voc\u00ea que deseja prolongar a sua noite. Ele \u00e9 feito em silicone macio e flex\u00edvel, se ajustando em qualquer tamanho de p\u00eanis.<\/p>\n<p><strong>Recomenda\u00e7\u00f5es:<\/strong><br \/>\nRetire a c\u00e1psula vibrat\u00f3ria e lave antes e ap\u00f3s o uso com \u00e1gua e sab\u00e3o neutro. Para a satisfa\u00e7\u00e3o ser completa, utilize sempre o produto com lubrificante e preservativo. N\u00e3o utilize o produto por mais de 30 minutos.<\/p>\n<p><strong>Aviso:<\/strong><br \/>\nPara evitar les\u00f5es ou um agravamento de patologias existentes, n\u00e3o utilize este produto em zona inflamada, inchada ou a pele com lacera\u00e7\u00f5es.<\/p>\n","protected":false},"excerpt":{"rendered":"<h1><strong><span style=\"color: #d111ce\">NO PIX R$2,59<\/span><\/strong><\/h1>\n","protected":false},"featured_media":2522,"comment_status":"open","ping_status":"closed","template":"","meta":[],"product_cat":[15,23,66,76],"product_tag":[],"class_list":{"0":"post-2519","1":"product","2":"type-product","3":"status-publish","4":"has-post-thumbnail","6":"product_cat-promocoes","7":"product_cat-acessorios","8":"product_cat-promocao-relampago","9":"product_cat-vibradores","11":"first","12":"instock","13":"sale","14":"shipping-taxable","15":"purchasable","16":"product-type-simple"},"group_of_quantity":0,"min_quantity":0,"max_quantity":"","exclude_order_quantity_value_rules":"no","exclude_category_quantity_rules":"no","combine_variations":"no","_links":{"self":[{"href":"https:\/\/sorvetequente.com.br\/loja\/wp-json\/wp\/v2\/product\/2519","targetHints":{"allow":["GET"]}}],"collection":[{"href":"https:\/\/sorvetequente.com.br\/loja\/wp-json\/wp\/v2\/product"}],"about":[{"href":"https:\/\/sorvetequente.com.br\/loja\/wp-json\/wp\/v2\/types\/product"}],"replies":[{"embeddable":true,"href":"https:\/\/sorvetequente.com.br\/loja\/wp-json\/wp\/v2\/comments?post=2519"}],"wp:featuredmedia":[{"embeddable":true,"href":"https:\/\/sorvetequente.com.br\/loja\/wp-json\/wp\/v2\/media\/2522"}],"wp:attachment":[{"href":"https:\/\/sorvetequente.com.br\/loja\/wp-json\/wp\/v2\/media?parent=2519"}],"wp:term":[{"taxonomy":"product_cat","embeddable":true,"href":"https:\/\/sorvetequente.com.br\/loja\/wp-json\/wp\/v2\/product_cat?post=2519"},{"taxonomy":"product_tag","embeddable":true,"href":"https:\/\/sorvetequente.com.br\/loja\/wp-json\/wp\/v2\/product_tag?post=2519"}],"curies":[{"name":"wp","href":"https:\/\/api.w.org\/{rel}","templated":true}]}}