{"id":2497,"date":"2023-09-24T15:15:18","date_gmt":"2023-09-24T18:15:18","guid":{"rendered":"https:\/\/sorvetequente.com.br\/loja\/?post_type=product&#038;p=2497"},"modified":"2025-10-03T19:49:58","modified_gmt":"2025-10-03T22:49:58","slug":"pinta-clima-gel-esquenta-e-esfria-15g-sexy-fantasy","status":"publish","type":"product","link":"https:\/\/sorvetequente.com.br\/loja\/product\/pinta-clima-gel-esquenta-e-esfria-15g-sexy-fantasy\/","title":{"rendered":"PINTA CLIMA GEL ESQUENTA E ESFRIA 15G SEXY FANTASY"},"content":{"rendered":"<div class=\"conteudoFecha\">\n<p>PINTA CLIMA GEL ESQUENTA E ESFRIA 15G SEXY FANTASY<\/p>\n<p>O Gel Pinta Clima foi desenvolvido para aumentar o est\u00edmulo, com um incr\u00edvel efeito de aquecer e refrescar a regi\u00e3o.<br \/>\nAl\u00e9m disso, \u00e9 capaz de tornar a rela\u00e7\u00e3o ainda mais incr\u00edvel devido \u00e0 sua a\u00e7\u00e3o vasodilatadora.<br \/>\nE ainda traz hidrata\u00e7\u00e3o e cicatriza\u00e7\u00e3o para o local por possuir Vitamina E e Aloe Vera na composi\u00e7\u00e3o.<\/p>\n<p>Modo de usar:<br \/>\nAplique sobre a pele e com movimentos circulares massageie suavemente.<br \/>\nUSO EXTERNO.<\/p>\n<p>Precau\u00e7\u00f5es:<br \/>\nUso externo adulto.<br \/>\nManter fora do alcance de crian\u00e7as e animais dom\u00e9sticos.<br \/>\nEm caso de contato acidental com os olhos, enxaguar abundantemente com \u00e1gua.<br \/>\nHavendo irrita\u00e7\u00e3o suspenda o uso.<br \/>\nCaso a irrita\u00e7\u00e3o persistir, procure orienta\u00e7\u00e3o m\u00e9dica.<br \/>\nConservar ao abrigo da luz e do calor excessivo.<\/p>\n<\/div>\n<div class=\"botaoFechar\"><\/div>\n","protected":false},"excerpt":{"rendered":"<h1><span style=\"color: #c204cc\">NO PIX R$8,49<\/span><\/h1>\n","protected":false},"featured_media":2500,"comment_status":"open","ping_status":"closed","template":"","meta":[],"product_cat":[37],"product_tag":[],"class_list":{"0":"post-2497","1":"product","2":"type-product","3":"status-publish","4":"has-post-thumbnail","6":"product_cat-cosmeticos-e-comestiveis","8":"first","9":"instock","10":"sale","11":"shipping-taxable","12":"purchasable","13":"product-type-simple"},"group_of_quantity":0,"min_quantity":0,"max_quantity":"","exclude_order_quantity_value_rules":"no","exclude_category_quantity_rules":"no","combine_variations":"no","_links":{"self":[{"href":"https:\/\/sorvetequente.com.br\/loja\/wp-json\/wp\/v2\/product\/2497","targetHints":{"allow":["GET"]}}],"collection":[{"href":"https:\/\/sorvetequente.com.br\/loja\/wp-json\/wp\/v2\/product"}],"about":[{"href":"https:\/\/sorvetequente.com.br\/loja\/wp-json\/wp\/v2\/types\/product"}],"replies":[{"embeddable":true,"href":"https:\/\/sorvetequente.com.br\/loja\/wp-json\/wp\/v2\/comments?post=2497"}],"wp:featuredmedia":[{"embeddable":true,"href":"https:\/\/sorvetequente.com.br\/loja\/wp-json\/wp\/v2\/media\/2500"}],"wp:attachment":[{"href":"https:\/\/sorvetequente.com.br\/loja\/wp-json\/wp\/v2\/media?parent=2497"}],"wp:term":[{"taxonomy":"product_cat","embeddable":true,"href":"https:\/\/sorvetequente.com.br\/loja\/wp-json\/wp\/v2\/product_cat?post=2497"},{"taxonomy":"product_tag","embeddable":true,"href":"https:\/\/sorvetequente.com.br\/loja\/wp-json\/wp\/v2\/product_tag?post=2497"}],"curies":[{"name":"wp","href":"https:\/\/api.w.org\/{rel}","templated":true}]}}