{"id":2481,"date":"2023-09-24T14:21:42","date_gmt":"2023-09-24T17:21:42","guid":{"rendered":"https:\/\/sorvetequente.com.br\/loja\/?post_type=product&#038;p=2481"},"modified":"2026-04-03T19:18:29","modified_gmt":"2026-04-03T22:18:29","slug":"m-excity-lubrificante-diversidade-50g-pepper-blend","status":"publish","type":"product","link":"https:\/\/sorvetequente.com.br\/loja\/product\/m-excity-lubrificante-diversidade-50g-pepper-blend\/","title":{"rendered":"M EXCITY LUBRIFICANTE DIVERSIDADE 50G PEPPER BLEND"},"content":{"rendered":"<p>M EXCITY LUBRIFICANTE DIVERSIDADE 50G PEPPER BLEND<\/p>\n<p>M Excity lubrificante diversidade \u00e9 um dos lan\u00e7amentos da Pepper Blend que promete tornar uma simples massagem em um momento empolgante e perfeito para aprofundar a intimidade do casal.<br \/>\nO gel de tem um poder alto lubrificante e conta com um delicioso aroma de ma\u00e7a do amor que deixar\u00e1 o momento prop\u00edcio a muitas car\u00edcias.<\/p>\n<p>*Lubrifica\u00e7\u00e3o;<br \/>\n*Aromatizante;<br \/>\n*Unissex;<br \/>\n*Testado dermatol\u00f3gicamente;<\/p>\n<p>Cont\u00e9m 50g.<\/p>\n<p>Modo de uso:<br \/>\nAplicar na ponta dos dedos a quantidade que desejar e aplicar no local \u00edntimo massageando levemente.<\/p>\n<p>Precau\u00e7\u00f5es:<br \/>\nManter fora do alcance de crian\u00e7as e fora do abrigo da luz e calor.<br \/>\nA qualquer sinal de irrita\u00e7\u00e3o, suspender o uso.<br \/>\nN\u00e3o aplicar em regi\u00f5es machuadas ou dilaceradas.<\/p>\n<p>COMPOSI\u00c7\u00c3O:<br \/>\n\u00c1gua, Glicerina, Aroma de Caju e Catuaba, Aroma de Ma\u00e7\u00e3 do Amor, Aroma de Menta, Catuaba e Ginseng, Arginina, Conservantes Benzoato de S\u00f3dio e Sorbato de Pot\u00e1ssio, Espessante Goma Xantana, Corante Vermelho II e Corante Azul II.<\/p>\n","protected":false},"excerpt":{"rendered":"<h1><span style=\"color: #ff00ff\"><strong>NO PIX R$7,99<\/strong><\/span><\/h1>\n","protected":false},"featured_media":2482,"comment_status":"open","ping_status":"closed","template":"","meta":[],"product_cat":[37,75,19],"product_tag":[],"class_list":{"0":"post-2481","1":"product","2":"type-product","3":"status-publish","4":"has-post-thumbnail","6":"product_cat-cosmeticos-e-comestiveis","7":"product_cat-lubrificantes","8":"product_cat-novidades","10":"first","11":"instock","12":"sale","13":"shipping-taxable","14":"purchasable","15":"product-type-simple"},"group_of_quantity":0,"min_quantity":0,"max_quantity":"","exclude_order_quantity_value_rules":"no","exclude_category_quantity_rules":"no","combine_variations":"no","_links":{"self":[{"href":"https:\/\/sorvetequente.com.br\/loja\/wp-json\/wp\/v2\/product\/2481","targetHints":{"allow":["GET"]}}],"collection":[{"href":"https:\/\/sorvetequente.com.br\/loja\/wp-json\/wp\/v2\/product"}],"about":[{"href":"https:\/\/sorvetequente.com.br\/loja\/wp-json\/wp\/v2\/types\/product"}],"replies":[{"embeddable":true,"href":"https:\/\/sorvetequente.com.br\/loja\/wp-json\/wp\/v2\/comments?post=2481"}],"wp:featuredmedia":[{"embeddable":true,"href":"https:\/\/sorvetequente.com.br\/loja\/wp-json\/wp\/v2\/media\/2482"}],"wp:attachment":[{"href":"https:\/\/sorvetequente.com.br\/loja\/wp-json\/wp\/v2\/media?parent=2481"}],"wp:term":[{"taxonomy":"product_cat","embeddable":true,"href":"https:\/\/sorvetequente.com.br\/loja\/wp-json\/wp\/v2\/product_cat?post=2481"},{"taxonomy":"product_tag","embeddable":true,"href":"https:\/\/sorvetequente.com.br\/loja\/wp-json\/wp\/v2\/product_tag?post=2481"}],"curies":[{"name":"wp","href":"https:\/\/api.w.org\/{rel}","templated":true}]}}