{"id":2332,"date":"2023-05-31T14:01:03","date_gmt":"2023-05-31T17:01:03","guid":{"rendered":"https:\/\/sorvetequente.com.br\/loja\/?post_type=product&#038;p=2332"},"modified":"2025-10-02T14:10:37","modified_gmt":"2025-10-02T17:10:37","slug":"cartela-de-tatuagem-adesiva-15-x-10-sedux-neon","status":"publish","type":"product","link":"https:\/\/sorvetequente.com.br\/loja\/product\/cartela-de-tatuagem-adesiva-15-x-10-sedux-neon\/","title":{"rendered":"CARTELA DE TATUAGEM ADESIVA 15 x 10 SEDUX NEON"},"content":{"rendered":"<p>A\u00a0<strong>Sedux\u00a0<\/strong>n\u00e3o ficou de fora e\u00a0<strong>inovou\u00a0<\/strong>em suas\u00a0<strong>tatuagens tempor\u00e1rias em NEON<\/strong>, com frases\u00a0<strong>quentes\u00a0<\/strong>e cores vibrantes elas chamam a aten\u00e7\u00e3o de quem olha, tornando o momento a dois mais criativo e cheio de\u00a0<strong>tes\u00e3o<\/strong>, trazendo mais divertimento para as\u00a0<strong>preliminares<\/strong><\/p>\n<h3><strong>Como usar a Cartela de Tatuagens<\/strong><\/h3>\n<p>Abuse da criatividade e aposte em lingeries\u00a0<a href=\"https:\/\/www.miess.com.br\/neon\" target=\"_blank\" rel=\"noopener\">neon<\/a>\u00a0dispon\u00edveis em nosso site, criando um look\u00a0<strong>descontra\u00eddo\u00a0<\/strong>e fazendo da sua noite uma verdadeira festa.<br \/>\nDeixe o ambiente escuro, e use uma lanterna de luz negra para fazer um\u00a0<strong>strip tease<\/strong>\u00a0e destacar a\u00a0<strong>tatuagem\u00a0<\/strong>e pontos de sua lingerie. Aproveite a noite<\/p>\n<p><strong>Quais os benef\u00edcios da Sexy Tatoo<\/strong><\/p>\n<p>\u2022 Criatividade;<\/p>\n<p>\u2022 Remov\u00edvel;<\/p>\n<p>\u2022 Sem dor;<\/p>\n<p>\u2022 Sexo divertido<\/p>\n<p><strong>Ficha T\u00e9cnica<\/strong><\/p>\n<p>\u2022\u00a0<strong>Cont\u00e9m:<\/strong>\u00a001 Cartela<\/p>\n<p>\u2022\u00a0<strong>Tamanho<\/strong>: 15 cm de comprimento e 10 cm de espessura (medidas aproximadas);<\/p>\n<p>\u2022\u00a0<strong>Validade:<\/strong>\u00a03 anos<\/p>\n<p>\u2022\u00a0<strong>Embalagem:<\/strong>\u00a0Pl\u00e1stic<\/p>\n<p><strong>Qual a composi\u00e7\u00e3o da Cartela?<\/strong><br \/>\nAs cartelas de tatuagens da Sedux s\u00e3o compostas por papel, impress\u00e3o at\u00f3xica e cobertura<\/p>\n<p><strong>Como colar os adesivos no corpo<\/strong><\/p>\n<p>Com a pele limpa e seca, recorte a tatuagem que ir\u00e1 utilizar, remova a prote\u00e7\u00e3o pl\u00e1stica, umede\u00e7a a parte de tr\u00e1s do papel com uma toalha ou esponja, pressione o papel at\u00e9 que ele solte, retire com cuidado e pronto, sua tatuagem tempor\u00e1ria j\u00e1 est\u00e1 fixada na pele e o melhor, sem dor<\/p>\n<p><strong>Como remover as tatuagens tempor\u00e1rias<\/strong><\/p>\n<p>Para remover a tatuagem, utilize uma toalha, esponja ou at\u00e9 mesmo o algod\u00e3o, passe \u00e1lcool gel sobre a regi\u00e3o e esfregue com cuidado e sem a necessidade de for\u00e7a, em seguida o adesivo vai perder a fixa\u00e7\u00e3o sob a pele e sair com facilidade<\/p>\n<p><strong>Quais cuidados e precau\u00e7\u00f5es preciso ter ao aplicar a tatuagem<\/strong><\/p>\n<p>\u2022 Sempre fa\u00e7a a higieniza\u00e7\u00e3o, antes e depois do uso;<\/p>\n<p>\u2022 Produto destinado para maiores de 18 anos;<\/p>\n<p>\u2022 N\u00e3o recomendado para crian\u00e7as menores de 3 anos por conter partes pequenas que podem ser engolidas;<\/p>\n<p>\u2022 N\u00e3o expor o produto a temperatura superior a 50\u00baC;<\/p>\n<p>\u2022 Remova a tatuagem adesiva com \u00e1lcool em gel;<\/p>\n<p>\u2022 Zonas inflamadas, inchadas ou pele com lacera\u00e7\u00f5es, n\u00e3o utilizar o produto, pois pode ocorrer agravamento de patologias j\u00e1 existentes ou les\u00f5es<\/p>\n","protected":false},"excerpt":{"rendered":"<h1><span style=\"color: #ff00ff\">NO PIX R$7,86<\/span><\/h1>\n","protected":false},"featured_media":2333,"comment_status":"open","ping_status":"closed","template":"","meta":[],"product_cat":[23],"product_tag":[],"class_list":{"0":"post-2332","1":"product","2":"type-product","3":"status-publish","4":"has-post-thumbnail","6":"product_cat-acessorios","8":"first","9":"instock","10":"sale","11":"shipping-taxable","12":"purchasable","13":"product-type-simple"},"group_of_quantity":0,"min_quantity":0,"max_quantity":"","exclude_order_quantity_value_rules":"no","exclude_category_quantity_rules":"no","combine_variations":"no","_links":{"self":[{"href":"https:\/\/sorvetequente.com.br\/loja\/wp-json\/wp\/v2\/product\/2332","targetHints":{"allow":["GET"]}}],"collection":[{"href":"https:\/\/sorvetequente.com.br\/loja\/wp-json\/wp\/v2\/product"}],"about":[{"href":"https:\/\/sorvetequente.com.br\/loja\/wp-json\/wp\/v2\/types\/product"}],"replies":[{"embeddable":true,"href":"https:\/\/sorvetequente.com.br\/loja\/wp-json\/wp\/v2\/comments?post=2332"}],"wp:featuredmedia":[{"embeddable":true,"href":"https:\/\/sorvetequente.com.br\/loja\/wp-json\/wp\/v2\/media\/2333"}],"wp:attachment":[{"href":"https:\/\/sorvetequente.com.br\/loja\/wp-json\/wp\/v2\/media?parent=2332"}],"wp:term":[{"taxonomy":"product_cat","embeddable":true,"href":"https:\/\/sorvetequente.com.br\/loja\/wp-json\/wp\/v2\/product_cat?post=2332"},{"taxonomy":"product_tag","embeddable":true,"href":"https:\/\/sorvetequente.com.br\/loja\/wp-json\/wp\/v2\/product_tag?post=2332"}],"curies":[{"name":"wp","href":"https:\/\/api.w.org\/{rel}","templated":true}]}}