{"id":2120,"date":"2023-05-30T14:15:25","date_gmt":"2023-05-30T17:15:25","guid":{"rendered":"https:\/\/sorvetequente.com.br\/loja\/?post_type=product&#038;p=2120"},"modified":"2025-10-17T15:23:45","modified_gmt":"2025-10-17T18:23:45","slug":"fantasia-mini-diabinha-pimenta-sexy","status":"publish","type":"product","link":"https:\/\/sorvetequente.com.br\/loja\/product\/fantasia-mini-diabinha-pimenta-sexy\/","title":{"rendered":"FANTASIA MINI DIABINHA &#8211; PIMENTA SEXY"},"content":{"rendered":"<p>Kit Mini Diabinha confeccionada em tully com ajustes laterais.<\/p>\n<p>Tamanho \u00danico: Veste do 36 ao 44.<\/p>\n<p>01 Fio dental de amarrar na lateral com rabinho em pel\u00facia<br \/>\n01 Top de amarrar<br \/>\n01 Acess\u00f3rio de cabe\u00e7a com orelhinhas em pel\u00facia<\/p>\n<p>Obs: N\u00e3o Acompanha Perneira.<\/p>\n","protected":false},"excerpt":{"rendered":"<h1><span style=\"color: #ff00ff\">NO PIX R$16,99<\/span><\/h1>\n","protected":false},"featured_media":2122,"comment_status":"open","ping_status":"closed","template":"","meta":[],"product_cat":[35],"product_tag":[],"class_list":{"0":"post-2120","1":"product","2":"type-product","3":"status-publish","4":"has-post-thumbnail","6":"product_cat-fantasias","8":"first","9":"instock","10":"sale","11":"shipping-taxable","12":"purchasable","13":"product-type-simple"},"group_of_quantity":0,"min_quantity":0,"max_quantity":"","exclude_order_quantity_value_rules":"no","exclude_category_quantity_rules":"no","combine_variations":"no","_links":{"self":[{"href":"https:\/\/sorvetequente.com.br\/loja\/wp-json\/wp\/v2\/product\/2120","targetHints":{"allow":["GET"]}}],"collection":[{"href":"https:\/\/sorvetequente.com.br\/loja\/wp-json\/wp\/v2\/product"}],"about":[{"href":"https:\/\/sorvetequente.com.br\/loja\/wp-json\/wp\/v2\/types\/product"}],"replies":[{"embeddable":true,"href":"https:\/\/sorvetequente.com.br\/loja\/wp-json\/wp\/v2\/comments?post=2120"}],"wp:featuredmedia":[{"embeddable":true,"href":"https:\/\/sorvetequente.com.br\/loja\/wp-json\/wp\/v2\/media\/2122"}],"wp:attachment":[{"href":"https:\/\/sorvetequente.com.br\/loja\/wp-json\/wp\/v2\/media?parent=2120"}],"wp:term":[{"taxonomy":"product_cat","embeddable":true,"href":"https:\/\/sorvetequente.com.br\/loja\/wp-json\/wp\/v2\/product_cat?post=2120"},{"taxonomy":"product_tag","embeddable":true,"href":"https:\/\/sorvetequente.com.br\/loja\/wp-json\/wp\/v2\/product_tag?post=2120"}],"curies":[{"name":"wp","href":"https:\/\/api.w.org\/{rel}","templated":true}]}}