{"id":2112,"date":"2023-05-30T14:02:49","date_gmt":"2023-05-30T17:02:49","guid":{"rendered":"https:\/\/sorvetequente.com.br\/loja\/?post_type=product&#038;p=2112"},"modified":"2024-06-30T21:22:53","modified_gmt":"2024-07-01T00:22:53","slug":"fantasia-mini-gatinha-ii-plus-size-pimenta","status":"publish","type":"product","link":"https:\/\/sorvetequente.com.br\/loja\/product\/fantasia-mini-gatinha-ii-plus-size-pimenta\/","title":{"rendered":"FANTASIA MINI GATINHA II PLUS SIZE PIMENTA"},"content":{"rendered":"<p style=\"text-align: left\">Kit Mini Gatinha Body Plus Size, confeccionado em material sint\u00e9tico, cont\u00e9m body com rabo em pel\u00facia e tiara!!<\/p>\n<p>Tamanho \u00danico: veste 46.<\/p>\n","protected":false},"excerpt":{"rendered":"<h1><span style=\"color: #ff00ff\">NO PIX R$18,49<\/span><\/h1>\n","protected":false},"featured_media":2113,"comment_status":"open","ping_status":"closed","template":"","meta":[],"product_cat":[35,180],"product_tag":[],"class_list":{"0":"post-2112","1":"product","2":"type-product","3":"status-publish","4":"has-post-thumbnail","6":"product_cat-fantasias","7":"product_cat-plus-size","9":"first","10":"instock","11":"sale","12":"shipping-taxable","13":"purchasable","14":"product-type-simple"},"group_of_quantity":0,"min_quantity":0,"max_quantity":"","exclude_order_quantity_value_rules":"no","exclude_category_quantity_rules":"no","combine_variations":"no","_links":{"self":[{"href":"https:\/\/sorvetequente.com.br\/loja\/wp-json\/wp\/v2\/product\/2112","targetHints":{"allow":["GET"]}}],"collection":[{"href":"https:\/\/sorvetequente.com.br\/loja\/wp-json\/wp\/v2\/product"}],"about":[{"href":"https:\/\/sorvetequente.com.br\/loja\/wp-json\/wp\/v2\/types\/product"}],"replies":[{"embeddable":true,"href":"https:\/\/sorvetequente.com.br\/loja\/wp-json\/wp\/v2\/comments?post=2112"}],"wp:featuredmedia":[{"embeddable":true,"href":"https:\/\/sorvetequente.com.br\/loja\/wp-json\/wp\/v2\/media\/2113"}],"wp:attachment":[{"href":"https:\/\/sorvetequente.com.br\/loja\/wp-json\/wp\/v2\/media?parent=2112"}],"wp:term":[{"taxonomy":"product_cat","embeddable":true,"href":"https:\/\/sorvetequente.com.br\/loja\/wp-json\/wp\/v2\/product_cat?post=2112"},{"taxonomy":"product_tag","embeddable":true,"href":"https:\/\/sorvetequente.com.br\/loja\/wp-json\/wp\/v2\/product_tag?post=2112"}],"curies":[{"name":"wp","href":"https:\/\/api.w.org\/{rel}","templated":true}]}}