{"id":2097,"date":"2023-05-30T13:44:59","date_gmt":"2023-05-30T16:44:59","guid":{"rendered":"https:\/\/sorvetequente.com.br\/loja\/?post_type=product&#038;p=2097"},"modified":"2025-01-17T22:54:39","modified_gmt":"2025-01-18T01:54:39","slug":"mini-fantasia-body-enfermeira-hot","status":"publish","type":"product","link":"https:\/\/sorvetequente.com.br\/loja\/product\/mini-fantasia-body-enfermeira-hot\/","title":{"rendered":"Fantasia Body enfermeira hot"},"content":{"rendered":"<p>Tamanho \u00danico (veste do 36 ao 42)<\/p>\n<p>Modo de Lavagem:<br \/>\nLavar a m\u00e3o, n\u00e3o usar cloro, n\u00e3o usar tambor rotativo, n\u00e3o passar ou utilizar vaporiza\u00e7\u00e3o, n\u00e3o limpar \u00e0 seco, limpeza a \u00famido Pro Normal. Esque\u00e7a as temperaturas acima de 40\u00baC, pois a m\u00e1quina de lavar pode deformar e at\u00e9 desfiar as belas rendas. J\u00e1 a \u00e1gua muito quente pode modificar a cor das suas pe\u00e7as, o que resulta num aspecto encardido.<\/p>\n<p>Como secar:<br \/>\nQuando for secar sua lingerie, aconselhamos a temperatura ambiente, evite a m\u00e1quina de secar tamb\u00e9m, as rendas com Lycra ficam deformadas se forem secadas em secadoras. Ent\u00e3o, espere que elas sequem naturalmente a sombra, pois o sol desbota a cor e es<\/p>\n","protected":false},"excerpt":{"rendered":"<h1><span style=\"color: #ff00ff\">NO PIX R$12,99<\/span><\/h1>\n","protected":false},"featured_media":2096,"comment_status":"open","ping_status":"closed","template":"","meta":[],"product_cat":[34],"product_tag":[],"class_list":{"0":"post-2097","1":"product","2":"type-product","3":"status-publish","4":"has-post-thumbnail","6":"product_cat-lingeries","8":"first","9":"instock","10":"sale","11":"shipping-taxable","12":"purchasable","13":"product-type-simple"},"group_of_quantity":0,"min_quantity":0,"max_quantity":"","exclude_order_quantity_value_rules":"no","exclude_category_quantity_rules":"no","combine_variations":"no","_links":{"self":[{"href":"https:\/\/sorvetequente.com.br\/loja\/wp-json\/wp\/v2\/product\/2097","targetHints":{"allow":["GET"]}}],"collection":[{"href":"https:\/\/sorvetequente.com.br\/loja\/wp-json\/wp\/v2\/product"}],"about":[{"href":"https:\/\/sorvetequente.com.br\/loja\/wp-json\/wp\/v2\/types\/product"}],"replies":[{"embeddable":true,"href":"https:\/\/sorvetequente.com.br\/loja\/wp-json\/wp\/v2\/comments?post=2097"}],"wp:featuredmedia":[{"embeddable":true,"href":"https:\/\/sorvetequente.com.br\/loja\/wp-json\/wp\/v2\/media\/2096"}],"wp:attachment":[{"href":"https:\/\/sorvetequente.com.br\/loja\/wp-json\/wp\/v2\/media?parent=2097"}],"wp:term":[{"taxonomy":"product_cat","embeddable":true,"href":"https:\/\/sorvetequente.com.br\/loja\/wp-json\/wp\/v2\/product_cat?post=2097"},{"taxonomy":"product_tag","embeddable":true,"href":"https:\/\/sorvetequente.com.br\/loja\/wp-json\/wp\/v2\/product_tag?post=2097"}],"curies":[{"name":"wp","href":"https:\/\/api.w.org\/{rel}","templated":true}]}}